{"id":2626,"date":"2021-12-21T08:36:54","date_gmt":"2021-12-21T07:36:54","guid":{"rendered":"https:\/\/www.zwienenberg-horsefeed.com\/ueber-uns\/"},"modified":"2025-06-18T14:35:31","modified_gmt":"2025-06-18T12:35:31","slug":"ueber-uns","status":"publish","type":"page","link":"https:\/\/www.zwienenberg-horsefeed.com\/de\/ueber-uns\/","title":{"rendered":"\u00dcber uns"},"content":{"rendered":"<p>Mein Name ist Tony Zwienenberg, Inhaber von Zwienenberg-Horsefeed. Zwienenberg-Horsefeed ist eines der \u00e4ltesten Verkaufs-\/H\u00e4ndlerunternehmen von Pavo und vertreibt ausschlie\u00dflich Pavo-Produkte, wobei es seinen Kunden einen umfassenden Service bietet.<\/p><p>Dar\u00fcber hinaus k\u00f6nnen wir Sie bei den gesetzlichen Vorschriften und Regularien unterst\u00fctzen, mit denen Sie als professioneller Pferdehalter konfrontiert sind. Neben der Beratung haben wir eine einzigartige App namens PaReg entwickelt, die sich auf Ihre RVO-Registrierung bezieht.<\/p><p>\u201eAls professioneller Pferdebetrieb sind Sie stets auf der Suche nach hochwertigen Produkten, um Ihre Betriebsf\u00fchrung zu optimieren. Neben der Qualit\u00e4t dieser Produkte ist auch ein exzellenter, z\u00fcgiger Service sowie eine kompetente Begleitung hinsichtlich gesetzlicher Bestimmungen und Regularien erforderlich. Aus diesem Grund haben Pavo und Zwienenberg Horse Feed ihre Kompetenzen zu einem einzigartigen Paket geb\u00fcndelt, in dem die hochwertigen Siloprodukte von Pavo mit dem herausragenden Serviceniveau und der zuverl\u00e4ssigen Lieferung von Zwienenberg Horsefeed kombiniert werden. Das Pavo-Bulkfutter wird den Kunden in exklusiven Silofahrzeugen geliefert, wobei unsere festen Fahrer stets gern gesehen sind\u201c, erl\u00e4utert Tony Zwienenberg.<\/p><figure class=\"wp-block-image size-large\"><a href=\"https:\/\/www.zwienenberg-horsefeed.com\/wp-content\/uploads\/2022\/09\/image001-1024x577.jpg\"><img fetchpriority=\"high\" decoding=\"async\" width=\"1024\" height=\"577\" src=\"https:\/\/www.zwienenberg-horsefeed.com\/wp-content\/uploads\/2022\/09\/image001-1024x577.jpg\" alt=\"\" class=\"wp-image-1967\" srcset=\"https:\/\/www.zwienenberg-horsefeed.com\/wp-content\/uploads\/2022\/09\/image001-1024x577.jpg 1024w, https:\/\/www.zwienenberg-horsefeed.com\/wp-content\/uploads\/2022\/09\/image001-300x169.jpg 300w, https:\/\/www.zwienenberg-horsefeed.com\/wp-content\/uploads\/2022\/09\/image001-768x432.jpg 768w, https:\/\/www.zwienenberg-horsefeed.com\/wp-content\/uploads\/2022\/09\/image001-1536x865.jpg 1536w, https:\/\/www.zwienenberg-horsefeed.com\/wp-content\/uploads\/2022\/09\/image001-600x338.jpg 600w, https:\/\/www.zwienenberg-horsefeed.com\/wp-content\/uploads\/2022\/09\/image001.jpg 2048w\" sizes=\"(max-width: 1024px) 100vw, 1024px\" \/><\/a><\/figure>","protected":false},"excerpt":{"rendered":"<p>Mein Name ist Tony Zwienenberg, Inhaber von Zwienenberg-Horsefeed. Zwienenberg-Horsefeed ist eines der \u00e4ltesten Verkaufs-\/H\u00e4ndlerunternehmen von Pavo und vertreibt ausschlie\u00dflich Pavo-Produkte, wobei es seinen Kunden einen umfassenden Service bietet. Dar\u00fcber hinaus k\u00f6nnen wir Sie bei den gesetzlichen Vorschriften und Regularien unterst\u00fctzen, mit denen Sie als professioneller Pferdehalter konfrontiert sind. Neben der Beratung haben wir eine einzigartige [&hellip;]<\/p>\n","protected":false},"author":1,"featured_media":0,"parent":0,"menu_order":0,"comment_status":"closed","ping_status":"closed","template":"","meta":{"inline_featured_image":false,"site-sidebar-layout":"default","site-content-layout":"","ast-site-content-layout":"default","site-content-style":"default","site-sidebar-style":"default","ast-global-header-display":"","ast-banner-title-visibility":"","ast-main-header-display":"","ast-hfb-above-header-display":"","ast-hfb-below-header-display":"","ast-hfb-mobile-header-display":"","site-post-title":"","ast-breadcrumbs-content":"","ast-featured-img":"","footer-sml-layout":"","theme-transparent-header-meta":"","adv-header-id-meta":"","stick-header-meta":"","header-above-stick-meta":"","header-main-stick-meta":"","header-below-stick-meta":"","astra-migrate-meta-layouts":"default","ast-page-background-enabled":"default","ast-page-background-meta":{"desktop":{"background-color":"var(--ast-global-color-4)","background-image":"","background-repeat":"repeat","background-position":"center center","background-size":"auto","background-attachment":"scroll","background-type":"","background-media":"","overlay-type":"","overlay-color":"","overlay-opacity":"","overlay-gradient":""},"tablet":{"background-color":"","background-image":"","background-repeat":"repeat","background-position":"center center","background-size":"auto","background-attachment":"scroll","background-type":"","background-media":"","overlay-type":"","overlay-color":"","overlay-opacity":"","overlay-gradient":""},"mobile":{"background-color":"","background-image":"","background-repeat":"repeat","background-position":"center center","background-size":"auto","background-attachment":"scroll","background-type":"","background-media":"","overlay-type":"","overlay-color":"","overlay-opacity":"","overlay-gradient":""}},"ast-content-background-meta":{"desktop":{"background-color":"var(--ast-global-color-5)","background-image":"","background-repeat":"repeat","background-position":"center center","background-size":"auto","background-attachment":"scroll","background-type":"","background-media":"","overlay-type":"","overlay-color":"","overlay-opacity":"","overlay-gradient":""},"tablet":{"background-color":"var(--ast-global-color-5)","background-image":"","background-repeat":"repeat","background-position":"center center","background-size":"auto","background-attachment":"scroll","background-type":"","background-media":"","overlay-type":"","overlay-color":"","overlay-opacity":"","overlay-gradient":""},"mobile":{"background-color":"var(--ast-global-color-5)","background-image":"","background-repeat":"repeat","background-position":"center center","background-size":"auto","background-attachment":"scroll","background-type":"","background-media":"","overlay-type":"","overlay-color":"","overlay-opacity":"","overlay-gradient":""}},"footnotes":""},"class_list":["post-2626","page","type-page","status-publish","hentry"],"_links":{"self":[{"href":"https:\/\/www.zwienenberg-horsefeed.com\/de\/wp-json\/wp\/v2\/pages\/2626","targetHints":{"allow":["GET"]}}],"collection":[{"href":"https:\/\/www.zwienenberg-horsefeed.com\/de\/wp-json\/wp\/v2\/pages"}],"about":[{"href":"https:\/\/www.zwienenberg-horsefeed.com\/de\/wp-json\/wp\/v2\/types\/page"}],"author":[{"embeddable":true,"href":"https:\/\/www.zwienenberg-horsefeed.com\/de\/wp-json\/wp\/v2\/users\/1"}],"replies":[{"embeddable":true,"href":"https:\/\/www.zwienenberg-horsefeed.com\/de\/wp-json\/wp\/v2\/comments?post=2626"}],"version-history":[{"count":1,"href":"https:\/\/www.zwienenberg-horsefeed.com\/de\/wp-json\/wp\/v2\/pages\/2626\/revisions"}],"predecessor-version":[{"id":2627,"href":"https:\/\/www.zwienenberg-horsefeed.com\/de\/wp-json\/wp\/v2\/pages\/2626\/revisions\/2627"}],"wp:attachment":[{"href":"https:\/\/www.zwienenberg-horsefeed.com\/de\/wp-json\/wp\/v2\/media?parent=2626"}],"curies":[{"name":"wp","href":"https:\/\/api.w.org\/{rel}","templated":true}]}}