{"id":3003,"date":"2021-11-29T13:44:30","date_gmt":"2021-11-29T12:44:30","guid":{"rendered":"https:\/\/www.zwienenberg-horsefeed.com\/datenschutzerklaerung\/"},"modified":"2025-06-18T14:42:56","modified_gmt":"2025-06-18T12:42:56","slug":"datenschutzerklaerung","status":"publish","type":"page","link":"https:\/\/www.zwienenberg-horsefeed.com\/de\/datenschutzerklaerung\/","title":{"rendered":"Datenschutzerkl\u00e4rung"},"content":{"rendered":"<h2 class=\"wp-block-heading\">Wer wir sind<\/h2><p><strong class=\"privacy-policy-tutorial\">Textvorschlag: <\/strong>Die Adresse unserer Website lautet: https:\/\/www.zwienenberg-horsefeed.com.<\/p><h2 class=\"wp-block-heading\">Kommentare<\/h2><p><strong class=\"privacy-policy-tutorial\">Textvorschlag: <\/strong>Wenn Besucher Kommentare auf der Website verfassen, erfassen wir die im Kommentarformular angezeigten Daten sowie die IP-Adresse des Besuchers und den User-Agent-String (zur Identifizierung des Browsers), um die Erkennung von Spam zu unterst\u00fctzen.<\/p><p>Aus Ihrer E-Mail-Adresse kann eine anonymisierte Zeichenfolge (auch als Hash bezeichnet) erstellt und dem Gravatar-Dienst \u00fcbermittelt werden, um zu \u00fcberpr\u00fcfen, ob Sie diesen nutzen. Die Datenschutzerkl\u00e4rung des Gravatar-Dienstes finden Sie hier: https:\/\/automattic.com\/privacy\/. Nach Freigabe Ihres Kommentars ist Ihr Profilbild \u00f6ffentlich im Kontext Ihres Kommentars sichtbar.<\/p><h2 class=\"wp-block-heading\">Medien<\/h2><p><strong class=\"privacy-policy-tutorial\">Textvorschlag: <\/strong>Sofern Sie ein registrierter Benutzer sind und Fotos auf diese Website hochladen, sollten Sie davon absehen, Fotos mit eingebetteten EXIF-GPS-Standortdaten hochzuladen. Besucher dieser Website k\u00f6nnten Fotos, die auf dieser Website gespeichert sind, herunterladen und deren Standortinformationen extrahieren.<\/p><h2 class=\"wp-block-heading\">Cookies<\/h2><p><strong class=\"privacy-policy-tutorial\">Textvorschlag: <\/strong>Wenn Sie einen Kommentar auf unserer Website verfassen, kann dies eine Einwilligung darstellen, Ihren Namen, Ihre E-Mail-Adresse und Website in Cookies zu speichern. Dies ist eine Komfortfunktion, damit Sie nicht bei der Verfassung eines weiteren Kommentars all diese Daten erneut eingeben m\u00fcssen. Diese Cookies werden f\u00fcr die Dauer eines Jahres gespeichert.<\/p><p>Falls Sie \u00fcber ein Konto verf\u00fcgen und sich auf dieser Website anmelden, werden wir ein tempor\u00e4res Cookie setzen, um festzustellen, ob Ihr Browser Cookies akzeptiert. Dieses Cookie enth\u00e4lt keine personenbezogenen Daten und wird verworfen, wenn Sie Ihren Browser schlie\u00dfen.<\/p><p>Bei Ihrer Anmeldung werden wir mehrere Cookies einrichten, um Ihre Anmeldeinformationen und Anzeigeoptionen zu speichern. Anmelde-Cookies haben eine G\u00fcltigkeitsdauer von zwei Tagen, Cookies f\u00fcr Anzeigeoptionen von einem Jahr. Falls Sie bei der Anmeldung \u201eAngemeldet bleiben\u201c ausw\u00e4hlen, wird Ihre Anmeldung f\u00fcr zwei Wochen aufrechterhalten. Mit der Abmeldung aus Ihrem Konto werden die Anmelde-Cookies gel\u00f6scht.<\/p><p>Bei der Bearbeitung oder Ver\u00f6ffentlichung eines Artikels wird ein zus\u00e4tzlicher Cookie in Ihrem Browser gespeichert. Dieser Cookie enth\u00e4lt keine personenbezogenen Daten und verweist lediglich auf die Beitrags-ID des Artikels, den Sie gerade bearbeitet haben. Der Cookie verf\u00e4llt nach einem Tag.<\/p><h2 class=\"wp-block-heading\">Eingebettete Inhalte von anderen Websites<\/h2><p><strong class=\"privacy-policy-tutorial\">Textvorschlag: <\/strong>Beitr\u00e4ge auf dieser Website k\u00f6nnen eingebettete Inhalte beinhalten (z. B. Videos, Bilder, Beitr\u00e4ge etc.). Eingebettete Inhalte von anderen Websites verhalten sich exakt so, als ob der Besucher die andere Website besucht h\u00e4tte.<\/p><p>Diese Websites k\u00f6nnen Daten \u00fcber Sie sammeln, Cookies verwenden, zus\u00e4tzliche Tracking-Dienste von Dritten einbetten und Ihre Interaktion mit diesem eingebetteten Inhalt aufzeichnen, einschlie\u00dflich Ihrer Interaktion mit dem eingebetteten Inhalt, falls Sie \u00fcber ein Konto verf\u00fcgen und auf dieser Website angemeldet sind.<\/p><h2 class=\"wp-block-heading\">Mit wem wir Ihre Daten teilen<\/h2><p><strong class=\"privacy-policy-tutorial\">Textvorschlag: <\/strong>Wenn Sie eine Zur\u00fccksetzung des Passworts beantragen, wird Ihre IP-Adresse in der E-Mail zur Zur\u00fccksetzung enthalten sein.<\/p><h2 class=\"wp-block-heading\">Wie lange wir Ihre Daten speichern<\/h2><p><strong class=\"privacy-policy-tutorial\">Textvorschlag: <\/strong>Wenn Sie einen Kommentar verfassen, wird dieser inklusive Metadaten zeitlich unbegrenzt gespeichert. Auf diese Weise k\u00f6nnen wir Folgekommentare automatisch erkennen und freigeben, anstatt sie in einer Moderations-Warteschlange festzuhalten.<\/p><p>F\u00fcr Benutzer, die sich auf unserer Website registrieren, speichern wir zus\u00e4tzlich die pers\u00f6nlichen Informationen, die sie in ihren Benutzerprofilen angeben. Alle Benutzer k\u00f6nnen jederzeit ihre pers\u00f6nlichen Informationen einsehen, ver\u00e4ndern oder l\u00f6schen (der Benutzername kann nicht ver\u00e4ndert werden). Administratoren der Website k\u00f6nnen diese Informationen ebenfalls einsehen und ver\u00e4ndern.<\/p><h2 class=\"wp-block-heading\">Welche Rechte Sie an Ihren Daten haben<\/h2><p><strong class=\"privacy-policy-tutorial\">Textvorschlag: <\/strong>Wenn Sie \u00fcber ein Konto auf dieser Website verf\u00fcgen oder Kommentare verfasst haben, k\u00f6nnen Sie einen Export Ihrer personenbezogenen Daten bei uns anfordern, einschlie\u00dflich aller Daten, die Sie uns mitgeteilt haben. Dar\u00fcber hinaus k\u00f6nnen Sie die L\u00f6schung aller personenbezogenen Daten, die wir von Ihnen gespeichert haben, beantragen. Dies umfasst nicht die Daten, die wir aufgrund administrativer, rechtlicher oder sicherheitsrelevanter Notwendigkeiten aufbewahren m\u00fcssen.<\/p><h2 class=\"wp-block-heading\">Wohin wir Ihre Daten senden<\/h2><p><strong class=\"privacy-policy-tutorial\">Textvorschlag: <\/strong>Besucher-Kommentare k\u00f6nnten von einem automatisierten Dienst zur Spam-Erkennung untersucht werden.<\/p>","protected":false},"excerpt":{"rendered":"<p>Wer wir sind Textvorschlag: Die Adresse unserer Website lautet: https:\/\/www.zwienenberg-horsefeed.com. Kommentare Textvorschlag: Wenn Besucher Kommentare auf der Website verfassen, erfassen wir die im Kommentarformular angezeigten Daten sowie die IP-Adresse des Besuchers und den User-Agent-String (zur Identifizierung des Browsers), um die Erkennung von Spam zu unterst\u00fctzen. Aus Ihrer E-Mail-Adresse kann eine anonymisierte Zeichenfolge (auch als Hash [&hellip;]<\/p>\n","protected":false},"author":1,"featured_media":0,"parent":0,"menu_order":0,"comment_status":"closed","ping_status":"closed","template":"","meta":{"inline_featured_image":false,"site-sidebar-layout":"default","site-content-layout":"","ast-site-content-layout":"","site-content-style":"default","site-sidebar-style":"default","ast-global-header-display":"","ast-banner-title-visibility":"","ast-main-header-display":"","ast-hfb-above-header-display":"","ast-hfb-below-header-display":"","ast-hfb-mobile-header-display":"","site-post-title":"","ast-breadcrumbs-content":"","ast-featured-img":"","footer-sml-layout":"","theme-transparent-header-meta":"","adv-header-id-meta":"","stick-header-meta":"","header-above-stick-meta":"","header-main-stick-meta":"","header-below-stick-meta":"","astra-migrate-meta-layouts":"default","ast-page-background-enabled":"default","ast-page-background-meta":{"desktop":{"background-color":"var(--ast-global-color-4)","background-image":"","background-repeat":"repeat","background-position":"center center","background-size":"auto","background-attachment":"scroll","background-type":"","background-media":"","overlay-type":"","overlay-color":"","overlay-opacity":"","overlay-gradient":""},"tablet":{"background-color":"","background-image":"","background-repeat":"repeat","background-position":"center center","background-size":"auto","background-attachment":"scroll","background-type":"","background-media":"","overlay-type":"","overlay-color":"","overlay-opacity":"","overlay-gradient":""},"mobile":{"background-color":"","background-image":"","background-repeat":"repeat","background-position":"center center","background-size":"auto","background-attachment":"scroll","background-type":"","background-media":"","overlay-type":"","overlay-color":"","overlay-opacity":"","overlay-gradient":""}},"ast-content-background-meta":{"desktop":{"background-color":"var(--ast-global-color-5)","background-image":"","background-repeat":"repeat","background-position":"center center","background-size":"auto","background-attachment":"scroll","background-type":"","background-media":"","overlay-type":"","overlay-color":"","overlay-opacity":"","overlay-gradient":""},"tablet":{"background-color":"var(--ast-global-color-5)","background-image":"","background-repeat":"repeat","background-position":"center center","background-size":"auto","background-attachment":"scroll","background-type":"","background-media":"","overlay-type":"","overlay-color":"","overlay-opacity":"","overlay-gradient":""},"mobile":{"background-color":"var(--ast-global-color-5)","background-image":"","background-repeat":"repeat","background-position":"center center","background-size":"auto","background-attachment":"scroll","background-type":"","background-media":"","overlay-type":"","overlay-color":"","overlay-opacity":"","overlay-gradient":""}},"footnotes":""},"class_list":["post-3003","page","type-page","status-publish","hentry"],"_links":{"self":[{"href":"https:\/\/www.zwienenberg-horsefeed.com\/de\/wp-json\/wp\/v2\/pages\/3003","targetHints":{"allow":["GET"]}}],"collection":[{"href":"https:\/\/www.zwienenberg-horsefeed.com\/de\/wp-json\/wp\/v2\/pages"}],"about":[{"href":"https:\/\/www.zwienenberg-horsefeed.com\/de\/wp-json\/wp\/v2\/types\/page"}],"author":[{"embeddable":true,"href":"https:\/\/www.zwienenberg-horsefeed.com\/de\/wp-json\/wp\/v2\/users\/1"}],"replies":[{"embeddable":true,"href":"https:\/\/www.zwienenberg-horsefeed.com\/de\/wp-json\/wp\/v2\/comments?post=3003"}],"version-history":[{"count":1,"href":"https:\/\/www.zwienenberg-horsefeed.com\/de\/wp-json\/wp\/v2\/pages\/3003\/revisions"}],"predecessor-version":[{"id":3004,"href":"https:\/\/www.zwienenberg-horsefeed.com\/de\/wp-json\/wp\/v2\/pages\/3003\/revisions\/3004"}],"wp:attachment":[{"href":"https:\/\/www.zwienenberg-horsefeed.com\/de\/wp-json\/wp\/v2\/media?parent=3003"}],"curies":[{"name":"wp","href":"https:\/\/api.w.org\/{rel}","templated":true}]}}