{"id":2662,"date":"2021-12-31T08:10:26","date_gmt":"2021-12-31T07:10:26","guid":{"rendered":"https:\/\/www.zwienenberg-horsefeed.com\/product\/pavo-liga\/"},"modified":"2025-08-21T11:04:25","modified_gmt":"2025-08-21T09:04:25","slug":"pavo-liga","status":"publish","type":"product","link":"https:\/\/www.zwienenberg-horsefeed.com\/de\/product\/pavo-liga\/","title":{"rendered":"Pavo Liga"},"content":{"rendered":"<div class=\"column is-7\">\n<div class=\"content\">\n<div class=\"column is-7\">\n<div class=\"content\">\n<p><strong>\u00dcber Pavo Liga<\/strong><\/p>\n<p>Gen\u00fcgsame Pferderassen ben\u00f6tigen wenig Kraftfutter, haben jedoch einen hohen Bedarf an Vitaminen und Mineralstoffen. Speziell daf\u00fcr wurde Pavo Liga entwickelt.<\/p>\n<p>Pavo Liga enth\u00e4lt wenig Energie und Eiwei\u00df, aber doppelt so viele Vitamine und Mineralstoffe wie anderes energiearmes Kraftfutter. Betrachten Sie einmal die Gehalte an Vitaminen, Kupfer, Zink, Selen und nicht zu vergessen Biotin. Die Spurenelemente in diesem Produkt sind organisch gebunden f\u00fcr eine besonders gute Verdaulichkeit. Pavo Liga ist alles, was gen\u00fcgsame Pferde f\u00fcr eine gute Gesundheit, ein gl\u00e4nzendes Fell und starke Hufe ben\u00f6tigen.<\/p>\n<\/div>\n<\/div>\n<div class=\"column is-5\">\n<h2>Wichtige Eigenschaften<\/h2>\n<div class=\"content\">\n<ul>\n<li>Doppelte Menge an Vitaminen und Mineralstoffen pro Kilogramm Kraftfutter<\/li>\n<li>Niedriger Energiewert<\/li>\n<li>Zus\u00e4tzliches Kupfer, Zink, Selen und Biotin<\/li>\n<li>Spurenelemente in gut aufnehmbarer organischer Form<\/li>\n<\/ul>\n<\/div>\n<h2>Anwendung<\/h2>\n<div class=\"content\">\n<ul>\n<li>Alle gen\u00fcgsamen Pferde- und Ponyrassen<\/li>\n<li>F\u00fcr Pferde, die wenig Kraftfutter erhalten\/ben\u00f6tigen<\/li>\n<\/ul>\n<\/div>\n<\/div>\n<\/div>\n<\/div>\n","protected":false},"excerpt":{"rendered":"<ul>\n<li><span title=\"F\u00fcr gen\u00fcgsame Pferde und Ponys\">F\u00fcr gen\u00fcgsame Pferde und Ponys<\/span><\/li>\n<li><span title=\"H\u00f6herer Vitamin- und Mineralstoffgehalt pro kg\">H\u00f6herer Vitamin- und Mineralstoffgehalt pro kg<\/span><\/li>\n<li><span title=\"Zus\u00e4tzliches Kupfer, Zink, Selen und Biotin\">Zus\u00e4tzliches Kupfer, Zink, Selen und Biotin<\/span><\/li>\n<\/ul>\n","protected":false},"featured_media":2549,"template":"","meta":{"inline_featured_image":false,"site-sidebar-layout":"default","site-content-layout":"default","ast-site-content-layout":"default","site-content-style":"default","site-sidebar-style":"default","ast-global-header-display":"","ast-banner-title-visibility":"","ast-main-header-display":"","ast-hfb-above-header-display":"","ast-hfb-below-header-display":"","ast-hfb-mobile-header-display":"","site-post-title":"","ast-breadcrumbs-content":"","ast-featured-img":"","footer-sml-layout":"","theme-transparent-header-meta":"default","adv-header-id-meta":"","stick-header-meta":"","header-above-stick-meta":"","header-main-stick-meta":"","header-below-stick-meta":"","astra-migrate-meta-layouts":"default","ast-page-background-enabled":"default","ast-page-background-meta":{"desktop":{"background-color":"var(--ast-global-color-4)","background-image":"","background-repeat":"repeat","background-position":"center center","background-size":"auto","background-attachment":"scroll","background-type":"","background-media":"","overlay-type":"","overlay-color":"","overlay-opacity":"","overlay-gradient":""},"tablet":{"background-color":"","background-image":"","background-repeat":"repeat","background-position":"center center","background-size":"auto","background-attachment":"scroll","background-type":"","background-media":"","overlay-type":"","overlay-color":"","overlay-opacity":"","overlay-gradient":""},"mobile":{"background-color":"","background-image":"","background-repeat":"repeat","background-position":"center center","background-size":"auto","background-attachment":"scroll","background-type":"","background-media":"","overlay-type":"","overlay-color":"","overlay-opacity":"","overlay-gradient":""}},"ast-content-background-meta":{"desktop":{"background-color":"var(--ast-global-color-5)","background-image":"","background-repeat":"repeat","background-position":"center center","background-size":"auto","background-attachment":"scroll","background-type":"","background-media":"","overlay-type":"","overlay-color":"","overlay-opacity":"","overlay-gradient":""},"tablet":{"background-color":"var(--ast-global-color-5)","background-image":"","background-repeat":"repeat","background-position":"center center","background-size":"auto","background-attachment":"scroll","background-type":"","background-media":"","overlay-type":"","overlay-color":"","overlay-opacity":"","overlay-gradient":""},"mobile":{"background-color":"var(--ast-global-color-5)","background-image":"","background-repeat":"repeat","background-position":"center center","background-size":"auto","background-attachment":"scroll","background-type":"","background-media":"","overlay-type":"","overlay-color":"","overlay-opacity":"","overlay-gradient":""}}},"product_cat":[51],"product_tag":[],"class_list":{"0":"post-2662","1":"product","2":"type-product","3":"status-publish","4":"has-post-thumbnail","6":"product_cat-sport-de","7":"pa_hoeveelheid-54","8":"pa_hoeveelheid-55","9":"pa_hoeveelheid-56","10":"pa_hoeveelheid-57","11":"pa_hoeveelheid-58","12":"pa_leverwijze-silo","13":"pa_silo-nummer-69","14":"pa_silo-nummer-70","15":"pa_silo-nummer-71","16":"pa_silo-nummer-72","17":"wcpa_has_options","18":"desktop-align-left","19":"tablet-align-left","20":"mobile-align-left","22":"first","23":"instock","24":"shipping-taxable","25":"purchasable","26":"product-type-variable"},"_links":{"self":[{"href":"https:\/\/www.zwienenberg-horsefeed.com\/de\/wp-json\/wp\/v2\/product\/2662","targetHints":{"allow":["GET"]}}],"collection":[{"href":"https:\/\/www.zwienenberg-horsefeed.com\/de\/wp-json\/wp\/v2\/product"}],"about":[{"href":"https:\/\/www.zwienenberg-horsefeed.com\/de\/wp-json\/wp\/v2\/types\/product"}],"wp:featuredmedia":[{"embeddable":true,"href":"https:\/\/www.zwienenberg-horsefeed.com\/de\/wp-json\/wp\/v2\/media\/2549"}],"wp:attachment":[{"href":"https:\/\/www.zwienenberg-horsefeed.com\/de\/wp-json\/wp\/v2\/media?parent=2662"}],"wp:term":[{"taxonomy":"product_cat","embeddable":true,"href":"https:\/\/www.zwienenberg-horsefeed.com\/de\/wp-json\/wp\/v2\/product_cat?post=2662"},{"taxonomy":"product_tag","embeddable":true,"href":"https:\/\/www.zwienenberg-horsefeed.com\/de\/wp-json\/wp\/v2\/product_tag?post=2662"}],"curies":[{"name":"wp","href":"https:\/\/api.w.org\/{rel}","templated":true}]}}