{"id":2689,"date":"2021-12-31T08:09:19","date_gmt":"2021-12-31T07:09:19","guid":{"rendered":"https:\/\/www.zwienenberg-horsefeed.com\/product\/pavo-allsports-pro\/"},"modified":"2025-08-21T08:32:12","modified_gmt":"2025-08-21T06:32:12","slug":"pavo-allsports-pro","status":"publish","type":"product","link":"https:\/\/www.zwienenberg-horsefeed.com\/de\/product\/pavo-allsports-pro\/","title":{"rendered":"Pavo AllSports PRO"},"content":{"rendered":"<p><strong>\u2022 F\u00fcr kontrollierbare Kraft und Energie<\/strong><br \/>\n<strong>\u2022 Optimale Unterst\u00fctzung der Muskulatur<\/strong><\/p>\n<p>Pavo AllSports PRO ist ein vollst\u00e4ndiges und ausgewogenes Kraftfutter zur optimalen Unterst\u00fctzung sportlicher Leistungen. Dieses Pellet stellt durch eine optimale Kombination aus St\u00e4rke und \u00d6l eine perfekte Energiequelle f\u00fcr Sportpferde und -ponys dar. Die St\u00e4rke liefert schnelle Energie f\u00fcr Kraft und \u201eAntrieb\u201c, w\u00e4hrend das \u00d6l langsame Energie bereitstellt, wodurch das Pferd die Arbeit l\u00e4nger durchhalten kann. Diese Kombination von Energiequellen stellt sicher, dass das Pferd Energie zur Leistungserbringung hat, dabei jedoch reitbar bleibt. Dar\u00fcber hinaus enth\u00e4lt Pavo AllSports PRO hochwertige Proteine, die f\u00fcr den Aufbau und Erhalt gesunder Muskeln wichtig sind. Auch der hohe Gehalt an Vitamin E, Magnesium und Selen unterst\u00fctzt gesunde Muskeln durch schnellen Abtransport von Milchs\u00e4ure zur Vermeidung von \u00dcbers\u00e4uerung.<\/p>\n<p><strong>Wichtige Eigenschaften<\/strong><\/p>\n<p>\u2022 Ideale Quellen gut absorbierbarer Energie<br \/>\n\u2022 Verleiht dem Pferd Kraft und Antrieb<br \/>\n\u2022 Erg\u00e4nzt durch langanhaltende Energie f\u00fcr Ausdauer<br \/>\n\u2022 Geeignet f\u00fcr alle Disziplinen, auch f\u00fcr Ausdauerleistungen<br \/>\n\u2022 Mit hochwertigem Protein f\u00fcr optimale Muskelunterst\u00fctzung<br \/>\n\u2022 Reich an Vitamin E, Selen und Magnesium<br \/>\n\u2022 Enth\u00e4lt einen hohen Anteil an Omega-3- und Omega-6-Fetts\u00e4uren<br \/>\n\u2022 8mm Pellet<\/p>\n<p><strong>Anwendung<\/strong><\/p>\n<p><span data-sheets-value=\"{\"1\":2,\"2\":\"\u2022 Zeer geschikt voor alle sportpaarden in alle disciplines\"}\" data-sheets-userformat=\"{\"2\":13185,\"3\":{\"1\":0},\"10\":1,\"11\":4,\"12\":0,\"15\":\"Poppins\",\"16\":10}\">\u2022 Sehr gut geeignet f\u00fcr alle Sportpferde in allen Disziplinen<\/span><\/p>\n<p><strong>F\u00fctterungsempfehlung*<\/strong><\/p>\n<p>K\u00f6rpergewicht Pferd: 600 kg<\/p>\n<p>Mittelschwere Arbeit -&gt; 2-3 kg \/ Tag<\/p>\n<p>Schwere Arbeit -&gt; 2,5-3,5 kg \/ Tag<\/p>\n<p>K\u00f6rpergewicht Pony: 300 kg<\/p>\n<p>Mittelschwere Arbeit -&gt; 1-2 kg \/ Tag<\/p>\n<p>Schwere Arbeit -&gt; 1,5-2,5 kg \/ Tag<\/p>\n<p>* Die genaue F\u00fctterungsempfehlung h\u00e4ngt stark von der Verf\u00fcgbarkeit und Qualit\u00e4t des Raufutters ab.<\/p>\n<p><strong>Klicken Sie hier f\u00fcr die <a href=\"https:\/\/viewer.mediafly.com\/forfarmersgroup_share\/s\/324a00a9d98f458097d0ec6dcecbf035#\/document\/dc9b82680b70409890061c2c9a7832c9product1982972?c=eyJ0IjoxLCJ2IjoiZTU1NWNjMzEzMGFmNDVkOWRiYTMxODA5ZGMxODQ5NGEifQ%3D%3D&amp;page=1&amp;parentSlug=dc9b82680b70409890061c2c9a7832c9product316643&amp;shareSlug=324a00a9d98f458097d0ec6dcecbf035\">Zusammensetzung und Bestandteile.<\/a><\/strong><\/p>\n<p><strong>Aufbewahrungshinweis<\/strong><\/p>\n<p><span data-sheets-value=\"{\"1\":2,\"2\":\"Droog en donker bewaren, maximale houdbaarheid 3 maanden. Denk met name aan omloopsnelheid in de zomermaanden (april \u2013 september).\"}\" data-sheets-userformat=\"{\"2\":13185,\"3\":{\"1\":0},\"10\":1,\"11\":4,\"12\":0,\"15\":\"Poppins\",\"16\":10}\">K\u00fchl und trocken lagern, maximale Haltbarkeit 3 Monate. Achten Sie insbesondere auf die Umschlagsh\u00e4ufigkeit in den Sommermonaten (April &#8211; September). <\/span><\/p>\n","protected":false},"excerpt":{"rendered":"<p><strong>Hochwertiges Sportpellet f\u00fcr mittelschwere bis schwere Arbeit<\/strong><\/p>\n","protected":false},"featured_media":2544,"template":"","meta":{"inline_featured_image":false,"site-sidebar-layout":"default","site-content-layout":"default","ast-site-content-layout":"default","site-content-style":"default","site-sidebar-style":"default","ast-global-header-display":"","ast-banner-title-visibility":"","ast-main-header-display":"","ast-hfb-above-header-display":"","ast-hfb-below-header-display":"","ast-hfb-mobile-header-display":"","site-post-title":"","ast-breadcrumbs-content":"","ast-featured-img":"","footer-sml-layout":"","theme-transparent-header-meta":"default","adv-header-id-meta":"","stick-header-meta":"","header-above-stick-meta":"","header-main-stick-meta":"","header-below-stick-meta":"","astra-migrate-meta-layouts":"default","ast-page-background-enabled":"default","ast-page-background-meta":{"desktop":{"background-color":"var(--ast-global-color-4)","background-image":"","background-repeat":"repeat","background-position":"center center","background-size":"auto","background-attachment":"scroll","background-type":"","background-media":"","overlay-type":"","overlay-color":"","overlay-opacity":"","overlay-gradient":""},"tablet":{"background-color":"","background-image":"","background-repeat":"repeat","background-position":"center center","background-size":"auto","background-attachment":"scroll","background-type":"","background-media":"","overlay-type":"","overlay-color":"","overlay-opacity":"","overlay-gradient":""},"mobile":{"background-color":"","background-image":"","background-repeat":"repeat","background-position":"center center","background-size":"auto","background-attachment":"scroll","background-type":"","background-media":"","overlay-type":"","overlay-color":"","overlay-opacity":"","overlay-gradient":""}},"ast-content-background-meta":{"desktop":{"background-color":"var(--ast-global-color-5)","background-image":"","background-repeat":"repeat","background-position":"center center","background-size":"auto","background-attachment":"scroll","background-type":"","background-media":"","overlay-type":"","overlay-color":"","overlay-opacity":"","overlay-gradient":""},"tablet":{"background-color":"var(--ast-global-color-5)","background-image":"","background-repeat":"repeat","background-position":"center center","background-size":"auto","background-attachment":"scroll","background-type":"","background-media":"","overlay-type":"","overlay-color":"","overlay-opacity":"","overlay-gradient":""},"mobile":{"background-color":"var(--ast-global-color-5)","background-image":"","background-repeat":"repeat","background-position":"center center","background-size":"auto","background-attachment":"scroll","background-type":"","background-media":"","overlay-type":"","overlay-color":"","overlay-opacity":"","overlay-gradient":""}}},"product_cat":[51],"product_tag":[],"class_list":{"0":"post-2689","1":"product","2":"type-product","3":"status-publish","4":"has-post-thumbnail","6":"product_cat-sport-de","7":"pa_hoeveelheid-54","8":"pa_hoeveelheid-55","9":"pa_hoeveelheid-56","10":"pa_hoeveelheid-57","11":"pa_hoeveelheid-58","12":"pa_leverwijze-silo","13":"pa_silo-nummer-69","14":"pa_silo-nummer-70","15":"pa_silo-nummer-71","16":"pa_silo-nummer-72","17":"wcpa_has_options","18":"desktop-align-left","19":"tablet-align-left","20":"mobile-align-left","22":"first","23":"instock","24":"shipping-taxable","25":"purchasable","26":"product-type-variable"},"_links":{"self":[{"href":"https:\/\/www.zwienenberg-horsefeed.com\/de\/wp-json\/wp\/v2\/product\/2689","targetHints":{"allow":["GET"]}}],"collection":[{"href":"https:\/\/www.zwienenberg-horsefeed.com\/de\/wp-json\/wp\/v2\/product"}],"about":[{"href":"https:\/\/www.zwienenberg-horsefeed.com\/de\/wp-json\/wp\/v2\/types\/product"}],"wp:featuredmedia":[{"embeddable":true,"href":"https:\/\/www.zwienenberg-horsefeed.com\/de\/wp-json\/wp\/v2\/media\/2544"}],"wp:attachment":[{"href":"https:\/\/www.zwienenberg-horsefeed.com\/de\/wp-json\/wp\/v2\/media?parent=2689"}],"wp:term":[{"taxonomy":"product_cat","embeddable":true,"href":"https:\/\/www.zwienenberg-horsefeed.com\/de\/wp-json\/wp\/v2\/product_cat?post=2689"},{"taxonomy":"product_tag","embeddable":true,"href":"https:\/\/www.zwienenberg-horsefeed.com\/de\/wp-json\/wp\/v2\/product_tag?post=2689"}],"curies":[{"name":"wp","href":"https:\/\/api.w.org\/{rel}","templated":true}]}}