{"id":2690,"date":"2025-06-02T12:00:29","date_gmt":"2025-06-02T10:00:29","guid":{"rendered":"https:\/\/www.zwienenberg-horsefeed.com\/product\/pavo-natures-best-550kg\/"},"modified":"2025-08-15T10:46:43","modified_gmt":"2025-08-15T08:46:43","slug":"pavo-natures-best-550kg","status":"publish","type":"product","link":"https:\/\/www.zwienenberg-horsefeed.com\/de\/product\/pavo-natures-best-550kg\/","title":{"rendered":"Pavo Nature&#8217;s Best (550kg)"},"content":{"rendered":"<h2>\u00dcber Pavo Nature&#8217;s Best<\/h2>\n<p data-start=\"268\" data-end=\"594\">Pavo Nature \u201es Best ist ein strukturreiches, energiearmes M\u00fcsli, das alle essentiellen N\u00e4hrstoffe liefert \u2013 ohne dass Ihr Pferd dadurch \u00fcberm\u00e4\u00dfig temperamentvoll wird. Es ist perfekt geeignet f\u00fcr Pferde und Ponys, die f\u00fcr Freizeitzwecke geritten werden oder im Breitensport aktiv sind.\u201c <\/p>\n<p data-start=\"596\" data-end=\"871\">Dieses M\u00fcsli besteht aus gesunden Fasern von Dinkel, Luzerne und Lieschgras, einer Grasart mit geringem Zuckergehalt (Fruktane) und hohem N\u00e4hrwert. Durch die Struktur wird Ihr Pferd zum gr\u00fcndlichen Kauen angeregt, was zu vermehrter Speichelbildung und einer gesunden Verdauung f\u00fchrt. <\/p>\n<p data-start=\"873\" data-end=\"1106\">Dar\u00fcber hinaus ist Nature&#8217;s Best frei von Hafer und enth\u00e4lt wenig Zucker und St\u00e4rke, wodurch es auch f\u00fcr sensible oder leicht erregbare Pferde geeignet ist. Die Zugabe von schmackhaften Karottenst\u00fcckchen macht es besonders attraktiv. <\/p>\n<h2 class=\"tw-text-lg tw-font-bold\">Wichtige Eigenschaften<\/h2>\n<div class=\"content\">\n<ul>\n<li>Strukturreiches Gesundheitsm\u00fcsli<\/li>\n<li>F\u00fcr Freizeit und leichten Sport<\/li>\n<li>Auf Basis von Lieschgras und Dinkel<\/li>\n<li>Alle t\u00e4glichen Vitamine und Mineralstoffe<\/li>\n<li>Niedriger Zucker- und St\u00e4rkegehalt<\/li>\n<li>Garantiert haferfrei<\/li>\n<\/ul>\n<\/div>\n<h2 class=\"tw-text-lg tw-font-bold\">Anwendung<\/h2>\n<div class=\"content\">\n<p>Besonders geeignet f\u00fcr Pferde und Ponys, die:<\/p>\n<ul>\n<li>F\u00fcr Freizeitzwecke geritten werden<\/li>\n<li>Im Breitensport aktiv sind<\/li>\n<li>Zu temperamentvoll auf Hafer reagieren<\/li>\n<li>Gerade erst eingeritten sind<\/li>\n<li>Wenig zus\u00e4tzliche Energie ben\u00f6tigen (Energielevel niedrig)<\/li>\n<\/ul>\n<p><a href=\"https:\/\/www.zwienenberg-horsefeed.com\/wp-content\/uploads\/2025\/06\/91501-pavo-natures-best-550kg.pdf\"><strong>Spezifikationen herunterladen<\/strong><\/a><\/p>\n<\/div>\n","protected":false},"excerpt":{"rendered":"<p class=\"product-info__subtitle is-hidden-mobile\"><strong>Gesundes M\u00fcsli voller nat\u00fcrlicher Fasern<br \/>\n<\/strong>Pferde und Ponys, die f\u00fcr Freizeitzwecke geritten werden oder im Breitensport aktiv sind, ben\u00f6tigen oft wenig zus\u00e4tzliche Energie. Pavo Nature \u201es Best ist das komplette t\u00e4gliche Gesundheitsm\u00fcsli mit einem niedrigen Energiewert, um Ihr Pferd mit allen wichtigen N\u00e4hrstoffen zu versorgen!\u201c <\/p>\n","protected":false},"featured_media":2594,"template":"","meta":{"inline_featured_image":false,"site-sidebar-layout":"default","site-content-layout":"","ast-site-content-layout":"default","site-content-style":"default","site-sidebar-style":"default","ast-global-header-display":"","ast-banner-title-visibility":"","ast-main-header-display":"","ast-hfb-above-header-display":"","ast-hfb-below-header-display":"","ast-hfb-mobile-header-display":"","site-post-title":"","ast-breadcrumbs-content":"","ast-featured-img":"","footer-sml-layout":"","theme-transparent-header-meta":"default","adv-header-id-meta":"","stick-header-meta":"","header-above-stick-meta":"","header-main-stick-meta":"","header-below-stick-meta":"","astra-migrate-meta-layouts":"set","ast-page-background-enabled":"default","ast-page-background-meta":{"desktop":{"background-color":"var(--ast-global-color-4)","background-image":"","background-repeat":"repeat","background-position":"center center","background-size":"auto","background-attachment":"scroll","background-type":"","background-media":"","overlay-type":"","overlay-color":"","overlay-opacity":"","overlay-gradient":""},"tablet":{"background-color":"","background-image":"","background-repeat":"repeat","background-position":"center center","background-size":"auto","background-attachment":"scroll","background-type":"","background-media":"","overlay-type":"","overlay-color":"","overlay-opacity":"","overlay-gradient":""},"mobile":{"background-color":"","background-image":"","background-repeat":"repeat","background-position":"center center","background-size":"auto","background-attachment":"scroll","background-type":"","background-media":"","overlay-type":"","overlay-color":"","overlay-opacity":"","overlay-gradient":""}},"ast-content-background-meta":{"desktop":{"background-color":"var(--ast-global-color-5)","background-image":"","background-repeat":"repeat","background-position":"center center","background-size":"auto","background-attachment":"scroll","background-type":"","background-media":"","overlay-type":"","overlay-color":"","overlay-opacity":"","overlay-gradient":""},"tablet":{"background-color":"var(--ast-global-color-5)","background-image":"","background-repeat":"repeat","background-position":"center center","background-size":"auto","background-attachment":"scroll","background-type":"","background-media":"","overlay-type":"","overlay-color":"","overlay-opacity":"","overlay-gradient":""},"mobile":{"background-color":"var(--ast-global-color-5)","background-image":"","background-repeat":"repeat","background-position":"center center","background-size":"auto","background-attachment":"scroll","background-type":"","background-media":"","overlay-type":"","overlay-color":"","overlay-opacity":"","overlay-gradient":""}}},"product_cat":[52],"product_tag":[],"class_list":{"0":"post-2690","1":"product","2":"type-product","3":"status-publish","4":"has-post-thumbnail","6":"product_cat-allround-de","7":"pa_leverwijze-bigbox","8":"desktop-align-left","9":"tablet-align-left","10":"mobile-align-left","12":"first","13":"instock","14":"shipping-taxable","15":"purchasable","16":"product-type-simple"},"_links":{"self":[{"href":"https:\/\/www.zwienenberg-horsefeed.com\/de\/wp-json\/wp\/v2\/product\/2690","targetHints":{"allow":["GET"]}}],"collection":[{"href":"https:\/\/www.zwienenberg-horsefeed.com\/de\/wp-json\/wp\/v2\/product"}],"about":[{"href":"https:\/\/www.zwienenberg-horsefeed.com\/de\/wp-json\/wp\/v2\/types\/product"}],"wp:featuredmedia":[{"embeddable":true,"href":"https:\/\/www.zwienenberg-horsefeed.com\/de\/wp-json\/wp\/v2\/media\/2594"}],"wp:attachment":[{"href":"https:\/\/www.zwienenberg-horsefeed.com\/de\/wp-json\/wp\/v2\/media?parent=2690"}],"wp:term":[{"taxonomy":"product_cat","embeddable":true,"href":"https:\/\/www.zwienenberg-horsefeed.com\/de\/wp-json\/wp\/v2\/product_cat?post=2690"},{"taxonomy":"product_tag","embeddable":true,"href":"https:\/\/www.zwienenberg-horsefeed.com\/de\/wp-json\/wp\/v2\/product_tag?post=2690"}],"curies":[{"name":"wp","href":"https:\/\/api.w.org\/{rel}","templated":true}]}}