{"id":2721,"date":"2022-05-25T16:58:02","date_gmt":"2022-05-25T14:58:02","guid":{"rendered":"https:\/\/www.zwienenberg-horsefeed.com\/product\/pavo-podostart\/"},"modified":"2025-08-18T14:17:03","modified_gmt":"2025-08-18T12:17:03","slug":"pavo-podostart","status":"publish","type":"product","link":"https:\/\/www.zwienenberg-horsefeed.com\/de\/product\/pavo-podostart\/","title":{"rendered":"Pavo Podo\u00aeStart"},"content":{"rendered":"<p><strong>\u2022 Unterst\u00fctzt gesundes und gleichm\u00e4\u00dfiges Wachstum<\/strong><br \/>\n<strong>\u2022 Enth\u00e4lt das bew\u00e4hrte Podo\u00ae-Konzept<\/strong><\/p>\n<p>Mit dem Fohlenfutter Pavo Podo\u00aeStart wird das Fohlen in den ersten Lebensmonaten optimal unterst\u00fctzt. Die kleinen Pellets (5 mm) sind ideal, um das Fohlen an feste Nahrung zu gew\u00f6hnen. Fohlen und junge Pferde wachsen au\u00dferordentlich schnell. Solange das Wachstum in einem gleichm\u00e4\u00dfigen Tempo verl\u00e4uft, ist dies selbstverst\u00e4ndlich positiv. Energie und Eiwei\u00df sind essentielle Bausteine f\u00fcr ein gesundes Wachstum. Pavo Podo\u00aeStart versorgt Ihr Fohlen mit ausreichend Energie f\u00fcr ein gesundes und gleichm\u00e4\u00dfiges Wachstum. Dar\u00fcber hinaus liefern Sie mit diesem Fohlenfutter gen\u00fcgend hochwertige Proteine, um eine gesunde Muskelentwicklung zu unterst\u00fctzen. Neben den hochwertigen Proteinen und der Energie f\u00fcr Ihr junges Fohlen unterst\u00fctzen die Pr\u00e4biotika in Pavo Podo\u00aeStart auch eine gesunde Verdauung. Die zugesetzten Antioxidantien (CellProtect) sind spezielle Inhaltsstoffe, die Ihrem Fohlen helfen, sich vor Krankheiten zu sch\u00fctzen.        <\/p>\n<p><strong>Wichtige Eigenschaften<\/strong><\/p>\n<p>\u2022 Enth\u00e4lt das wissenschaftlich bewiesene Podo\u00ae-Konzept<br \/>\n\u2022 Reduziert das Risiko der Entwicklung von OC(D) um bis zu 50%<br \/>\n\u2022 Unterst\u00fctzt ein stabiles und gleichm\u00e4\u00dfiges Wachstum<br \/>\n\u2022 Mit hochwertigen Proteinen f\u00fcr eine gesunde Muskelentwicklung<br \/>\n\u2022 Mit Pr\u00e4biotika f\u00fcr eine gesunde Darmfunktion<br \/>\n\u2022 5 mm Pellets<\/p>\n<p><span data-sheets-value=\"{\"1\":2,\"2\":\"Pavo Podo\u00aeStart is Stap 2 in de begeleiding van het veulen naar een gezond volwassen leven. Geef uw veulen vanaf een leeftijd van zo\u2019n 8 maanden Pavo Podo\u00aeGrow, Stap 3 in het Pavo fokkerij assortiment.\\n\\nVoor jonge veulen vanaf 3 weken tot 8 maanden.\"}\" data-sheets-userformat=\"{\"2\":13185,\"3\":{\"1\":0},\"10\":0,\"11\":4,\"12\":0,\"15\":\"Poppins\",\"16\":10}\"><strong>Anwendung<\/strong><\/span><\/p>\n<p><span data-sheets-value=\"{\"1\":2,\"2\":\"Pavo Podo\u00aeStart is Stap 2 in de begeleiding van het veulen naar een gezond volwassen leven. Geef uw veulen vanaf een leeftijd van zo\u2019n 8 maanden Pavo Podo\u00aeGrow, Stap 3 in het Pavo fokkerij assortiment.\\n\\nVoor jonge veulen vanaf 3 weken tot 8 maanden.\"}\" data-sheets-userformat=\"{\"2\":13185,\"3\":{\"1\":0},\"10\":0,\"11\":4,\"12\":0,\"15\":\"Poppins\",\"16\":10}\">F\u00fcr junge Fohlen ab 3 Wochen bis 8 Monate.<\/span><\/p>\n<p><strong>F\u00fctterungsempfehlung*<\/strong><\/p>\n<p>6-11 Monate Pferd: 2,0 kg \/ Tag, Pony: 1,0 kg \/ Tag<\/p>\n<p>12-18 Monate Pferd: 1,2 kg \/ Tag, Pony: 0,6 kg \/ Tag<\/p>\n<p>18-30 Monate Pferd: 1,5 kg \/ Tag, Pony: 0,75 kg \/ Tag<\/p>\n<p>Wechseln Sie nach 30-36 Monaten schrittweise auf Futter f\u00fcr erwachsene Pferde.<br \/>\n* Die genaue F\u00fctterungsempfehlung h\u00e4ngt stark von der Verf\u00fcgbarkeit und Qualit\u00e4t des<br \/>\nRaufutters ab. Bei hochwertiger Raufutterqualit\u00e4t ist es m\u00f6glich, Pavo Podo\u00aeGrow PRO zu f\u00fcttern. <\/p>\n<p><strong>Klicken Sie hier f\u00fcr die <a href=\"https:\/\/viewer.mediafly.com\/forfarmersgroup_share\/s\/a36e66d61b65459bb580894cc1808ad8#\/document\/dc9b82680b70409890061c2c9a7832c9product1982981?c=eyJ0IjoxLCJ2IjoiMDgyNjk4YzZkYWM5Y2VlZDYyMjRhYjU0ZWE1YzRiM2UifQ%3D%3D&amp;page=1&amp;parentSlug=dc9b82680b70409890061c2c9a7832c9product316643&amp;shareSlug=a36e66d61b65459bb580894cc1808ad8\">Zusammensetzung und Bestandteile.<\/a><\/strong><\/p>\n<p><strong>Aufbewahrungshinweis<\/strong><\/p>\n<p><span data-sheets-value=\"{\"1\":2,\"2\":\"Droog en donker bewaren, maximale houdbaarheid 3 maanden. Denk met name aan omloopsnelheid in de zomermaanden (april \u2013 september).\"}\" data-sheets-userformat=\"{\"2\":13185,\"3\":{\"1\":0},\"10\":0,\"11\":4,\"12\":0,\"15\":\"Poppins\",\"16\":10}\">K\u00fchl und trocken lagern, maximale Haltbarkeit 3 Monate. Achten Sie insbesondere auf die Umschlagsh\u00e4ufigkeit in den Sommermonaten (April &#8211; September). <\/span><\/p>\n<p>&nbsp;<\/p>\n","protected":false},"excerpt":{"rendered":"<p><strong>Kleine Pellets f\u00fcr junge Fohlen<\/strong><\/p>\n","protected":false},"featured_media":2556,"template":"","meta":{"inline_featured_image":false,"site-sidebar-layout":"default","site-content-layout":"default","ast-site-content-layout":"default","site-content-style":"default","site-sidebar-style":"default","ast-global-header-display":"","ast-banner-title-visibility":"","ast-main-header-display":"","ast-hfb-above-header-display":"","ast-hfb-below-header-display":"","ast-hfb-mobile-header-display":"","site-post-title":"","ast-breadcrumbs-content":"","ast-featured-img":"","footer-sml-layout":"","theme-transparent-header-meta":"default","adv-header-id-meta":"","stick-header-meta":"","header-above-stick-meta":"","header-main-stick-meta":"","header-below-stick-meta":"","astra-migrate-meta-layouts":"default","ast-page-background-enabled":"default","ast-page-background-meta":{"desktop":{"background-color":"var(--ast-global-color-4)","background-image":"","background-repeat":"repeat","background-position":"center center","background-size":"auto","background-attachment":"scroll","background-type":"","background-media":"","overlay-type":"","overlay-color":"","overlay-opacity":"","overlay-gradient":""},"tablet":{"background-color":"","background-image":"","background-repeat":"repeat","background-position":"center center","background-size":"auto","background-attachment":"scroll","background-type":"","background-media":"","overlay-type":"","overlay-color":"","overlay-opacity":"","overlay-gradient":""},"mobile":{"background-color":"","background-image":"","background-repeat":"repeat","background-position":"center center","background-size":"auto","background-attachment":"scroll","background-type":"","background-media":"","overlay-type":"","overlay-color":"","overlay-opacity":"","overlay-gradient":""}},"ast-content-background-meta":{"desktop":{"background-color":"var(--ast-global-color-5)","background-image":"","background-repeat":"repeat","background-position":"center center","background-size":"auto","background-attachment":"scroll","background-type":"","background-media":"","overlay-type":"","overlay-color":"","overlay-opacity":"","overlay-gradient":""},"tablet":{"background-color":"var(--ast-global-color-5)","background-image":"","background-repeat":"repeat","background-position":"center center","background-size":"auto","background-attachment":"scroll","background-type":"","background-media":"","overlay-type":"","overlay-color":"","overlay-opacity":"","overlay-gradient":""},"mobile":{"background-color":"var(--ast-global-color-5)","background-image":"","background-repeat":"repeat","background-position":"center center","background-size":"auto","background-attachment":"scroll","background-type":"","background-media":"","overlay-type":"","overlay-color":"","overlay-opacity":"","overlay-gradient":""}}},"product_cat":[53],"product_tag":[],"class_list":{"0":"post-2721","1":"product","2":"type-product","3":"status-publish","4":"has-post-thumbnail","6":"product_cat-zucht","7":"pa_hoeveelheid-54","8":"pa_hoeveelheid-55","9":"pa_hoeveelheid-56","10":"pa_hoeveelheid-57","11":"pa_hoeveelheid-58","12":"pa_leverwijze-silo","13":"pa_silo-nummer-69","14":"pa_silo-nummer-70","15":"pa_silo-nummer-71","16":"pa_silo-nummer-72","17":"wcpa_has_options","18":"desktop-align-left","19":"tablet-align-left","20":"mobile-align-left","22":"first","23":"instock","24":"shipping-taxable","25":"purchasable","26":"product-type-variable"},"_links":{"self":[{"href":"https:\/\/www.zwienenberg-horsefeed.com\/de\/wp-json\/wp\/v2\/product\/2721","targetHints":{"allow":["GET"]}}],"collection":[{"href":"https:\/\/www.zwienenberg-horsefeed.com\/de\/wp-json\/wp\/v2\/product"}],"about":[{"href":"https:\/\/www.zwienenberg-horsefeed.com\/de\/wp-json\/wp\/v2\/types\/product"}],"wp:featuredmedia":[{"embeddable":true,"href":"https:\/\/www.zwienenberg-horsefeed.com\/de\/wp-json\/wp\/v2\/media\/2556"}],"wp:attachment":[{"href":"https:\/\/www.zwienenberg-horsefeed.com\/de\/wp-json\/wp\/v2\/media?parent=2721"}],"wp:term":[{"taxonomy":"product_cat","embeddable":true,"href":"https:\/\/www.zwienenberg-horsefeed.com\/de\/wp-json\/wp\/v2\/product_cat?post=2721"},{"taxonomy":"product_tag","embeddable":true,"href":"https:\/\/www.zwienenberg-horsefeed.com\/de\/wp-json\/wp\/v2\/product_tag?post=2721"}],"curies":[{"name":"wp","href":"https:\/\/api.w.org\/{rel}","templated":true}]}}