{"id":2742,"date":"2025-05-13T16:30:35","date_gmt":"2025-05-13T14:30:35","guid":{"rendered":"https:\/\/www.zwienenberg-horsefeed.com\/product\/pavo-basicplus-725kg\/"},"modified":"2025-08-25T11:23:18","modified_gmt":"2025-08-25T09:23:18","slug":"pavo-basicplus-725kg","status":"publish","type":"product","link":"https:\/\/www.zwienenberg-horsefeed.com\/de\/product\/pavo-basicplus-725kg\/","title":{"rendered":"Pavo BasicPlus (725kg)"},"content":{"rendered":"<h2><strong>\u00dcber BasicPlus<\/strong><\/h2>\n<p>Pavo BasicPlus ist ein Basis-Pellet mit 5 mm Durchmesser und einem \u00e4u\u00dferst g\u00fcnstigen Preis-Leistungs-Verh\u00e4ltnis. Pavo BasicPlus enth\u00e4lt alle essentiellen Vitamine, Mineralstoffe und Spurenelemente wie Vitamin A, E, Biotin und Zink. Der niedrige Proteingehalt macht es geeignet f\u00fcr Pferde und Ponys, die wenig Arbeit verrichten und nicht tr\u00e4chtig oder laktierend sind. Durch die ausgewogene Zusammensetzung wird Ihr Pferd oder Pony weder zu schwer noch zu unruhig und erh\u00e4lt dennoch ausreichend N\u00e4hrstoffe.   <\/p>\n<h2><span style=\"vertical-align: inherit;\"><span style=\"vertical-align: inherit;\">Wichtige Eigenschaften<\/span><\/span><\/h2>\n<div class=\"content\">\n<ul>\n<li>G\u00fcnstiges Preis-Leistungs-Verh\u00e4ltnis<\/li>\n<li>Mit allen wichtigen Vitaminen und Mineralstoffen<\/li>\n<\/ul>\n<\/div>\n<h2><span style=\"vertical-align: inherit;\"><span style=\"vertical-align: inherit;\">Anwendung<\/span><\/span><\/h2>\n<div class=\"content\">\n<ul>\n<li>Pferde und Ponys, die nicht intensiv trainiert werden<\/li>\n<li>bei leichter Arbeit<\/li>\n<\/ul>\n<p><strong><a href=\"https:\/\/www.zwienenberg-horsefeed.com\/wp-content\/uploads\/2025\/06\/91490-pavo-basicplus-725kg.pdf\"><span style=\"vertical-align: inherit;\"><span style=\"vertical-align: inherit;\">Spezifikationen herunterladen<\/span><\/span><\/a><\/strong><\/p>\n<\/div>\n","protected":false},"excerpt":{"rendered":"<p class=\"product-info__subtitle is-hidden-mobile\"><strong>Komplettes Basisfutter f\u00fcr alle Pferde und Ponys<\/strong><br \/>\nPavo BasicPlus ist ein Basisfutterpellet mit 5 mm Durchmesser und einem sehr g\u00fcnstigen Preis-Leistungs-Verh\u00e4ltnis.<\/p>\n","protected":false},"featured_media":2591,"template":"","meta":{"inline_featured_image":false,"site-sidebar-layout":"default","site-content-layout":"","ast-site-content-layout":"default","site-content-style":"default","site-sidebar-style":"default","ast-global-header-display":"","ast-banner-title-visibility":"","ast-main-header-display":"","ast-hfb-above-header-display":"","ast-hfb-below-header-display":"","ast-hfb-mobile-header-display":"","site-post-title":"","ast-breadcrumbs-content":"","ast-featured-img":"","footer-sml-layout":"","theme-transparent-header-meta":"default","adv-header-id-meta":"","stick-header-meta":"","header-above-stick-meta":"","header-main-stick-meta":"","header-below-stick-meta":"","astra-migrate-meta-layouts":"set","ast-page-background-enabled":"default","ast-page-background-meta":{"desktop":{"background-color":"var(--ast-global-color-4)","background-image":"","background-repeat":"repeat","background-position":"center center","background-size":"auto","background-attachment":"scroll","background-type":"","background-media":"","overlay-type":"","overlay-color":"","overlay-opacity":"","overlay-gradient":""},"tablet":{"background-color":"","background-image":"","background-repeat":"repeat","background-position":"center center","background-size":"auto","background-attachment":"scroll","background-type":"","background-media":"","overlay-type":"","overlay-color":"","overlay-opacity":"","overlay-gradient":""},"mobile":{"background-color":"","background-image":"","background-repeat":"repeat","background-position":"center center","background-size":"auto","background-attachment":"scroll","background-type":"","background-media":"","overlay-type":"","overlay-color":"","overlay-opacity":"","overlay-gradient":""}},"ast-content-background-meta":{"desktop":{"background-color":"var(--ast-global-color-5)","background-image":"","background-repeat":"repeat","background-position":"center center","background-size":"auto","background-attachment":"scroll","background-type":"","background-media":"","overlay-type":"","overlay-color":"","overlay-opacity":"","overlay-gradient":""},"tablet":{"background-color":"var(--ast-global-color-5)","background-image":"","background-repeat":"repeat","background-position":"center center","background-size":"auto","background-attachment":"scroll","background-type":"","background-media":"","overlay-type":"","overlay-color":"","overlay-opacity":"","overlay-gradient":""},"mobile":{"background-color":"var(--ast-global-color-5)","background-image":"","background-repeat":"repeat","background-position":"center center","background-size":"auto","background-attachment":"scroll","background-type":"","background-media":"","overlay-type":"","overlay-color":"","overlay-opacity":"","overlay-gradient":""}}},"product_cat":[52],"product_tag":[],"class_list":{"0":"post-2742","1":"product","2":"type-product","3":"status-publish","4":"has-post-thumbnail","6":"product_cat-allround-de","7":"pa_leverwijze-bigbox","8":"desktop-align-left","9":"tablet-align-left","10":"mobile-align-left","12":"first","13":"instock","14":"shipping-taxable","15":"purchasable","16":"product-type-simple"},"_links":{"self":[{"href":"https:\/\/www.zwienenberg-horsefeed.com\/de\/wp-json\/wp\/v2\/product\/2742","targetHints":{"allow":["GET"]}}],"collection":[{"href":"https:\/\/www.zwienenberg-horsefeed.com\/de\/wp-json\/wp\/v2\/product"}],"about":[{"href":"https:\/\/www.zwienenberg-horsefeed.com\/de\/wp-json\/wp\/v2\/types\/product"}],"wp:featuredmedia":[{"embeddable":true,"href":"https:\/\/www.zwienenberg-horsefeed.com\/de\/wp-json\/wp\/v2\/media\/2591"}],"wp:attachment":[{"href":"https:\/\/www.zwienenberg-horsefeed.com\/de\/wp-json\/wp\/v2\/media?parent=2742"}],"wp:term":[{"taxonomy":"product_cat","embeddable":true,"href":"https:\/\/www.zwienenberg-horsefeed.com\/de\/wp-json\/wp\/v2\/product_cat?post=2742"},{"taxonomy":"product_tag","embeddable":true,"href":"https:\/\/www.zwienenberg-horsefeed.com\/de\/wp-json\/wp\/v2\/product_tag?post=2742"}],"curies":[{"name":"wp","href":"https:\/\/api.w.org\/{rel}","templated":true}]}}