{"id":2765,"date":"2022-05-25T17:03:19","date_gmt":"2022-05-25T15:03:19","guid":{"rendered":"https:\/\/www.zwienenberg-horsefeed.com\/product\/pavo-podolac\/"},"modified":"2025-08-21T11:23:59","modified_gmt":"2025-08-21T09:23:59","slug":"pavo-podolac","status":"publish","type":"product","link":"https:\/\/www.zwienenberg-horsefeed.com\/de\/product\/pavo-podolac\/","title":{"rendered":"Pavo Podo\u00aeLac"},"content":{"rendered":"<div class=\"column is-7\">\n<div class=\"content\">\n<div class=\"column is-7\">\n<div class=\"content\">\n<div class=\"column is-7\">\n<div class=\"content\">\n<div class=\"column is-7\">\n<div class=\"content\">\n<p><strong>\u2022 Unterst\u00fctzt die allgemeine Gesundheit der Stute<\/strong><br \/>\n<strong>\u2022 Mit bew\u00e4hrtem Podo\u00ae-Konzept<\/strong><\/p>\n<p>Mit Pavo Podo\u00aeLac versorgen Sie sowohl die Stute als auch das ungeborene Fohlen w\u00e4hrend der letzten Monate der Tr\u00e4chtigkeit und w\u00e4hrend der Laktation mit allen erforderlichen N\u00e4hrstoffen. In der letzten Phase der Tr\u00e4chtigkeit ben\u00f6tigt die Stute zus\u00e4tzliches Eiwei\u00df und Energie, daher enth\u00e4lt Pavo Podo\u00aeLac einen besonders hohen Energie- und Eiwei\u00dfgehalt. Dies unterst\u00fctzt optimal die Konditionserhaltung der Stute und die Milchproduktion. Das wissenschaftlich bewiesene Podo\u00ae-Konzept wurde hinzugef\u00fcgt, um eine gesunde Knochenentwicklung des ungeborenen Fohlens zu unterst\u00fctzen. Dar\u00fcber hinaus enth\u00e4lt es gut absorbierbare Spurenelemente (Kupfer, Zink und Mangan), die bei der Entwicklung von Knochen, Organen, Fell und Verdauung helfen.    <\/p>\n<\/div>\n<\/div>\n<div class=\"column is-5\">\n<p><strong>Wichtige Eigenschaften<\/strong><\/p>\n<div class=\"content\">\n<ul>\n<li>Hoher Energiegehalt<\/li>\n<li>Reich an hochwertigen Proteinen<\/li>\n<li>Enth\u00e4lt das wissenschaftlich bewiesene Podo\u00ae-Konzept<\/li>\n<li>Reduziert das Risiko der Entwicklung von OC(D) um bis zu 50%<\/li>\n<li>Unterst\u00fctzt die Erhaltung einer gesunden K\u00f6rperkondition<\/li>\n<li>Tr\u00e4gt zur Milchproduktion der Stute bei<\/li>\n<li>8 mm Pellets<\/li>\n<\/ul>\n<p><strong>Eiwei\u00df in Pavo Podo\u00aeLac<\/strong><\/p>\n<p>Aus langj\u00e4hriger Raufutterforschung wissen wir, dass die Energie- und Eiwei\u00dfwerte im Raufutter stark variieren und im Allgemeinen eher niedrig sind. Dabei sind dies gerade w\u00e4hrend der Tr\u00e4chtigkeit und Laktation \u00e4u\u00dferst wichtige N\u00e4hrstoffe! Daher enth\u00e4lt Pavo Podo\u00aeLac neben einer gro\u00dfen Menge Vitamin E auch einen hohen Eiwei\u00df- und Fettgehalt.  <\/p>\n<\/div>\n<\/div>\n<\/div>\n<\/div>\n<\/div>\n<\/div>\n<\/div>\n<\/div>\n<p><strong>F\u00fctterungsempfehlung*<\/strong><\/p>\n<p>Monat 9 bis 11 der Tr\u00e4chtigkeit:<\/p>\n<p>Pferd -&gt; 2,5 kg \/ Tag, Pony -&gt; 1,2 kg \/ Tag<\/p>\n<p>W\u00e4hrend der Laktation &#8211; Monat 1 bis 4:<\/p>\n<p>Pferd -&gt; 4,0 kg \/ Tag, Pony -&gt; 2,0 kg \/ Tag<\/p>\n<p>W\u00e4hrend der Laktation &#8211; Monat 5 bis 6:<\/p>\n<p>Pferd -&gt; 2,1 kg \/ Tag, Pony -&gt; 1,0 kg \/ Tag<\/p>\n<p>* Die genaue F\u00fctterungsempfehlung h\u00e4ngt stark von der Verf\u00fcgbarkeit und Qualit\u00e4t des<br \/>\nRaufutters ab. Bei hochwertigem Raufutter ist es m\u00f6glich, Pavo Podo\u00aeLac PRO zu f\u00fcttern.<br \/>\n** In diesem Zeitraum langsam reduzieren.<\/p>\n<p><strong>Klicken Sie hier f\u00fcr <a href=\"https:\/\/viewer.mediafly.com\/forfarmersgroup_share\/s\/2bdc4ece398d467da0cae67c9d01de20#\/document\/dc9b82680b70409890061c2c9a7832c9product1982979?c=eyJ0IjoxLCJ2IjoiYmY5NTM5YjNhNWViZWM4M2U4Yzg5YmZjYTI1YThmNzAifQ%3D%3D&amp;page=1&amp;parentSlug=dc9b82680b70409890061c2c9a7832c9product316643&amp;shareSlug=2bdc4ece398d467da0cae67c9d01de20\">Zusammensetzung und Inhaltsstoffe.<\/a><\/strong><\/p>\n<p><strong>Auch in BigBox erh\u00e4ltlich<\/strong><\/p>\n<p>Pavo Podo\u00aeLac ist auch in BigBox erh\u00e4ltlich: die ideale Gro\u00dfverpackung, wenn zwischen 5 und 10 Pferde die gleiche Art von Kraftfutter erhalten.<\/p>\n<div class=\"column is-7\">\n<div class=\"content\">\n<div class=\"column is-7\">\n<div class=\"content\">\n<div class=\"column is-7\">\n<div class=\"content\">\n<div class=\"column is-5\">\n<div class=\"content\">\n<p><strong>N\u00fctzlicher Tipp: <\/strong><strong>Stuten, die w\u00e4hrend der Laktation extrem abnehmen<\/strong><\/p>\n<p>Podo\u00aeLac ist entwickelt worden, um die Milchproduktion der Stute zu stimulieren und zu unterst\u00fctzen. Aber manche Stuten produzieren so viel Milch, dass sie sich selbst \u201eauszehren\u201c. Das Resultat ist eine magere Stute und ein fettes Fohlen. Sollte Ihre Stute w\u00e4hrend der Laktation stark abnehmen, ersetzen Sie etwa 6-8 Wochen nach dem Abfohlen Pavo PodoLac durch Pavo Performance. Dadurch erh\u00e4lt die Stute viel Energie, aber die Milchproduktion wird etwas reduziert, wodurch sie die Chance hat, sich zu erholen. Wechseln Sie langsam (innerhalb von 2 Wochen) \u00fcber.     <\/p>\n<\/div>\n<\/div>\n<\/div>\n<\/div>\n<\/div>\n<\/div>\n<\/div>\n<\/div>\n","protected":false},"excerpt":{"rendered":"<p><strong>F\u00fcr tragende und laktierende Stuten<\/strong><\/p>\n","protected":false},"featured_media":2555,"template":"","meta":{"inline_featured_image":false,"site-sidebar-layout":"default","site-content-layout":"default","ast-site-content-layout":"default","site-content-style":"default","site-sidebar-style":"default","ast-global-header-display":"","ast-banner-title-visibility":"","ast-main-header-display":"","ast-hfb-above-header-display":"","ast-hfb-below-header-display":"","ast-hfb-mobile-header-display":"","site-post-title":"","ast-breadcrumbs-content":"","ast-featured-img":"","footer-sml-layout":"","theme-transparent-header-meta":"default","adv-header-id-meta":"","stick-header-meta":"","header-above-stick-meta":"","header-main-stick-meta":"","header-below-stick-meta":"","astra-migrate-meta-layouts":"default","ast-page-background-enabled":"default","ast-page-background-meta":{"desktop":{"background-color":"var(--ast-global-color-4)","background-image":"","background-repeat":"repeat","background-position":"center center","background-size":"auto","background-attachment":"scroll","background-type":"","background-media":"","overlay-type":"","overlay-color":"","overlay-opacity":"","overlay-gradient":""},"tablet":{"background-color":"","background-image":"","background-repeat":"repeat","background-position":"center center","background-size":"auto","background-attachment":"scroll","background-type":"","background-media":"","overlay-type":"","overlay-color":"","overlay-opacity":"","overlay-gradient":""},"mobile":{"background-color":"","background-image":"","background-repeat":"repeat","background-position":"center center","background-size":"auto","background-attachment":"scroll","background-type":"","background-media":"","overlay-type":"","overlay-color":"","overlay-opacity":"","overlay-gradient":""}},"ast-content-background-meta":{"desktop":{"background-color":"var(--ast-global-color-5)","background-image":"","background-repeat":"repeat","background-position":"center center","background-size":"auto","background-attachment":"scroll","background-type":"","background-media":"","overlay-type":"","overlay-color":"","overlay-opacity":"","overlay-gradient":""},"tablet":{"background-color":"var(--ast-global-color-5)","background-image":"","background-repeat":"repeat","background-position":"center center","background-size":"auto","background-attachment":"scroll","background-type":"","background-media":"","overlay-type":"","overlay-color":"","overlay-opacity":"","overlay-gradient":""},"mobile":{"background-color":"var(--ast-global-color-5)","background-image":"","background-repeat":"repeat","background-position":"center center","background-size":"auto","background-attachment":"scroll","background-type":"","background-media":"","overlay-type":"","overlay-color":"","overlay-opacity":"","overlay-gradient":""}}},"product_cat":[53],"product_tag":[],"class_list":{"0":"post-2765","1":"product","2":"type-product","3":"status-publish","4":"has-post-thumbnail","6":"product_cat-zucht","7":"pa_hoeveelheid-54","8":"pa_hoeveelheid-55","9":"pa_hoeveelheid-56","10":"pa_hoeveelheid-57","11":"pa_hoeveelheid-58","12":"pa_leverwijze-silo","13":"pa_silo-nummer-69","14":"pa_silo-nummer-70","15":"pa_silo-nummer-71","16":"pa_silo-nummer-72","17":"wcpa_has_options","18":"desktop-align-left","19":"tablet-align-left","20":"mobile-align-left","22":"first","23":"instock","24":"shipping-taxable","25":"purchasable","26":"product-type-variable"},"_links":{"self":[{"href":"https:\/\/www.zwienenberg-horsefeed.com\/de\/wp-json\/wp\/v2\/product\/2765","targetHints":{"allow":["GET"]}}],"collection":[{"href":"https:\/\/www.zwienenberg-horsefeed.com\/de\/wp-json\/wp\/v2\/product"}],"about":[{"href":"https:\/\/www.zwienenberg-horsefeed.com\/de\/wp-json\/wp\/v2\/types\/product"}],"wp:featuredmedia":[{"embeddable":true,"href":"https:\/\/www.zwienenberg-horsefeed.com\/de\/wp-json\/wp\/v2\/media\/2555"}],"wp:attachment":[{"href":"https:\/\/www.zwienenberg-horsefeed.com\/de\/wp-json\/wp\/v2\/media?parent=2765"}],"wp:term":[{"taxonomy":"product_cat","embeddable":true,"href":"https:\/\/www.zwienenberg-horsefeed.com\/de\/wp-json\/wp\/v2\/product_cat?post=2765"},{"taxonomy":"product_tag","embeddable":true,"href":"https:\/\/www.zwienenberg-horsefeed.com\/de\/wp-json\/wp\/v2\/product_tag?post=2765"}],"curies":[{"name":"wp","href":"https:\/\/api.w.org\/{rel}","templated":true}]}}