{"id":2786,"date":"2022-07-19T17:59:16","date_gmt":"2022-07-19T15:59:16","guid":{"rendered":"https:\/\/www.zwienenberg-horsefeed.com\/product\/pavo-podolac-pro\/"},"modified":"2025-08-21T08:11:13","modified_gmt":"2025-08-21T06:11:13","slug":"pavo-podolac-pro","status":"publish","type":"product","link":"https:\/\/www.zwienenberg-horsefeed.com\/de\/product\/pavo-podolac-pro\/","title":{"rendered":"Pavo Podo\u00aeLac PRO"},"content":{"rendered":"<p><strong>\u2022 Unterst\u00fctzt die allgemeine Gesundheit der Stute<\/strong><br \/>\n<strong>\u2022 Mit bew\u00e4hrtem Podo\u00ae-Konzept<\/strong><\/p>\n<p>Mit Pavo Podo\u00aeLac PRO versorgen Sie sowohl die Stute als auch das ungeborene Fohlen w\u00e4hrend der letzten Tr\u00e4chtigkeitsmonate und w\u00e4hrend der Laktation mit allen erforderlichen N\u00e4hrstoffen. Dieses Kraftfutter eignet sich hervorragend zur Erg\u00e4nzung von qualitativ hochwertigem Raufutter und\/oder bei gutem Weidemanagement. In der letzten Phase der Tr\u00e4chtigkeit ben\u00f6tigt die Stute zus\u00e4tzliches Protein und Energie. Pavo Podo\u00aeLac PRO enth\u00e4lt einen ausgewogenen Energie- und Proteingehalt, um diesen Bedarf zu decken. Dies unterst\u00fctzt die Konditionserhaltung der Stute und die Milchproduktion. Das wissenschaftlich erprobte Podo\u00ae-Konzept wurde hinzugef\u00fcgt, um eine<br \/>\ngesunde Knochenentwicklung des ungeborenen Fohlens zu unterst\u00fctzen. Dar\u00fcber hinaus enth\u00e4lt es gut absorbierbare Spurenelemente (Kupfer, Zink und Mangan), die zur Entwicklung von Knochen, Organen, Fell und Verdauung beitragen.     <\/p>\n<p><strong>Wichtige Eigenschaften<\/strong><\/p>\n<p>\u2022 Ausgewogener Protein- und Energiegehalt<br \/>\n\u2022 Enth\u00e4lt das wissenschaftlich erprobte Podo\u00ae-Konzept<br \/>\n\u2022 Reduziert das Risiko der Entwicklung von OC(D) um bis zu 50%<br \/>\n\u2022 Unterst\u00fctzt die Erhaltung einer gesunden K\u00f6rperkondition und die Milchproduktion der Stute<br \/>\n\u2022 Geeignet zur Erg\u00e4nzung von qualitativ hochwertigem Raufutter und\/oder Weidemanagement<\/p>\n<p><strong>Anwendung<\/strong><\/p>\n<p><span data-sheets-value=\"{\"1\":2,\"2\":\"Voor drachtige merries vanaf de 9e maand en tijdens de zoogperiode\"}\" data-sheets-userformat=\"{\"2\":13185,\"3\":{\"1\":0},\"10\":0,\"11\":4,\"12\":0,\"15\":\"Poppins\",\"16\":10}\">F\u00fcr tr\u00e4chtige Stuten ab dem 9. Monat und w\u00e4hrend der S\u00e4ugeperiode<\/span><\/p>\n<p><strong>F\u00fctterungsempfehlung*<\/strong><\/p>\n<p>Monat 9 bis 11 der Tr\u00e4chtigkeit:<\/p>\n<p>Pferd -&gt; 2,5 kg \/ Tag, Pony -&gt; 1,2 kg \/ Tag<\/p>\n<p>W\u00e4hrend der Laktation &#8211; Monat 1 bis 4:<\/p>\n<p>Pferd -&gt; 4,0 kg \/ Tag, Pony -&gt; 2,0 kg \/ Tag<\/p>\n<p>W\u00e4hrend der Laktation &#8211; Monat 5 bis 6:<\/p>\n<p>Pferd -&gt; 2,1 kg \/ Tag, Pony -&gt; 1,0 kg \/ Tag<\/p>\n<p>* Die genaue F\u00fctterungsempfehlung h\u00e4ngt stark von der Verf\u00fcgbarkeit und Qualit\u00e4t des Raufutters ab. Bei verminderter Raufutterqualit\u00e4t empfehlen wir den Wechsel zu Pavo Podo\u00aeLac. <\/p>\n<p>** In diesem Zeitraum langsam reduzieren.<\/p>\n<p>1 volle Pavo Futterschaufel Podo Lac enth\u00e4lt circa 1,2 KG.<\/p>\n<p><strong>Klicken Sie hier f\u00fcr die <a href=\"https:\/\/viewer.mediafly.com\/forfarmersgroup_share\/s\/d5242d84634043c4ae480c52a255e8ed#\/document\/dc9b82680b70409890061c2c9a7832c9product1982978?c=eyJ0IjoxLCJ2IjoiOGIyMWM3YTc2YWQwZjQ2ZmU2ODA3MjhmZTBmOTEzYzYifQ%3D%3D&amp;page=1&amp;parentSlug=dc9b82680b70409890061c2c9a7832c9product316643&amp;shareSlug=d5242d84634043c4ae480c52a255e8ed\">Zusammensetzung und Bestandteile.<\/a><\/strong><\/p>\n","protected":false},"excerpt":{"rendered":"<p><strong>F\u00fcr tragende und laktierende Stuten<\/strong><\/p>\n","protected":false},"featured_media":1883,"template":"","meta":{"inline_featured_image":false,"site-sidebar-layout":"default","site-content-layout":"default","ast-site-content-layout":"default","site-content-style":"default","site-sidebar-style":"default","ast-global-header-display":"","ast-banner-title-visibility":"","ast-main-header-display":"","ast-hfb-above-header-display":"","ast-hfb-below-header-display":"","ast-hfb-mobile-header-display":"","site-post-title":"","ast-breadcrumbs-content":"","ast-featured-img":"","footer-sml-layout":"","theme-transparent-header-meta":"default","adv-header-id-meta":"","stick-header-meta":"","header-above-stick-meta":"","header-main-stick-meta":"","header-below-stick-meta":"","astra-migrate-meta-layouts":"default","ast-page-background-enabled":"default","ast-page-background-meta":{"desktop":{"background-color":"var(--ast-global-color-4)","background-image":"","background-repeat":"repeat","background-position":"center center","background-size":"auto","background-attachment":"scroll","background-type":"","background-media":"","overlay-type":"","overlay-color":"","overlay-opacity":"","overlay-gradient":""},"tablet":{"background-color":"","background-image":"","background-repeat":"repeat","background-position":"center center","background-size":"auto","background-attachment":"scroll","background-type":"","background-media":"","overlay-type":"","overlay-color":"","overlay-opacity":"","overlay-gradient":""},"mobile":{"background-color":"","background-image":"","background-repeat":"repeat","background-position":"center center","background-size":"auto","background-attachment":"scroll","background-type":"","background-media":"","overlay-type":"","overlay-color":"","overlay-opacity":"","overlay-gradient":""}},"ast-content-background-meta":{"desktop":{"background-color":"var(--ast-global-color-5)","background-image":"","background-repeat":"repeat","background-position":"center center","background-size":"auto","background-attachment":"scroll","background-type":"","background-media":"","overlay-type":"","overlay-color":"","overlay-opacity":"","overlay-gradient":""},"tablet":{"background-color":"var(--ast-global-color-5)","background-image":"","background-repeat":"repeat","background-position":"center center","background-size":"auto","background-attachment":"scroll","background-type":"","background-media":"","overlay-type":"","overlay-color":"","overlay-opacity":"","overlay-gradient":""},"mobile":{"background-color":"var(--ast-global-color-5)","background-image":"","background-repeat":"repeat","background-position":"center center","background-size":"auto","background-attachment":"scroll","background-type":"","background-media":"","overlay-type":"","overlay-color":"","overlay-opacity":"","overlay-gradient":""}}},"product_cat":[53],"product_tag":[],"class_list":{"0":"post-2786","1":"product","2":"type-product","3":"status-publish","4":"has-post-thumbnail","6":"product_cat-zucht","7":"pa_hoeveelheid-54","8":"pa_hoeveelheid-55","9":"pa_hoeveelheid-56","10":"pa_hoeveelheid-57","11":"pa_hoeveelheid-58","12":"pa_leverwijze-silo","13":"pa_silo-nummer-69","14":"pa_silo-nummer-70","15":"pa_silo-nummer-71","16":"pa_silo-nummer-72","17":"wcpa_has_options","18":"desktop-align-left","19":"tablet-align-left","20":"mobile-align-left","22":"first","23":"instock","24":"shipping-taxable","25":"purchasable","26":"product-type-variable"},"_links":{"self":[{"href":"https:\/\/www.zwienenberg-horsefeed.com\/de\/wp-json\/wp\/v2\/product\/2786","targetHints":{"allow":["GET"]}}],"collection":[{"href":"https:\/\/www.zwienenberg-horsefeed.com\/de\/wp-json\/wp\/v2\/product"}],"about":[{"href":"https:\/\/www.zwienenberg-horsefeed.com\/de\/wp-json\/wp\/v2\/types\/product"}],"wp:featuredmedia":[{"embeddable":true,"href":"https:\/\/www.zwienenberg-horsefeed.com\/de\/wp-json\/wp\/v2\/media\/1883"}],"wp:attachment":[{"href":"https:\/\/www.zwienenberg-horsefeed.com\/de\/wp-json\/wp\/v2\/media?parent=2786"}],"wp:term":[{"taxonomy":"product_cat","embeddable":true,"href":"https:\/\/www.zwienenberg-horsefeed.com\/de\/wp-json\/wp\/v2\/product_cat?post=2786"},{"taxonomy":"product_tag","embeddable":true,"href":"https:\/\/www.zwienenberg-horsefeed.com\/de\/wp-json\/wp\/v2\/product_tag?post=2786"}],"curies":[{"name":"wp","href":"https:\/\/api.w.org\/{rel}","templated":true}]}}