{"id":2823,"date":"2025-06-02T10:53:56","date_gmt":"2025-06-02T08:53:56","guid":{"rendered":"https:\/\/www.zwienenberg-horsefeed.com\/product\/pavo-podogrow-725kg\/"},"modified":"2025-06-27T11:17:34","modified_gmt":"2025-06-27T09:17:34","slug":"pavo-podogrow-725kg","status":"publish","type":"product","link":"https:\/\/www.zwienenberg-horsefeed.com\/de\/product\/pavo-podogrow-725kg\/","title":{"rendered":"Pavo Podo\u00aeGrow (725kg)"},"content":{"rendered":"<h2 data-start=\"165\" data-end=\"219\">\u00dcber Pavo Podo\u00aeGrow<\/h2>\n<p data-start=\"221\" data-end=\"490\">Die ersten Jahre eines Pferdes sind entscheidend f\u00fcr den Rest seines Lebens. Pavo Podo\u00aeGrow ist ein Aufzuchtfutter, das speziell f\u00fcr Fohlen und junge Pferde bis zu 2,5 Jahren entwickelt wurde. Es unterst\u00fctzt ein gleichm\u00e4\u00dfiges Wachstum, starke Knochen und eine gesunde Muskelentwicklung. Ein zu schnelles oder unregelm\u00e4\u00dfiges Wachstum kann das Risiko f\u00fcr Gelenkprobleme wie OC und OCD erh\u00f6hen. Podo\u00aeGrow enth\u00e4lt das einzigartige und bew\u00e4hrte <strong data-start=\"628\" data-end=\"645\">Podo\u00ae-Konzept<\/strong>, eine spezielle Mineralmischung, die das Risiko f\u00fcr diese Erkrankungen um bis zu 50 % reduzieren kann.<\/p>\n<p data-start=\"739\" data-end=\"918\">Dar\u00fcber hinaus enth\u00e4lt das Futter hochwertige Proteine f\u00fcr den Muskelaufbau, Pr\u00e4biotika f\u00fcr eine gesunde Verdauung und Antioxidantien (CellProtect) zur Unterst\u00fctzung des Immunsystems.<\/p>\n<h2 class=\"tw-text-lg tw-font-bold\">Wichtige Eigenschaften<\/h2>\n<div class=\"content\">\n<ul>\n<li>Aufzuchtfutter f\u00fcr heranwachsende Pferde<\/li>\n<li>Enth\u00e4lt das bew\u00e4hrte Podo\u00ae Konzept f\u00fcr eine gesunde Knochenentwicklung<\/li>\n<li>Unterst\u00fctzt gleichm\u00e4\u00dfiges Wachstum<\/li>\n<li>Mit hochwertigen Proteinen f\u00fcr eine gesunde Muskelentwicklung<\/li>\n<li>Mit Kupfer, Zink und Mangan in sehr gut absorbierbarer Form<\/li>\n<\/ul>\n<\/div>\n<h2 class=\"tw-text-lg tw-font-bold\">Anwendung<\/h2>\n<div class=\"content\">\n<ul>\n<li>F\u00fcr Fohlen, ab einigen Wochen nach dem Absetzen<\/li>\n<li>Jungpferde bis zu 3 Jahren<\/li>\n<\/ul>\n<p>Wenn Ihr Pferd 3 Jahre alt ist, aber immer noch stark w\u00e4chst oder etwas mager ist, wird empfohlen, Pavo Podo\u00aeGrow weiterhin zu f\u00fcttern.<\/p>\n<\/div>\n<p data-start=\"739\" data-end=\"918\"><a href=\"https:\/\/www.zwienenberg-horsefeed.com\/wp-content\/uploads\/2025\/06\/91496-pavo-podogrow-725kg.pdf\"><strong>Spezifikationen herunterladen<\/strong><\/a><\/p>\n","protected":false},"excerpt":{"rendered":"<p class=\"product-info__subtitle is-hidden-mobile\"><strong>Pellets f\u00fcr junge und heranwachsende Pferde<br \/>\n<\/strong>Die Entwicklung gesunder Knochen und Gelenke ist entscheidend f\u00fcr die Gesundheit und zuk\u00fcnftige Leistungsf\u00e4higkeit eines Pferdes. Mit dem Aufzuchtfutter Pavo Podo\u00aeGrow unterst\u00fctzen Sie Ihr heranwachsendes Pferd optimal.<\/p>\n","protected":false},"featured_media":2596,"template":"","meta":{"inline_featured_image":false,"site-sidebar-layout":"default","site-content-layout":"","ast-site-content-layout":"default","site-content-style":"default","site-sidebar-style":"default","ast-global-header-display":"","ast-banner-title-visibility":"","ast-main-header-display":"","ast-hfb-above-header-display":"","ast-hfb-below-header-display":"","ast-hfb-mobile-header-display":"","site-post-title":"","ast-breadcrumbs-content":"","ast-featured-img":"","footer-sml-layout":"","theme-transparent-header-meta":"default","adv-header-id-meta":"","stick-header-meta":"","header-above-stick-meta":"","header-main-stick-meta":"","header-below-stick-meta":"","astra-migrate-meta-layouts":"set","ast-page-background-enabled":"default","ast-page-background-meta":{"desktop":{"background-color":"var(--ast-global-color-4)","background-image":"","background-repeat":"repeat","background-position":"center center","background-size":"auto","background-attachment":"scroll","background-type":"","background-media":"","overlay-type":"","overlay-color":"","overlay-opacity":"","overlay-gradient":""},"tablet":{"background-color":"","background-image":"","background-repeat":"repeat","background-position":"center center","background-size":"auto","background-attachment":"scroll","background-type":"","background-media":"","overlay-type":"","overlay-color":"","overlay-opacity":"","overlay-gradient":""},"mobile":{"background-color":"","background-image":"","background-repeat":"repeat","background-position":"center center","background-size":"auto","background-attachment":"scroll","background-type":"","background-media":"","overlay-type":"","overlay-color":"","overlay-opacity":"","overlay-gradient":""}},"ast-content-background-meta":{"desktop":{"background-color":"var(--ast-global-color-5)","background-image":"","background-repeat":"repeat","background-position":"center center","background-size":"auto","background-attachment":"scroll","background-type":"","background-media":"","overlay-type":"","overlay-color":"","overlay-opacity":"","overlay-gradient":""},"tablet":{"background-color":"var(--ast-global-color-5)","background-image":"","background-repeat":"repeat","background-position":"center center","background-size":"auto","background-attachment":"scroll","background-type":"","background-media":"","overlay-type":"","overlay-color":"","overlay-opacity":"","overlay-gradient":""},"mobile":{"background-color":"var(--ast-global-color-5)","background-image":"","background-repeat":"repeat","background-position":"center center","background-size":"auto","background-attachment":"scroll","background-type":"","background-media":"","overlay-type":"","overlay-color":"","overlay-opacity":"","overlay-gradient":""}}},"product_cat":[53],"product_tag":[],"class_list":{"0":"post-2823","1":"product","2":"type-product","3":"status-publish","4":"has-post-thumbnail","6":"product_cat-zucht","7":"pa_leverwijze-bigbox","8":"desktop-align-left","9":"tablet-align-left","10":"mobile-align-left","12":"first","13":"instock","14":"shipping-taxable","15":"purchasable","16":"product-type-simple"},"_links":{"self":[{"href":"https:\/\/www.zwienenberg-horsefeed.com\/de\/wp-json\/wp\/v2\/product\/2823","targetHints":{"allow":["GET"]}}],"collection":[{"href":"https:\/\/www.zwienenberg-horsefeed.com\/de\/wp-json\/wp\/v2\/product"}],"about":[{"href":"https:\/\/www.zwienenberg-horsefeed.com\/de\/wp-json\/wp\/v2\/types\/product"}],"wp:featuredmedia":[{"embeddable":true,"href":"https:\/\/www.zwienenberg-horsefeed.com\/de\/wp-json\/wp\/v2\/media\/2596"}],"wp:attachment":[{"href":"https:\/\/www.zwienenberg-horsefeed.com\/de\/wp-json\/wp\/v2\/media?parent=2823"}],"wp:term":[{"taxonomy":"product_cat","embeddable":true,"href":"https:\/\/www.zwienenberg-horsefeed.com\/de\/wp-json\/wp\/v2\/product_cat?post=2823"},{"taxonomy":"product_tag","embeddable":true,"href":"https:\/\/www.zwienenberg-horsefeed.com\/de\/wp-json\/wp\/v2\/product_tag?post=2823"}],"curies":[{"name":"wp","href":"https:\/\/api.w.org\/{rel}","templated":true}]}}