{"id":2830,"date":"2022-07-19T17:55:04","date_gmt":"2022-07-19T15:55:04","guid":{"rendered":"https:\/\/www.zwienenberg-horsefeed.com\/product\/pavo-podogrow\/"},"modified":"2025-08-18T09:25:44","modified_gmt":"2025-08-18T07:25:44","slug":"pavo-podogrow","status":"publish","type":"product","link":"https:\/\/www.zwienenberg-horsefeed.com\/de\/product\/pavo-podogrow\/","title":{"rendered":"Pavo Podo\u00aeGrow"},"content":{"rendered":"<p><strong>\u2022 Unterst\u00fctzt gesundes und gleichm\u00e4\u00dfiges Wachstum<\/strong><br \/>\n<strong>\u2022 Enth\u00e4lt das bew\u00e4hrte Podo\u00ae-Konzept<\/strong><\/p>\n<p>In den ersten 2,5 Jahren ist die Ern\u00e4hrung einer der wesentlichen Faktoren zur Pr\u00e4vention von Gelenkproblemen wie OC(D). Mit Pavo Podo\u00aeGrow unterst\u00fctzen Sie die Entwicklung des heranwachsenden Pferdes optimal durch die Beif\u00fcgung des bew\u00e4hrten Podo\u00ae-Konzepts. Hiermit versorgen Sie das junge Pferd mit allen erforderlichen N\u00e4hrstoffen, wie Kalzium, Phosphor und Magnesium, die eine entscheidende Rolle bei der Entwicklung gesunder Knochen spielen. Dar\u00fcber hinaus sind ausreichend Kupfer, Zink und Mangan in gut aufnehmbarer Form zugesetzt. Pavo Podo\u00aeGrow enth\u00e4lt einen optimalen Energiegehalt und hochwertige Proteine, die ein stabiles und gleichm\u00e4\u00dfiges Wachstum unterst\u00fctzen. Die Zugabe von Pr\u00e4biotika f\u00f6rdert eine gesunde Verdauung, und die beigef\u00fcgten Antioxidantien bieten zus\u00e4tzlichen Schutz vor Krankheiten.     <\/p>\n<p><strong>Wichtige Eigenschaften<\/strong><\/p>\n<p>\u2022 Enth\u00e4lt das wissenschaftlich nachgewiesene Podo\u00ae-Konzept<br \/>\n\u2022 Reduziert das Risiko der Entwicklung von OC(D) um bis zu 50%<br \/>\n\u2022 Unterst\u00fctzt ein stabiles und gleichm\u00e4\u00dfiges Wachstum<br \/>\n\u2022 Mit hochwertigen Proteinen f\u00fcr eine gesunde Muskelentwicklung<br \/>\n\u2022 Mit Pr\u00e4biotika f\u00fcr eine gesunde Darmfunktion<br \/>\n\u2022 8 mm Pellets<\/p>\n<p><strong>Anwendung<\/strong><\/p>\n<p><span data-sheets-value=\"{\"1\":2,\"2\":\"Voor jonge paarden van 8 t\/m 30 maanden oud.\\nPavo Podo\u00ae Grow, stap 3 in de begeleiding van het veulen naar een gezond volwassen leven.\"}\" data-sheets-userformat=\"{\"2\":13185,\"3\":{\"1\":0},\"10\":0,\"11\":4,\"12\":0,\"15\":\"Poppins\",\"16\":10}\">F\u00fcr junge Pferde im Alter von 8 bis 30 Monaten.<br \/>\nPavo Podo\u00ae Grow, Schritt 3 in der Begleitung des Fohlens zu einem gesunden Erwachsenenleben.<\/span><\/p>\n<p><strong>F\u00fctterungsempfehlung*<\/strong><\/p>\n<p>6-11 Monate:<\/p>\n<p>Pferd -&gt; 2,0 kg \/ Tag, Pony -&gt; 1,0 kg \/ Tag<\/p>\n<p>12-18 Monate:<\/p>\n<p>Pferd -&gt; 1,2 kg \/ Tag, Pony -&gt; 0,6 kg \/ Tag<\/p>\n<p>18-30 Monate:<\/p>\n<p>Pferd -&gt; 1,5 kg \/ Tag, Pony -&gt; 0,75 kg \/ Tag<\/p>\n<p>Wechseln Sie nach 30-36 Monaten schrittweise zu Futter f\u00fcr erwachsene Pferde. * Die genaue F\u00fctterungsempfehlung h\u00e4ngt stark von der Verf\u00fcgbarkeit und Qualit\u00e4t des Raufutters ab. Bei hochwertigem Raufutter ist es m\u00f6glich, Pavo Podo\u00aeGrow PRO zu f\u00fcttern  <\/p>\n<p>Schaufelinhalt<br \/>\n1 volle Pavo Futterschaufel Podo Grow enth\u00e4lt circa 1,3 KG.<\/p>\n<p><strong>Klicken Sie hier f\u00fcr die<a href=\"https:\/\/viewer.mediafly.com\/forfarmersgroup_share\/s\/b40f1f00092c4022baeb823991d39c05#\/document\/dc9b82680b70409890061c2c9a7832c9product1982977?c=eyJ0IjoxLCJ2IjoiNjQxNmU3NTBhYjNjNjUyYWRlZjk4NmMwNzBlN2ZjNzcifQ%3D%3D&amp;page=1&amp;parentSlug=dc9b82680b70409890061c2c9a7832c9product316643&amp;shareSlug=b40f1f00092c4022baeb823991d39c05\"> Zusammensetzung und Inhaltsstoffe.<\/a><\/strong><\/p>\n","protected":false},"excerpt":{"rendered":"<p><strong>Aufzuchtfutter f\u00fcr heranwachsende Pferde und Ponys<\/strong><\/p>\n","protected":false},"featured_media":2553,"template":"","meta":{"inline_featured_image":false,"site-sidebar-layout":"default","site-content-layout":"default","ast-site-content-layout":"default","site-content-style":"default","site-sidebar-style":"default","ast-global-header-display":"","ast-banner-title-visibility":"","ast-main-header-display":"","ast-hfb-above-header-display":"","ast-hfb-below-header-display":"","ast-hfb-mobile-header-display":"","site-post-title":"","ast-breadcrumbs-content":"","ast-featured-img":"","footer-sml-layout":"","theme-transparent-header-meta":"default","adv-header-id-meta":"","stick-header-meta":"","header-above-stick-meta":"","header-main-stick-meta":"","header-below-stick-meta":"","astra-migrate-meta-layouts":"default","ast-page-background-enabled":"default","ast-page-background-meta":{"desktop":{"background-color":"var(--ast-global-color-4)","background-image":"","background-repeat":"repeat","background-position":"center center","background-size":"auto","background-attachment":"scroll","background-type":"","background-media":"","overlay-type":"","overlay-color":"","overlay-opacity":"","overlay-gradient":""},"tablet":{"background-color":"","background-image":"","background-repeat":"repeat","background-position":"center center","background-size":"auto","background-attachment":"scroll","background-type":"","background-media":"","overlay-type":"","overlay-color":"","overlay-opacity":"","overlay-gradient":""},"mobile":{"background-color":"","background-image":"","background-repeat":"repeat","background-position":"center center","background-size":"auto","background-attachment":"scroll","background-type":"","background-media":"","overlay-type":"","overlay-color":"","overlay-opacity":"","overlay-gradient":""}},"ast-content-background-meta":{"desktop":{"background-color":"var(--ast-global-color-5)","background-image":"","background-repeat":"repeat","background-position":"center center","background-size":"auto","background-attachment":"scroll","background-type":"","background-media":"","overlay-type":"","overlay-color":"","overlay-opacity":"","overlay-gradient":""},"tablet":{"background-color":"var(--ast-global-color-5)","background-image":"","background-repeat":"repeat","background-position":"center center","background-size":"auto","background-attachment":"scroll","background-type":"","background-media":"","overlay-type":"","overlay-color":"","overlay-opacity":"","overlay-gradient":""},"mobile":{"background-color":"var(--ast-global-color-5)","background-image":"","background-repeat":"repeat","background-position":"center center","background-size":"auto","background-attachment":"scroll","background-type":"","background-media":"","overlay-type":"","overlay-color":"","overlay-opacity":"","overlay-gradient":""}}},"product_cat":[53],"product_tag":[],"class_list":{"0":"post-2830","1":"product","2":"type-product","3":"status-publish","4":"has-post-thumbnail","6":"product_cat-zucht","7":"pa_hoeveelheid-54","8":"pa_hoeveelheid-55","9":"pa_hoeveelheid-56","10":"pa_hoeveelheid-57","11":"pa_hoeveelheid-58","12":"pa_leverwijze-silo","13":"pa_silo-nummer-69","14":"pa_silo-nummer-70","15":"pa_silo-nummer-71","16":"pa_silo-nummer-72","17":"wcpa_has_options","18":"desktop-align-left","19":"tablet-align-left","20":"mobile-align-left","22":"first","23":"instock","24":"shipping-taxable","25":"purchasable","26":"product-type-variable"},"_links":{"self":[{"href":"https:\/\/www.zwienenberg-horsefeed.com\/de\/wp-json\/wp\/v2\/product\/2830","targetHints":{"allow":["GET"]}}],"collection":[{"href":"https:\/\/www.zwienenberg-horsefeed.com\/de\/wp-json\/wp\/v2\/product"}],"about":[{"href":"https:\/\/www.zwienenberg-horsefeed.com\/de\/wp-json\/wp\/v2\/types\/product"}],"wp:featuredmedia":[{"embeddable":true,"href":"https:\/\/www.zwienenberg-horsefeed.com\/de\/wp-json\/wp\/v2\/media\/2553"}],"wp:attachment":[{"href":"https:\/\/www.zwienenberg-horsefeed.com\/de\/wp-json\/wp\/v2\/media?parent=2830"}],"wp:term":[{"taxonomy":"product_cat","embeddable":true,"href":"https:\/\/www.zwienenberg-horsefeed.com\/de\/wp-json\/wp\/v2\/product_cat?post=2830"},{"taxonomy":"product_tag","embeddable":true,"href":"https:\/\/www.zwienenberg-horsefeed.com\/de\/wp-json\/wp\/v2\/product_tag?post=2830"}],"curies":[{"name":"wp","href":"https:\/\/api.w.org\/{rel}","templated":true}]}}