{"id":2839,"date":"2025-06-02T10:45:29","date_gmt":"2025-06-02T08:45:29","guid":{"rendered":"https:\/\/www.zwienenberg-horsefeed.com\/product\/pavo-condition-725kg\/"},"modified":"2025-08-15T10:45:45","modified_gmt":"2025-08-15T08:45:45","slug":"pavo-condition-725kg","status":"publish","type":"product","link":"https:\/\/www.zwienenberg-horsefeed.com\/de\/product\/pavo-condition-725kg\/","title":{"rendered":"Pavo Condition (725kg)"},"content":{"rendered":"<h2><strong>\u00dcber Pavo Condition<\/strong><\/h2>\n<p>Mit Pavo Condition versorgen Sie Ihr Pferd mit der vollst\u00e4ndigen t\u00e4glichen Zufuhr an Vitaminen und Mineralstoffen. Dieses zucker- und st\u00e4rkearme Pellet enth\u00e4lt einen hohen Anteil gut verdaulicher Fasern. Obwohl alle Zutaten zu Pellets gepresst sind, kaut Ihr Pferd im Vergleich zu Pellets, die nicht so faserreich sind, besonders lange und intensiv darauf. Je l\u00e4nger Ihr Pferd f\u00fcr seine Kraftfuttermahlzeit ben\u00f6tigt, desto besser ist dies f\u00fcr seinen Magen und Darm! Dar\u00fcber hinaus verleiht der zus\u00e4tzliche Leinsamen in Pavo Condition Ihrem Pferd ein sch\u00f6nes, gl\u00e4nzendes Fell.    <\/p>\n<p>Pavo Condition ist haferfrei und somit geeignet f\u00fcr Pferde, die schnell durch Hafer erhitzt werden. Auch wenn Sie gerade ein neues Pferd haben oder mit dem Training beginnen, ist Pavo Condition ein ausgezeichnetes Erhaltungspellet zum Einstieg. <\/p>\n<h2>Wichtige Eigenschaften<\/h2>\n<ul>\n<li>Strukturreiches t\u00e4gliches Pellet<\/li>\n<li>F\u00fcr Freizeit und leichten Sport<\/li>\n<li>Alle t\u00e4glichen Vitamine und Mineralstoffe<\/li>\n<li>Mit Leinsamen f\u00fcr sch\u00f6nen Glanz<\/li>\n<li>Niedriger Zucker- und St\u00e4rkegehalt<\/li>\n<li>Haferfrei<\/li>\n<\/ul>\n<h2>Anwendung<\/h2>\n<p>Besonders geeignet f\u00fcr Pferde und Ponys, die:<\/p>\n<ul>\n<li>F\u00fcr Freizeitzwecke geritten werden<\/li>\n<li>Im Breitensport aktiv sind<\/li>\n<li>Durch Hafer erhitzt werden<\/li>\n<li>Gerade erst eingeritten sind<\/li>\n<li>Wenig zus\u00e4tzliche Energie ben\u00f6tigen (Energielevel niedrig)<\/li>\n<\/ul>\n<p><a href=\"https:\/\/www.zwienenberg-horsefeed.com\/wp-content\/uploads\/2025\/06\/91491-pavo-condition-725kg.pdf\"><strong>Spezifikationen herunterladen<\/strong><\/a><\/p>\n","protected":false},"excerpt":{"rendered":"<p class=\"product-info__subtitle is-hidden-mobile\"><strong>Gesundes Pellet voller nat\u00fcrlicher Fasern<br \/>\n<\/strong>Pavo Condition ist das vollst\u00e4ndige, strukturreiche Pellet mit niedrigem Energiewert f\u00fcr alle Pferde und Ponys in Freizeit und leichter Arbeit<\/p>\n","protected":false},"featured_media":2593,"template":"","meta":{"inline_featured_image":false,"site-sidebar-layout":"default","site-content-layout":"","ast-site-content-layout":"default","site-content-style":"default","site-sidebar-style":"default","ast-global-header-display":"","ast-banner-title-visibility":"","ast-main-header-display":"","ast-hfb-above-header-display":"","ast-hfb-below-header-display":"","ast-hfb-mobile-header-display":"","site-post-title":"","ast-breadcrumbs-content":"","ast-featured-img":"","footer-sml-layout":"","theme-transparent-header-meta":"default","adv-header-id-meta":"","stick-header-meta":"","header-above-stick-meta":"","header-main-stick-meta":"","header-below-stick-meta":"","astra-migrate-meta-layouts":"set","ast-page-background-enabled":"default","ast-page-background-meta":{"desktop":{"background-color":"var(--ast-global-color-4)","background-image":"","background-repeat":"repeat","background-position":"center center","background-size":"auto","background-attachment":"scroll","background-type":"","background-media":"","overlay-type":"","overlay-color":"","overlay-opacity":"","overlay-gradient":""},"tablet":{"background-color":"","background-image":"","background-repeat":"repeat","background-position":"center center","background-size":"auto","background-attachment":"scroll","background-type":"","background-media":"","overlay-type":"","overlay-color":"","overlay-opacity":"","overlay-gradient":""},"mobile":{"background-color":"","background-image":"","background-repeat":"repeat","background-position":"center center","background-size":"auto","background-attachment":"scroll","background-type":"","background-media":"","overlay-type":"","overlay-color":"","overlay-opacity":"","overlay-gradient":""}},"ast-content-background-meta":{"desktop":{"background-color":"var(--ast-global-color-5)","background-image":"","background-repeat":"repeat","background-position":"center center","background-size":"auto","background-attachment":"scroll","background-type":"","background-media":"","overlay-type":"","overlay-color":"","overlay-opacity":"","overlay-gradient":""},"tablet":{"background-color":"var(--ast-global-color-5)","background-image":"","background-repeat":"repeat","background-position":"center center","background-size":"auto","background-attachment":"scroll","background-type":"","background-media":"","overlay-type":"","overlay-color":"","overlay-opacity":"","overlay-gradient":""},"mobile":{"background-color":"var(--ast-global-color-5)","background-image":"","background-repeat":"repeat","background-position":"center center","background-size":"auto","background-attachment":"scroll","background-type":"","background-media":"","overlay-type":"","overlay-color":"","overlay-opacity":"","overlay-gradient":""}}},"product_cat":[52,51],"product_tag":[],"class_list":{"0":"post-2839","1":"product","2":"type-product","3":"status-publish","4":"has-post-thumbnail","6":"product_cat-allround-de","7":"product_cat-sport-de","8":"pa_leverwijze-bigbox","9":"desktop-align-left","10":"tablet-align-left","11":"mobile-align-left","13":"first","14":"instock","15":"shipping-taxable","16":"purchasable","17":"product-type-simple"},"_links":{"self":[{"href":"https:\/\/www.zwienenberg-horsefeed.com\/de\/wp-json\/wp\/v2\/product\/2839","targetHints":{"allow":["GET"]}}],"collection":[{"href":"https:\/\/www.zwienenberg-horsefeed.com\/de\/wp-json\/wp\/v2\/product"}],"about":[{"href":"https:\/\/www.zwienenberg-horsefeed.com\/de\/wp-json\/wp\/v2\/types\/product"}],"wp:featuredmedia":[{"embeddable":true,"href":"https:\/\/www.zwienenberg-horsefeed.com\/de\/wp-json\/wp\/v2\/media\/2593"}],"wp:attachment":[{"href":"https:\/\/www.zwienenberg-horsefeed.com\/de\/wp-json\/wp\/v2\/media?parent=2839"}],"wp:term":[{"taxonomy":"product_cat","embeddable":true,"href":"https:\/\/www.zwienenberg-horsefeed.com\/de\/wp-json\/wp\/v2\/product_cat?post=2839"},{"taxonomy":"product_tag","embeddable":true,"href":"https:\/\/www.zwienenberg-horsefeed.com\/de\/wp-json\/wp\/v2\/product_tag?post=2839"}],"curies":[{"name":"wp","href":"https:\/\/api.w.org\/{rel}","templated":true}]}}