{"id":2841,"date":"2025-06-02T10:38:43","date_gmt":"2025-06-02T08:38:43","guid":{"rendered":"https:\/\/www.zwienenberg-horsefeed.com\/product\/pavo-podolac-pellets-725kg\/"},"modified":"2025-06-27T11:21:12","modified_gmt":"2025-06-27T09:21:12","slug":"pavo-podolac-pellets-725kg","status":"publish","type":"product","link":"https:\/\/www.zwienenberg-horsefeed.com\/de\/product\/pavo-podolac-pellets-725kg\/","title":{"rendered":"Pavo Podo\u00aeLac Pellets (725kg)"},"content":{"rendered":"<h2><strong>\u00dcber Pavo Podo\u00aeLac Pellets<\/strong><\/h2>\n<p>Mit den Stutenpellets Pavo Podo\u00aeLac Pellets versorgen Sie das ungeborene Fohlen bereits mit allen wichtigen N\u00e4hrstoffen. Stutenmilch enth\u00e4lt von Natur aus zu wenig Kupfer und Zink f\u00fcr Fohlen, obwohl dies f\u00fcr eine gute Entwicklung von Knochen, Organen, Fell und Verdauungsprozessen unerl\u00e4sslich ist. Daher ist es so wichtig, in den letzten drei Monaten der Tr\u00e4chtigkeit unter anderem die Kupferzufuhr zu erh\u00f6hen, damit das ungeborene Fohlen \u00fcber die Nabelschnur einen Vorrat in der Leber anlegen kann. In den ersten drei Lebensmonaten wird dieser Vorrat dann allm\u00e4hlich verf\u00fcgbar und das Fohlen kann ihn f\u00fcr eine gesunde Entwicklung nutzen. Die Stutenpellets Pavo Podo\u00aeLac Pellets enthalten alle wichtigen N\u00e4hrstoffe f\u00fcr das ungeborene Fohlen und werden ab den letzten drei Monaten der Tr\u00e4chtigkeit bis zum Ende der S\u00e4ugeperiode gef\u00fcttert.    <\/p>\n<p><strong>Protein in Pavo Podo\u00aeLac Pellets<\/strong><\/p>\n<p>Aus jahrelanger Raufutterforschung wissen wir, dass die Energie- und Proteinwerte in Raufutter stark variieren und im Allgemeinen eher niedrig sind. Dabei handelt es sich gerade w\u00e4hrend der Tr\u00e4chtigkeit und Laktation um \u00e4u\u00dferst wichtige N\u00e4hrstoffe! Daher enthalten Pavo Podo\u00aeLac Pellets neben einer gro\u00dfen Menge Vitamin E auch einen hohen Protein- und Fettgehalt.  <\/p>\n<h2>Wichtige Eigenschaften<\/h2>\n<ul>\n<li>Mit Kupfer, Zink und Mangan in sehr gut aufnehmbarer Form f\u00fcr das ungeborene Fohlen<\/li>\n<li>Enth\u00e4lt das bew\u00e4hrte Podo\u00ae-Konzept<\/li>\n<li>Ausgekl\u00fcgeltes Ca\/P-Verh\u00e4ltnis und zus\u00e4tzliches Magnesium<\/li>\n<li>Mit zus\u00e4tzlichem Protein<\/li>\n<li>Zus\u00e4tzliches Vitamin E<\/li>\n<li>H\u00e4lt Ihre Stute in optimaler Kondition und unterst\u00fctzt die Milchproduktion<\/li>\n<\/ul>\n<h2>Anwendung<\/h2>\n<ul>\n<li>F\u00fcr tr\u00e4chtige Stuten ab dem 9. Monat und w\u00e4hrend der S\u00e4ugeperiode<\/li>\n<\/ul>\n<p><a href=\"https:\/\/www.zwienenberg-horsefeed.com\/wp-content\/uploads\/2025\/06\/91495-pavo-podolac-pellets-725kg.pdf\"><strong>Spezifikationen herunterladen<\/strong><\/a><\/p>\n","protected":false},"excerpt":{"rendered":"<p class=\"product-info__subtitle is-hidden-mobile\"><strong>F\u00fcr tr\u00e4chtige und laktierende Stuten<br \/>\n<\/strong>Die Entwicklung gesunder Knochen und Gelenke ist von entscheidender Bedeutung f\u00fcr die Gesundheit und Leistungsf\u00e4higkeit eines Pferdes, eine Tatsache, derer sich seri\u00f6se Z\u00fcchter nur allzu bewusst sind. Ern\u00e4hrung spielt hierbei eine essentielle Rolle, und dies beginnt bereits w\u00e4hrend der Tr\u00e4chtigkeit der Stute. <\/p>\n","protected":false},"featured_media":2597,"template":"","meta":{"inline_featured_image":false,"site-sidebar-layout":"default","site-content-layout":"","ast-site-content-layout":"default","site-content-style":"default","site-sidebar-style":"default","ast-global-header-display":"","ast-banner-title-visibility":"","ast-main-header-display":"","ast-hfb-above-header-display":"","ast-hfb-below-header-display":"","ast-hfb-mobile-header-display":"","site-post-title":"","ast-breadcrumbs-content":"","ast-featured-img":"","footer-sml-layout":"","theme-transparent-header-meta":"default","adv-header-id-meta":"","stick-header-meta":"","header-above-stick-meta":"","header-main-stick-meta":"","header-below-stick-meta":"","astra-migrate-meta-layouts":"set","ast-page-background-enabled":"default","ast-page-background-meta":{"desktop":{"background-color":"var(--ast-global-color-4)","background-image":"","background-repeat":"repeat","background-position":"center center","background-size":"auto","background-attachment":"scroll","background-type":"","background-media":"","overlay-type":"","overlay-color":"","overlay-opacity":"","overlay-gradient":""},"tablet":{"background-color":"","background-image":"","background-repeat":"repeat","background-position":"center center","background-size":"auto","background-attachment":"scroll","background-type":"","background-media":"","overlay-type":"","overlay-color":"","overlay-opacity":"","overlay-gradient":""},"mobile":{"background-color":"","background-image":"","background-repeat":"repeat","background-position":"center center","background-size":"auto","background-attachment":"scroll","background-type":"","background-media":"","overlay-type":"","overlay-color":"","overlay-opacity":"","overlay-gradient":""}},"ast-content-background-meta":{"desktop":{"background-color":"var(--ast-global-color-5)","background-image":"","background-repeat":"repeat","background-position":"center center","background-size":"auto","background-attachment":"scroll","background-type":"","background-media":"","overlay-type":"","overlay-color":"","overlay-opacity":"","overlay-gradient":""},"tablet":{"background-color":"var(--ast-global-color-5)","background-image":"","background-repeat":"repeat","background-position":"center center","background-size":"auto","background-attachment":"scroll","background-type":"","background-media":"","overlay-type":"","overlay-color":"","overlay-opacity":"","overlay-gradient":""},"mobile":{"background-color":"var(--ast-global-color-5)","background-image":"","background-repeat":"repeat","background-position":"center center","background-size":"auto","background-attachment":"scroll","background-type":"","background-media":"","overlay-type":"","overlay-color":"","overlay-opacity":"","overlay-gradient":""}}},"product_cat":[53],"product_tag":[],"class_list":{"0":"post-2841","1":"product","2":"type-product","3":"status-publish","4":"has-post-thumbnail","6":"product_cat-zucht","7":"pa_leverwijze-bigbox","8":"desktop-align-left","9":"tablet-align-left","10":"mobile-align-left","12":"first","13":"instock","14":"shipping-taxable","15":"purchasable","16":"product-type-simple"},"_links":{"self":[{"href":"https:\/\/www.zwienenberg-horsefeed.com\/de\/wp-json\/wp\/v2\/product\/2841","targetHints":{"allow":["GET"]}}],"collection":[{"href":"https:\/\/www.zwienenberg-horsefeed.com\/de\/wp-json\/wp\/v2\/product"}],"about":[{"href":"https:\/\/www.zwienenberg-horsefeed.com\/de\/wp-json\/wp\/v2\/types\/product"}],"wp:featuredmedia":[{"embeddable":true,"href":"https:\/\/www.zwienenberg-horsefeed.com\/de\/wp-json\/wp\/v2\/media\/2597"}],"wp:attachment":[{"href":"https:\/\/www.zwienenberg-horsefeed.com\/de\/wp-json\/wp\/v2\/media?parent=2841"}],"wp:term":[{"taxonomy":"product_cat","embeddable":true,"href":"https:\/\/www.zwienenberg-horsefeed.com\/de\/wp-json\/wp\/v2\/product_cat?post=2841"},{"taxonomy":"product_tag","embeddable":true,"href":"https:\/\/www.zwienenberg-horsefeed.com\/de\/wp-json\/wp\/v2\/product_tag?post=2841"}],"curies":[{"name":"wp","href":"https:\/\/api.w.org\/{rel}","templated":true}]}}