{"id":2850,"date":"2025-06-02T12:10:56","date_gmt":"2025-06-02T10:10:56","guid":{"rendered":"https:\/\/www.zwienenberg-horsefeed.com\/product\/pavo-cerevit-725kg\/"},"modified":"2025-11-27T13:15:21","modified_gmt":"2025-11-27T12:15:21","slug":"pavo-cerevit-725kg","status":"publish","type":"product","link":"https:\/\/www.zwienenberg-horsefeed.com\/de\/product\/pavo-cerevit-725kg\/","title":{"rendered":"Pavo Cerevit (725kg)"},"content":{"rendered":"<h2 data-start=\"203\" data-end=\"263\">\u00dcber Pavo Cerevit<\/h2>\n<p data-start=\"203\" data-end=\"263\">Pavo Cerevit ist ein vollst\u00e4ndiges, schmackhaftes haferfreies M\u00fcsli, das sich ideal als t\u00e4gliches Basisfutter f\u00fcr alle Pferde- und Ponytypen eignet, die leicht trainiert oder f\u00fcr Freizeitzwecke geritten werden. Das M\u00fcsli ist mit zus\u00e4tzlichen Fasern aus Luzerneh\u00e4cksel und High-Fibre-Pellets auf Basis von Spelzh\u00fcllen angereichert. Diese Struktur sorgt daf\u00fcr, dass Ihr Pferd l\u00e4nger kaut, mehr Speichel produziert und somit die Verdauung auf nat\u00fcrliche Weise stimuliert wird.  <\/p>\n<p data-start=\"765\" data-end=\"984\">Pavo Cerevit enth\u00e4lt Gersten- und Maisflocken als schmackhafte, gut verdauliche Energiequelle und ist vollst\u00e4ndig mit allen wichtigen Vitaminen, Mineralstoffen und Spurenelementen versehen, die Ihr Pferd t\u00e4glich ben\u00f6tigt.<\/p>\n<h2 class=\"tw-text-lg tw-font-bold\">Wichtige Eigenschaften<\/h2>\n<div class=\"content\">\n<ul>\n<li>Komplettes Basis-M\u00fcsli<\/li>\n<li>Mit Gersten- und Maisflocken Haferfrei<\/li>\n<li>Enth\u00e4lt alle wichtigen Vitamine und Mineralstoffe<\/li>\n<li>G\u00fcnstiges Preis-Leistungs-Verh\u00e4ltnis<\/li>\n<\/ul>\n<\/div>\n<h2 class=\"tw-text-lg tw-font-bold\">Anwendung<\/h2>\n<div class=\"content\">\n<ul>\n<li>F\u00fcr alle Pferde- und Ponytypen<\/li>\n<li>Bei leichter Arbeit<\/li>\n<\/ul>\n<p><a href=\"https:\/\/www.zwienenberg-horsefeed.com\/wp-content\/uploads\/2025\/06\/91500-pavo-cerevit-600kg.pdf\"><strong>Spezifikationen herunterladen<\/strong><\/a><\/p>\n<\/div>\n","protected":false},"excerpt":{"rendered":"<p class=\"product-info__subtitle is-hidden-mobile\"><strong>Komplettes Basis-M\u00fcsli f\u00fcr alle Pferde und Ponys<br \/>\n<\/strong>Pavo Cerevit ist ein komplettes, haferfreies Basis-M\u00fcsli und eignet sich f\u00fcr alle Pferde- und Ponytypen, die leichte Arbeit verrichten.<\/p>\n","protected":false},"featured_media":2592,"template":"","meta":{"inline_featured_image":false,"site-sidebar-layout":"default","site-content-layout":"","ast-site-content-layout":"default","site-content-style":"default","site-sidebar-style":"default","ast-global-header-display":"","ast-banner-title-visibility":"","ast-main-header-display":"","ast-hfb-above-header-display":"","ast-hfb-below-header-display":"","ast-hfb-mobile-header-display":"","site-post-title":"","ast-breadcrumbs-content":"","ast-featured-img":"","footer-sml-layout":"","theme-transparent-header-meta":"default","adv-header-id-meta":"","stick-header-meta":"","header-above-stick-meta":"","header-main-stick-meta":"","header-below-stick-meta":"","astra-migrate-meta-layouts":"set","ast-page-background-enabled":"default","ast-page-background-meta":{"desktop":{"background-color":"var(--ast-global-color-4)","background-image":"","background-repeat":"repeat","background-position":"center center","background-size":"auto","background-attachment":"scroll","background-type":"","background-media":"","overlay-type":"","overlay-color":"","overlay-opacity":"","overlay-gradient":""},"tablet":{"background-color":"","background-image":"","background-repeat":"repeat","background-position":"center center","background-size":"auto","background-attachment":"scroll","background-type":"","background-media":"","overlay-type":"","overlay-color":"","overlay-opacity":"","overlay-gradient":""},"mobile":{"background-color":"","background-image":"","background-repeat":"repeat","background-position":"center center","background-size":"auto","background-attachment":"scroll","background-type":"","background-media":"","overlay-type":"","overlay-color":"","overlay-opacity":"","overlay-gradient":""}},"ast-content-background-meta":{"desktop":{"background-color":"var(--ast-global-color-5)","background-image":"","background-repeat":"repeat","background-position":"center center","background-size":"auto","background-attachment":"scroll","background-type":"","background-media":"","overlay-type":"","overlay-color":"","overlay-opacity":"","overlay-gradient":""},"tablet":{"background-color":"var(--ast-global-color-5)","background-image":"","background-repeat":"repeat","background-position":"center center","background-size":"auto","background-attachment":"scroll","background-type":"","background-media":"","overlay-type":"","overlay-color":"","overlay-opacity":"","overlay-gradient":""},"mobile":{"background-color":"var(--ast-global-color-5)","background-image":"","background-repeat":"repeat","background-position":"center center","background-size":"auto","background-attachment":"scroll","background-type":"","background-media":"","overlay-type":"","overlay-color":"","overlay-opacity":"","overlay-gradient":""}}},"product_cat":[52],"product_tag":[],"class_list":{"0":"post-2850","1":"product","2":"type-product","3":"status-publish","4":"has-post-thumbnail","6":"product_cat-allround-de","7":"pa_leverwijze-bigbox","8":"desktop-align-left","9":"tablet-align-left","10":"mobile-align-left","12":"first","13":"instock","14":"shipping-taxable","15":"purchasable","16":"product-type-simple"},"_links":{"self":[{"href":"https:\/\/www.zwienenberg-horsefeed.com\/de\/wp-json\/wp\/v2\/product\/2850","targetHints":{"allow":["GET"]}}],"collection":[{"href":"https:\/\/www.zwienenberg-horsefeed.com\/de\/wp-json\/wp\/v2\/product"}],"about":[{"href":"https:\/\/www.zwienenberg-horsefeed.com\/de\/wp-json\/wp\/v2\/types\/product"}],"wp:featuredmedia":[{"embeddable":true,"href":"https:\/\/www.zwienenberg-horsefeed.com\/de\/wp-json\/wp\/v2\/media\/2592"}],"wp:attachment":[{"href":"https:\/\/www.zwienenberg-horsefeed.com\/de\/wp-json\/wp\/v2\/media?parent=2850"}],"wp:term":[{"taxonomy":"product_cat","embeddable":true,"href":"https:\/\/www.zwienenberg-horsefeed.com\/de\/wp-json\/wp\/v2\/product_cat?post=2850"},{"taxonomy":"product_tag","embeddable":true,"href":"https:\/\/www.zwienenberg-horsefeed.com\/de\/wp-json\/wp\/v2\/product_tag?post=2850"}],"curies":[{"name":"wp","href":"https:\/\/api.w.org\/{rel}","templated":true}]}}