{"id":2876,"date":"2025-06-02T10:25:19","date_gmt":"2025-06-02T08:25:19","guid":{"rendered":"https:\/\/www.zwienenberg-horsefeed.com\/product\/pavo-allsports-725kg\/"},"modified":"2025-08-25T14:10:25","modified_gmt":"2025-08-25T12:10:25","slug":"pavo-allsports-725kg","status":"publish","type":"product","link":"https:\/\/www.zwienenberg-horsefeed.com\/de\/product\/pavo-allsports-725kg\/","title":{"rendered":"Pavo AllSports (725kg)"},"content":{"rendered":"<h2>\u00dcber BasicPlus<\/h2>\n<p>Trainieren Sie mit Ihrem Pferd auf mittlerem bis schwerem Niveau? In diesem Fall ben\u00f6tigt Ihr Pferd ausreichend Energie und Proteine, um die Arbeit durchzuhalten und optimal zu leisten. Pavo AllSports ist das ideale Allround-Sportpellet mit einem durchschnittlichen Energiewert f\u00fcr Sportpferde und -ponys in allen Disziplinen. Pavo AllSports ist ein vollwertiges Kraftfutter und enth\u00e4lt die ideale Energiequelle f\u00fcr Pferde: eine Kombination aus St\u00e4rke (Getreide) f\u00fcr schnelle Energie und &#8218;Power&#8216; sowie Fasern und \u00d6le f\u00fcr Ausdauer und Durchhalteverm\u00f6gen. Der hohe Anteil an Fasern und \u00d6len sorgt daf\u00fcr, dass Ihr Pferd wacher wird und die Arbeit l\u00e4nger durchh\u00e4lt, ohne dabei zu &#8218;hei\u00df&#8216; zu werden. Dar\u00fcber hinaus wurde das Getreide in Pavo AllSports einer speziellen W\u00e4rmebehandlung unterzogen, wodurch Ihr Pferd die von Natur aus schwer verdaulichen Getreidesorten sehr gut aufnehmen kann.    <\/p>\n<p>Der Leinsamen in Pavo AllSports verleiht Ihrem Pferd einen pr\u00e4chtigen Glanz, und die zugesetzten Pr\u00e4biotika (Bierhefe) unterst\u00fctzen eine gesunde Darmflora.<\/p>\n<h2>Wichtige Eigenschaften<\/h2>\n<div class=\"content\">\n<ul>\n<li>\u00d6lreiches Sportpellet<\/li>\n<li>F\u00fcr mittlere bis schwere Arbeit<\/li>\n<li>Zus\u00e4tzliche Energie und gesunde Ausstrahlung<\/li>\n<li>Mit hochwertigen Proteinen, Magnesium und nat\u00fcrlichem Vitamin E<\/li>\n<li>F\u00fcr geschmeidige und kr\u00e4ftige Muskeln<\/li>\n<li>Sch\u00f6ner Glanz durch Leinsamen<\/li>\n<li>Mit Bierhefe f\u00fcr eine gesunde Darmflora<\/li>\n<\/ul>\n<h2 class=\"tw-text-lg tw-font-bold\">Anwendung<\/h2>\n<div class=\"content\">\n<p>Besonders geeignet f\u00fcr Sportpferde und -ponys:<\/p>\n<ul>\n<li>In allen Disziplinen<\/li>\n<li>Die zus\u00e4tzliche Energie ben\u00f6tigen<\/li>\n<li>Die schnell (zu) hei\u00df werden<\/li>\n<li>Die mittlere bis schwere Arbeit verrichten (Energielevel medium)<\/li>\n<\/ul>\n<\/div>\n<\/div>\n<h2 id=\"alle-ingredi\u00ebnten-voor-sterke-spieren\">Alle Zutaten f\u00fcr starke Muskeln<\/h2>\n<p>F\u00fcr eine optimale Unterst\u00fctzung des Muskelaufbaus und der Muskelpflege enth\u00e4lt Pavo AllSports zus\u00e4tzliches Magnesium, hochwertige Proteine, essentielle Aminos\u00e4uren (Lysin), nat\u00fcrliche Antioxidantien und nat\u00fcrliches Vitamin E. Das Besondere an nat\u00fcrlichem Vitamin E ist, dass es fast doppelt so effektiv ist wie die synthetisch hergestellte Variante! Gemeinsam mit den nat\u00fcrlichen CellProtect-Antioxidantien neutralisieren sie die Abfallstoffe in den Muskeln, wodurch Ihr Pferd weniger schnell \u00fcbers\u00e4uert und die Arbeit somit l\u00e4nger durchh\u00e4lt. <\/p>\n<p><strong>Bevorzugen Sie ein Sportm\u00fcsli mit den gleichen Qualit\u00e4ten?<\/strong> Entscheiden Sie sich dann f\u00fcr das strukturreiche Sportm\u00fcsli Pavo SportsFit.<\/p>\n<p><a href=\"https:\/\/www.zwienenberg-horsefeed.com\/wp-content\/uploads\/2025\/06\/91492-pavo-allsports-725kg.pdf\"><strong>Spezifikationen herunterladen<\/strong><\/a><\/p>\n","protected":false},"excerpt":{"rendered":"<p><strong>Sportpellet f\u00fcr alle Disziplinen<br \/>\n<\/strong>Pavo AllSports ist das Allround-Sportpellet mit einem durchschnittlichen Energiewert f\u00fcr Sportpferde und -ponys, die auf mittlerem bis schwerem Niveau trainieren.<\/p>\n","protected":false},"featured_media":2599,"template":"","meta":{"inline_featured_image":false,"site-sidebar-layout":"default","site-content-layout":"","ast-site-content-layout":"default","site-content-style":"default","site-sidebar-style":"default","ast-global-header-display":"","ast-banner-title-visibility":"","ast-main-header-display":"","ast-hfb-above-header-display":"","ast-hfb-below-header-display":"","ast-hfb-mobile-header-display":"","site-post-title":"","ast-breadcrumbs-content":"","ast-featured-img":"","footer-sml-layout":"","theme-transparent-header-meta":"default","adv-header-id-meta":"","stick-header-meta":"","header-above-stick-meta":"","header-main-stick-meta":"","header-below-stick-meta":"","astra-migrate-meta-layouts":"set","ast-page-background-enabled":"default","ast-page-background-meta":{"desktop":{"background-color":"var(--ast-global-color-4)","background-image":"","background-repeat":"repeat","background-position":"center center","background-size":"auto","background-attachment":"scroll","background-type":"","background-media":"","overlay-type":"","overlay-color":"","overlay-opacity":"","overlay-gradient":""},"tablet":{"background-color":"","background-image":"","background-repeat":"repeat","background-position":"center center","background-size":"auto","background-attachment":"scroll","background-type":"","background-media":"","overlay-type":"","overlay-color":"","overlay-opacity":"","overlay-gradient":""},"mobile":{"background-color":"","background-image":"","background-repeat":"repeat","background-position":"center center","background-size":"auto","background-attachment":"scroll","background-type":"","background-media":"","overlay-type":"","overlay-color":"","overlay-opacity":"","overlay-gradient":""}},"ast-content-background-meta":{"desktop":{"background-color":"var(--ast-global-color-5)","background-image":"","background-repeat":"repeat","background-position":"center center","background-size":"auto","background-attachment":"scroll","background-type":"","background-media":"","overlay-type":"","overlay-color":"","overlay-opacity":"","overlay-gradient":""},"tablet":{"background-color":"var(--ast-global-color-5)","background-image":"","background-repeat":"repeat","background-position":"center center","background-size":"auto","background-attachment":"scroll","background-type":"","background-media":"","overlay-type":"","overlay-color":"","overlay-opacity":"","overlay-gradient":""},"mobile":{"background-color":"var(--ast-global-color-5)","background-image":"","background-repeat":"repeat","background-position":"center center","background-size":"auto","background-attachment":"scroll","background-type":"","background-media":"","overlay-type":"","overlay-color":"","overlay-opacity":"","overlay-gradient":""}}},"product_cat":[51],"product_tag":[],"class_list":{"0":"post-2876","1":"product","2":"type-product","3":"status-publish","4":"has-post-thumbnail","6":"product_cat-sport-de","7":"pa_leverwijze-bigbox","8":"desktop-align-left","9":"tablet-align-left","10":"mobile-align-left","12":"first","13":"instock","14":"shipping-taxable","15":"purchasable","16":"product-type-simple"},"_links":{"self":[{"href":"https:\/\/www.zwienenberg-horsefeed.com\/de\/wp-json\/wp\/v2\/product\/2876","targetHints":{"allow":["GET"]}}],"collection":[{"href":"https:\/\/www.zwienenberg-horsefeed.com\/de\/wp-json\/wp\/v2\/product"}],"about":[{"href":"https:\/\/www.zwienenberg-horsefeed.com\/de\/wp-json\/wp\/v2\/types\/product"}],"wp:featuredmedia":[{"embeddable":true,"href":"https:\/\/www.zwienenberg-horsefeed.com\/de\/wp-json\/wp\/v2\/media\/2599"}],"wp:attachment":[{"href":"https:\/\/www.zwienenberg-horsefeed.com\/de\/wp-json\/wp\/v2\/media?parent=2876"}],"wp:term":[{"taxonomy":"product_cat","embeddable":true,"href":"https:\/\/www.zwienenberg-horsefeed.com\/de\/wp-json\/wp\/v2\/product_cat?post=2876"},{"taxonomy":"product_tag","embeddable":true,"href":"https:\/\/www.zwienenberg-horsefeed.com\/de\/wp-json\/wp\/v2\/product_tag?post=2876"}],"curies":[{"name":"wp","href":"https:\/\/api.w.org\/{rel}","templated":true}]}}