{"id":2909,"date":"2025-06-02T12:06:25","date_gmt":"2025-06-02T10:06:25","guid":{"rendered":"https:\/\/www.zwienenberg-horsefeed.com\/product\/pavo-sportsfit-450kg\/"},"modified":"2025-07-02T10:37:05","modified_gmt":"2025-07-02T08:37:05","slug":"pavo-sportsfit-450kg","status":"publish","type":"product","link":"https:\/\/www.zwienenberg-horsefeed.com\/de\/product\/pavo-sportsfit-450kg\/","title":{"rendered":"Pavo SportsFit (450kg)"},"content":{"rendered":"<h2>\u00dcber Pavo SportsFit<\/h2>\n<p data-start=\"267\" data-end=\"612\">Pavo SportsFit ist ein vollst\u00e4ndiges, \u00f6lreiches Sportm\u00fcsli mit einem ausgewogenen Energiewert. Es wurde speziell f\u00fcr Pferde und Ponys entwickelt, die im Sport aktiv sind &#8211; von Dressur bis Vielseitigkeit &#8211; und die sowohl schnelle Kraft als auch langanhaltende Ausdauer ben\u00f6tigen. <\/p>\n<p data-start=\"614\" data-end=\"918\">Die Energie in SportsFit stammt aus einer leistungsstarken Kombination aus gepufftem Getreide (f\u00fcr schnelle Energie) und Lein\u00f6l (f\u00fcr langsame Energie). Dadurch bleibt Ihr Pferd energiegeladen, ohne \u201e\u00fcberm\u00e4\u00dfig erhitzt\u201c zu werden. Das gepuffte Getreide ist leicht verdaulich und unterst\u00fctzt eine gute Aufnahme von N\u00e4hrstoffen.  <\/p>\n<h5 data-start=\"920\" data-end=\"946\">Muskelaufbau und Regeneration<\/h5>\n<p data-start=\"948\" data-end=\"1296\">F\u00fcr starke, geschmeidige Muskeln enth\u00e4lt SportsFit hochwertiges Eiwei\u00df, Magnesium und essenzielle Aminos\u00e4uren wie Lysin. Die Zugabe von nat\u00fcrlichem Vitamin E und CellProtect-Antioxidantien hilft, Muskelkater vorzubeugen und f\u00f6rdert die Regeneration. Nat\u00fcrliches Vitamin E ist zudem fast doppelt so effektiv wie die synthetische Variante.  <\/p>\n<h5 data-start=\"1298\" data-end=\"1331\">Darmgesundheit und Erscheinungsbild<\/h5>\n<p data-start=\"1333\" data-end=\"1570\">Dank des Lein\u00f6ls erh\u00e4lt Ihr Pferd einen pr\u00e4chtigen Glanz, und die Omega-3-Fetts\u00e4uren unterst\u00fctzen ein gesundes Immunsystem. Bierhefe wurde zur F\u00f6rderung einer gesunden Darmflora hinzugef\u00fcgt, was zur allgemeinen Vitalit\u00e4t und Widerstandsf\u00e4higkeit beitr\u00e4gt. <\/p>\n<h2 class=\"tw-text-lg tw-font-bold\">Wichtige Eigenschaften<\/h2>\n<div class=\"content\">\n<ul>\n<li>\u00d6lreiches Sportm\u00fcsli<\/li>\n<li>F\u00fcr mittlere bis schwere Arbeit<\/li>\n<li>Zus\u00e4tzliche Energie und gesunde Ausstrahlung<\/li>\n<li>Mit Magnesium, Proteinen und nat\u00fcrlichem Vitamin E<\/li>\n<li>F\u00fcr geschmeidige und kr\u00e4ftige Muskeln<\/li>\n<li>Pr\u00e4chtiger Glanz durch Leinsamen<\/li>\n<li>Mit Bierhefe f\u00fcr eine gesunde Darmflora<\/li>\n<li>Mit nat\u00fcrlichen Antioxidantien<\/li>\n<\/ul>\n<\/div>\n<h2 class=\"tw-text-lg tw-font-bold\">Anwendung<\/h2>\n<div class=\"content\">\n<p>Besonders geeignet f\u00fcr Sportpferde und -ponys:<\/p>\n<ul>\n<li>In allen Disziplinen<\/li>\n<li>Die zus\u00e4tzliche Energie ben\u00f6tigen<\/li>\n<li>Die schnell (zu) hei\u00df werden<\/li>\n<li>Die mittlere bis schwere Arbeit verrichten (Energielevel mittel<\/li>\n<\/ul>\n<p><a href=\"https:\/\/www.zwienenberg-horsefeed.com\/wp-content\/uploads\/2025\/06\/91502-pavo-sportsfit-450kg.pdf\"><strong>Spezifikationen herunterladen<\/strong><\/a><\/p>\n<\/div>\n","protected":false},"excerpt":{"rendered":"<p><strong>Sportm\u00fcsli f\u00fcr alle Disziplinen<\/strong><br \/>\nPavo SportsFit ist ein \u00f6lreiches Sportm\u00fcsli mit einem mittleren Energiewert f\u00fcr Sportpferde und -ponys, die auf mittlerem bis schwerem Niveau trainiert werden.<\/p>\n","protected":false},"featured_media":2598,"template":"","meta":{"inline_featured_image":false,"site-sidebar-layout":"default","site-content-layout":"","ast-site-content-layout":"default","site-content-style":"default","site-sidebar-style":"default","ast-global-header-display":"","ast-banner-title-visibility":"","ast-main-header-display":"","ast-hfb-above-header-display":"","ast-hfb-below-header-display":"","ast-hfb-mobile-header-display":"","site-post-title":"","ast-breadcrumbs-content":"","ast-featured-img":"","footer-sml-layout":"","theme-transparent-header-meta":"default","adv-header-id-meta":"","stick-header-meta":"","header-above-stick-meta":"","header-main-stick-meta":"","header-below-stick-meta":"","astra-migrate-meta-layouts":"set","ast-page-background-enabled":"default","ast-page-background-meta":{"desktop":{"background-color":"var(--ast-global-color-4)","background-image":"","background-repeat":"repeat","background-position":"center center","background-size":"auto","background-attachment":"scroll","background-type":"","background-media":"","overlay-type":"","overlay-color":"","overlay-opacity":"","overlay-gradient":""},"tablet":{"background-color":"","background-image":"","background-repeat":"repeat","background-position":"center center","background-size":"auto","background-attachment":"scroll","background-type":"","background-media":"","overlay-type":"","overlay-color":"","overlay-opacity":"","overlay-gradient":""},"mobile":{"background-color":"","background-image":"","background-repeat":"repeat","background-position":"center center","background-size":"auto","background-attachment":"scroll","background-type":"","background-media":"","overlay-type":"","overlay-color":"","overlay-opacity":"","overlay-gradient":""}},"ast-content-background-meta":{"desktop":{"background-color":"var(--ast-global-color-5)","background-image":"","background-repeat":"repeat","background-position":"center center","background-size":"auto","background-attachment":"scroll","background-type":"","background-media":"","overlay-type":"","overlay-color":"","overlay-opacity":"","overlay-gradient":""},"tablet":{"background-color":"var(--ast-global-color-5)","background-image":"","background-repeat":"repeat","background-position":"center center","background-size":"auto","background-attachment":"scroll","background-type":"","background-media":"","overlay-type":"","overlay-color":"","overlay-opacity":"","overlay-gradient":""},"mobile":{"background-color":"var(--ast-global-color-5)","background-image":"","background-repeat":"repeat","background-position":"center center","background-size":"auto","background-attachment":"scroll","background-type":"","background-media":"","overlay-type":"","overlay-color":"","overlay-opacity":"","overlay-gradient":""}}},"product_cat":[51],"product_tag":[],"class_list":{"0":"post-2909","1":"product","2":"type-product","3":"status-publish","4":"has-post-thumbnail","6":"product_cat-sport-de","7":"pa_leverwijze-bigbox","8":"desktop-align-left","9":"tablet-align-left","10":"mobile-align-left","12":"first","13":"instock","14":"shipping-taxable","15":"purchasable","16":"product-type-simple"},"_links":{"self":[{"href":"https:\/\/www.zwienenberg-horsefeed.com\/de\/wp-json\/wp\/v2\/product\/2909","targetHints":{"allow":["GET"]}}],"collection":[{"href":"https:\/\/www.zwienenberg-horsefeed.com\/de\/wp-json\/wp\/v2\/product"}],"about":[{"href":"https:\/\/www.zwienenberg-horsefeed.com\/de\/wp-json\/wp\/v2\/types\/product"}],"wp:featuredmedia":[{"embeddable":true,"href":"https:\/\/www.zwienenberg-horsefeed.com\/de\/wp-json\/wp\/v2\/media\/2598"}],"wp:attachment":[{"href":"https:\/\/www.zwienenberg-horsefeed.com\/de\/wp-json\/wp\/v2\/media?parent=2909"}],"wp:term":[{"taxonomy":"product_cat","embeddable":true,"href":"https:\/\/www.zwienenberg-horsefeed.com\/de\/wp-json\/wp\/v2\/product_cat?post=2909"},{"taxonomy":"product_tag","embeddable":true,"href":"https:\/\/www.zwienenberg-horsefeed.com\/de\/wp-json\/wp\/v2\/product_tag?post=2909"}],"curies":[{"name":"wp","href":"https:\/\/api.w.org\/{rel}","templated":true}]}}