{"id":2981,"date":"2021-12-31T08:11:15","date_gmt":"2021-12-31T07:11:15","guid":{"rendered":"https:\/\/www.zwienenberg-horsefeed.com\/product\/pavo-sport-condition-pro\/"},"modified":"2025-08-21T11:22:02","modified_gmt":"2025-08-21T09:22:02","slug":"pavo-sport-condition-pro","status":"publish","type":"product","link":"https:\/\/www.zwienenberg-horsefeed.com\/de\/product\/pavo-sport-condition-pro\/","title":{"rendered":"Pavo Sport Condition PRO"},"content":{"rendered":"<div class=\"column is-7\">\n<div class=\"content\">\n<p><span data-sheets-value=\"{\"1\":2,\"2\":\"Pavo Condition PRO is \u00e9\u00e9n van de meest gebruikte brok-soorten in het silo-assortiment van Pavo. Dit voer wordt op professionele paardenbedrijven ingezet die lichte tot middelzware arbeid moeten verrichten. De Pavo Condition PRO bevat een hoog granen-aandeel (waaronder haver) en is tevens uitgerust met een hoge gehaltes aan alle voor sportpaarden belangrijke vitamines en mineralen zoals vitamine E en selenium. Tevens bevat Pavo Condition PRO lijnzaad voor een glanzende vacht\"}\" data-sheets-userformat=\"{\"2\":13185,\"3\":{\"1\":0},\"10\":0,\"11\":4,\"12\":0,\"15\":\"Poppins\",\"16\":10}\">Pavo Condition PRO ist eine der am h\u00e4ufigsten verwendeten Pelletarten im Silosortiment von Pavo. Dieses Futter wird in professionellen Pferdebetrieben eingesetzt, die leichte bis mittelschwere Arbeit verrichten m\u00fcssen. Pavo Condition PRO enth\u00e4lt einen hohen Getreideanteil (einschlie\u00dflich Hafer) und ist zudem mit hohen Gehalten an allen f\u00fcr Sportpferde wichtigen Vitaminen und Mineralstoffen wie Vitamin E und Selen ausgestattet. Dar\u00fcber hinaus enth\u00e4lt Pavo Condition PRO Leinsamen f\u00fcr ein gl\u00e4nzendes Fell.   <\/span><\/p>\n<p><strong>Wichtige <\/strong><b>Eigenschaften<\/b><\/p>\n<\/div>\n<\/div>\n<div class=\"column is-5\">\n<div class=\"content\">\n<p><span data-sheets-value=\"{\"1\":2,\"2\":\"\u2022 8mm brok voor sportpaarden\\n\u2022 Compleet en rijk gevitaminiseerd\\n\u2022 Met omega-3 &amp; 6 vetzuren\\n\u2022 Extra magnesium voor verzorging van spieren\\n\u2022 Toegevoegd lijnzaad voor extra glans\\n\u2022 Hoog granenaandeel en haver voor extra energie\\n\"}\" data-sheets-userformat=\"{\"2\":13185,\"3\":{\"1\":0},\"10\":0,\"11\":4,\"12\":0,\"15\":\"Poppins\",\"16\":10}\">\u2022 8mm Pellets f\u00fcr Sportpferde<br \/>\n\u2022 Vollst\u00e4ndig und reich vitaminisiert<br \/>\n\u2022 Mit Omega-3 &amp; 6 Fetts\u00e4uren<br \/>\n\u2022 Zus\u00e4tzliches Magnesium zur Muskelversorgung<br \/>\n\u2022 Zugef\u00fcgter Leinsamen f\u00fcr extra Glanz<br \/>\n\u2022 Hoher Getreideanteil und Hafer f\u00fcr zus\u00e4tzliche Energie<br \/>\n<\/span><\/p>\n<p><strong>Anwendung<\/strong><\/p>\n<\/div>\n<p><span data-sheets-value=\"{\"1\":2,\"2\":\"\u2022 Zeer geschikt voor alle sportpaarden in de lichte tot middelzware disciplines\"}\" data-sheets-userformat=\"{\"2\":13185,\"3\":{\"1\":0},\"10\":0,\"11\":4,\"12\":0,\"15\":\"Poppins\",\"16\":10}\">\u2022 Sehr gut geeignet f\u00fcr alle Sportpferde in leichten bis mittelschweren Disziplinen<\/span><\/p>\n<p><strong>F\u00fctterungsempfehlung<\/strong><\/p>\n<p><span data-sheets-value=\"{\"1\":2,\"2\":\"Gemiddelde arbeid: 0,45 kg \/ 100 kg lichaamsgewicht\\n 400 kg lichaamsgewicht: 1,7 kg \/ dag\\n 600 kg lichaamsgewicht: 2,7 kg \/ dag\\nZware arbeid: 0,67 kg \/ 100 kg lichaamsgewicht \\n 400 kg lichaamsgewicht: 1,7 kg \/ dag\\n 600 kg lichaamsgewicht: 2,7 kg \/ dag\\n\"}\" data-sheets-userformat=\"{\"2\":13185,\"3\":{\"1\":0},\"10\":0,\"11\":4,\"12\":0,\"15\":\"Poppins\",\"16\":10}\">Mittlere Arbeitsbelastung: <\/span><\/p>\n<p><span data-sheets-value=\"{\"1\":2,\"2\":\"Gemiddelde arbeid: 0,45 kg \/ 100 kg lichaamsgewicht\\n 400 kg lichaamsgewicht: 1,7 kg \/ dag\\n 600 kg lichaamsgewicht: 2,7 kg \/ dag\\nZware arbeid: 0,67 kg \/ 100 kg lichaamsgewicht \\n 400 kg lichaamsgewicht: 1,7 kg \/ dag\\n 600 kg lichaamsgewicht: 2,7 kg \/ dag\\n\"}\" data-sheets-userformat=\"{\"2\":13185,\"3\":{\"1\":0},\"10\":0,\"11\":4,\"12\":0,\"15\":\"Poppins\",\"16\":10}\">\u2022 0,45 kg \/ 100 kg K\u00f6rpergewicht<br \/>\n\u2022 400 kg K\u00f6rpergewicht: 1,7 kg \/ Tag<br \/>\n\u2022 600 kg K\u00f6rpergewicht: 2,7 kg \/ Tag<br \/>\n<\/span><\/p>\n<p><span data-sheets-value=\"{\"1\":2,\"2\":\"Gemiddelde arbeid: 0,45 kg \/ 100 kg lichaamsgewicht\\n 400 kg lichaamsgewicht: 1,7 kg \/ dag\\n 600 kg lichaamsgewicht: 2,7 kg \/ dag\\nZware arbeid: 0,67 kg \/ 100 kg lichaamsgewicht \\n 400 kg lichaamsgewicht: 1,7 kg \/ dag\\n 600 kg lichaamsgewicht: 2,7 kg \/ dag\\n\"}\" data-sheets-userformat=\"{\"2\":13185,\"3\":{\"1\":0},\"10\":0,\"11\":4,\"12\":0,\"15\":\"Poppins\",\"16\":10}\">Schwere Arbeitsbelastung: <\/span><\/p>\n<p><span data-sheets-value=\"{\"1\":2,\"2\":\"Gemiddelde arbeid: 0,45 kg \/ 100 kg lichaamsgewicht\\n 400 kg lichaamsgewicht: 1,7 kg \/ dag\\n 600 kg lichaamsgewicht: 2,7 kg \/ dag\\nZware arbeid: 0,67 kg \/ 100 kg lichaamsgewicht \\n 400 kg lichaamsgewicht: 1,7 kg \/ dag\\n 600 kg lichaamsgewicht: 2,7 kg \/ dag\\n\"}\" data-sheets-userformat=\"{\"2\":13185,\"3\":{\"1\":0},\"10\":0,\"11\":4,\"12\":0,\"15\":\"Poppins\",\"16\":10}\">\u2022 0,67 kg \/ 100 kg K\u00f6rpergewicht<br \/>\n\u2022 400 kg K\u00f6rpergewicht: 1,7 kg \/ Tag<br \/>\n\u2022 600 kg K\u00f6rpergewicht: 2,7 kg \/ Tag<\/span><\/p>\n<p><strong>Klicken Sie hier f\u00fcr die <a href=\"https:\/\/viewer.mediafly.com\/forfarmersgroup_share\/s\/1343e70329f5412da99edfa8c6fd14c3#\/document\/dc9b82680b70409890061c2c9a7832c9product1982982?c=eyJ0IjoxLCJ2IjoiOGI2N2MwMTc1MDY4OWIzYmRhNmVkOWJkM2IxZTdmYjQifQ%3D%3D&amp;page=1&amp;parentSlug=dc9b82680b70409890061c2c9a7832c9product316643&amp;shareSlug=1343e70329f5412da99edfa8c6fd14c3\">Zusammensetzung und Inhaltsstoffe<\/a>.<\/strong><\/p>\n<p><strong>Aufbewahrungshinweis<\/strong><\/p>\n<p><span data-sheets-value=\"{\"1\":2,\"2\":\"Droog en donker bewaren, maximale houdbaarheid 3 maanden. Denk met name aan omloopsnelheid in de zomermaanden (april \u2013 september).\"}\" data-sheets-userformat=\"{\"2\":13185,\"3\":{\"1\":0},\"10\":0,\"11\":4,\"12\":0,\"15\":\"Poppins\",\"16\":10}\">K\u00fchl und trocken lagern, maximale Haltbarkeit 3 Monate. Achten Sie insbesondere auf die Umschlagsh\u00e4ufigkeit in den Sommermonaten (April &#8211; September). <\/span><\/p>\n<\/div>\n","protected":false},"excerpt":{"rendered":"<p><strong>F\u00fcr Pferde im leichten bis mittelschweren Sport<\/strong><\/p>\n","protected":false},"featured_media":2558,"template":"","meta":{"inline_featured_image":false,"site-sidebar-layout":"default","site-content-layout":"default","ast-site-content-layout":"default","site-content-style":"default","site-sidebar-style":"default","ast-global-header-display":"","ast-banner-title-visibility":"","ast-main-header-display":"","ast-hfb-above-header-display":"","ast-hfb-below-header-display":"","ast-hfb-mobile-header-display":"","site-post-title":"","ast-breadcrumbs-content":"","ast-featured-img":"","footer-sml-layout":"","theme-transparent-header-meta":"default","adv-header-id-meta":"","stick-header-meta":"","header-above-stick-meta":"","header-main-stick-meta":"","header-below-stick-meta":"","astra-migrate-meta-layouts":"default","ast-page-background-enabled":"default","ast-page-background-meta":{"desktop":{"background-color":"var(--ast-global-color-4)","background-image":"","background-repeat":"repeat","background-position":"center center","background-size":"auto","background-attachment":"scroll","background-type":"","background-media":"","overlay-type":"","overlay-color":"","overlay-opacity":"","overlay-gradient":""},"tablet":{"background-color":"","background-image":"","background-repeat":"repeat","background-position":"center center","background-size":"auto","background-attachment":"scroll","background-type":"","background-media":"","overlay-type":"","overlay-color":"","overlay-opacity":"","overlay-gradient":""},"mobile":{"background-color":"","background-image":"","background-repeat":"repeat","background-position":"center center","background-size":"auto","background-attachment":"scroll","background-type":"","background-media":"","overlay-type":"","overlay-color":"","overlay-opacity":"","overlay-gradient":""}},"ast-content-background-meta":{"desktop":{"background-color":"var(--ast-global-color-5)","background-image":"","background-repeat":"repeat","background-position":"center center","background-size":"auto","background-attachment":"scroll","background-type":"","background-media":"","overlay-type":"","overlay-color":"","overlay-opacity":"","overlay-gradient":""},"tablet":{"background-color":"var(--ast-global-color-5)","background-image":"","background-repeat":"repeat","background-position":"center center","background-size":"auto","background-attachment":"scroll","background-type":"","background-media":"","overlay-type":"","overlay-color":"","overlay-opacity":"","overlay-gradient":""},"mobile":{"background-color":"var(--ast-global-color-5)","background-image":"","background-repeat":"repeat","background-position":"center center","background-size":"auto","background-attachment":"scroll","background-type":"","background-media":"","overlay-type":"","overlay-color":"","overlay-opacity":"","overlay-gradient":""}}},"product_cat":[51],"product_tag":[],"class_list":{"0":"post-2981","1":"product","2":"type-product","3":"status-publish","4":"has-post-thumbnail","6":"product_cat-sport-de","7":"pa_hoeveelheid-54","8":"pa_hoeveelheid-55","9":"pa_hoeveelheid-56","10":"pa_hoeveelheid-57","11":"pa_hoeveelheid-58","12":"pa_leverwijze-silo","13":"pa_silo-nummer-69","14":"pa_silo-nummer-70","15":"pa_silo-nummer-71","16":"pa_silo-nummer-72","17":"wcpa_has_options","18":"desktop-align-left","19":"tablet-align-left","20":"mobile-align-left","22":"first","23":"instock","24":"shipping-taxable","25":"purchasable","26":"product-type-variable"},"_links":{"self":[{"href":"https:\/\/www.zwienenberg-horsefeed.com\/de\/wp-json\/wp\/v2\/product\/2981","targetHints":{"allow":["GET"]}}],"collection":[{"href":"https:\/\/www.zwienenberg-horsefeed.com\/de\/wp-json\/wp\/v2\/product"}],"about":[{"href":"https:\/\/www.zwienenberg-horsefeed.com\/de\/wp-json\/wp\/v2\/types\/product"}],"wp:featuredmedia":[{"embeddable":true,"href":"https:\/\/www.zwienenberg-horsefeed.com\/de\/wp-json\/wp\/v2\/media\/2558"}],"wp:attachment":[{"href":"https:\/\/www.zwienenberg-horsefeed.com\/de\/wp-json\/wp\/v2\/media?parent=2981"}],"wp:term":[{"taxonomy":"product_cat","embeddable":true,"href":"https:\/\/www.zwienenberg-horsefeed.com\/de\/wp-json\/wp\/v2\/product_cat?post=2981"},{"taxonomy":"product_tag","embeddable":true,"href":"https:\/\/www.zwienenberg-horsefeed.com\/de\/wp-json\/wp\/v2\/product_tag?post=2981"}],"curies":[{"name":"wp","href":"https:\/\/api.w.org\/{rel}","templated":true}]}}