{"id":3005,"date":"2022-05-25T16:56:01","date_gmt":"2022-05-25T14:56:01","guid":{"rendered":"https:\/\/www.zwienenberg-horsefeed.com\/product\/pavo-basissport-pro\/"},"modified":"2025-08-21T09:37:20","modified_gmt":"2025-08-21T07:37:20","slug":"pavo-basissport-pro","status":"publish","type":"product","link":"https:\/\/www.zwienenberg-horsefeed.com\/de\/product\/pavo-basissport-pro\/","title":{"rendered":"Pavo BasisSport PRO"},"content":{"rendered":"<p><span data-sheets-value=\"{\"1\":2,\"2\":\"Pavo BasisSport Pro is een brok welke speciaal ontwikkeld is voor sportstallen die een krachtvoer\\nwillen voeren voor een scherpe prijs. Het bevat alle voedingsstoffen om, samen met goed ruwvoer, de behoeftes van het (sport-)paard te dekken. \\n\"}\" data-sheets-userformat=\"{\"2\":13185,\"3\":{\"1\":0},\"10\":0,\"11\":4,\"12\":0,\"15\":\"Poppins\",\"16\":10}\">Pavo BasisSport Pro ist ein Kraftfutter, das speziell f\u00fcr Sportstallungen entwickelt wurde, die ein hochwertiges Kraftfutter zu einem g\u00fcnstigen Preis anbieten m\u00f6chten. Es enth\u00e4lt alle N\u00e4hrstoffe, um in Kombination mit hochwertigem Raufutter den Bedarf des (Sport-)Pferdes zu decken.<br \/>\n<\/span><\/p>\n<p><span style=\"font-weight: bold;\" data-sheets-value=\"{\"1\":2,\"2\":\"Belangrijke eigenshappen\"}\" data-sheets-userformat=\"{\"2\":21379,\"3\":{\"1\":0},\"4\":{\"1\":3,\"3\":2},\"10\":0,\"11\":4,\"12\":0,\"15\":\"Poppins\",\"17\":1}\">Wichtige <\/span><b>Eigenschaften<\/b><\/p>\n<p><span data-sheets-value=\"{\"1\":2,\"2\":\"\u2022 8 mm korrel (grote korrel)\\n\u2022 Uitgebalanceerde sport-vitaminering\\n\u2022 Rijk aan vezels \\n\u2022 Laag suiker gehalte\\n\u2022 Scherpe prijs\\n\"}\" data-sheets-userformat=\"{\"2\":13185,\"3\":{\"1\":0},\"10\":0,\"11\":4,\"12\":0,\"15\":\"Poppins\",\"16\":10}\">\u2022 8 mm Pellets (gro\u00dfe Pellets)<br \/>\n\u2022 Ausgewogene Sportvitaminierung<br \/>\n\u2022 Reich an Ballaststoffen<br \/>\n\u2022 Niedriger Zuckergehalt<br \/>\n\u2022 G\u00fcnstiger Preis<br \/>\n<\/span><\/p>\n<p><strong>Anwendung<\/strong><\/p>\n<p><span data-sheets-value=\"{\"1\":2,\"2\":\"\u2022 Sportpaarden die op middelzwaar niveau presteren \\n\u2022 Aanvulling op goed ruwvoer\\n\"}\" data-sheets-userformat=\"{\"2\":13185,\"3\":{\"1\":0},\"10\":0,\"11\":4,\"12\":0,\"15\":\"Poppins\",\"16\":10}\">\u2022 Sportpferde, die auf mittlerem Niveau Leistung erbringen<br \/>\n\u2022 Erg\u00e4nzung zu hochwertigem Raufutter<br \/>\n<\/span><\/p>\n<p><strong>F\u00fctterungsempfehlung<\/strong><\/p>\n<p><span data-sheets-value=\"{\"1\":2,\"2\":\"Middelzware arbeid: 0,45 kg \/ 100 kg lichaamsgewicht\\n 400 kg lichaamsgewicht: 1,7 kg \/ dag\\n 600 kg lichaamsgewicht: 2,7 kg \/ dag\\nZware arbeid: 0,67 kg \/ 100 kg lichaamsgewicht \\n 400 kg lichaamsgewicht: 2,7 kg \/ dag\\n 600 kg lichaamsgewicht: 4,0 kg \/ dag\\n\"}\" data-sheets-userformat=\"{\"2\":13185,\"3\":{\"1\":0},\"10\":0,\"11\":4,\"12\":0,\"15\":\"Poppins\",\"16\":10}\">Mittelschwere Arbeit:  <\/span><\/p>\n<p><span data-sheets-value=\"{\"1\":2,\"2\":\"Middelzware arbeid: 0,45 kg \/ 100 kg lichaamsgewicht\\n 400 kg lichaamsgewicht: 1,7 kg \/ dag\\n 600 kg lichaamsgewicht: 2,7 kg \/ dag\\nZware arbeid: 0,67 kg \/ 100 kg lichaamsgewicht \\n 400 kg lichaamsgewicht: 2,7 kg \/ dag\\n 600 kg lichaamsgewicht: 4,0 kg \/ dag\\n\"}\" data-sheets-userformat=\"{\"2\":13185,\"3\":{\"1\":0},\"10\":0,\"11\":4,\"12\":0,\"15\":\"Poppins\",\"16\":10}\">\u2022 0,45 kg \/ 100 kg K\u00f6rpergewicht<br \/>\n\u2022 400 kg K\u00f6rpergewicht: 1,7 kg \/ Tag<br \/>\n\u2022 600 kg K\u00f6rpergewicht: 2,7 kg \/ Tag<br \/>\n<\/span><\/p>\n<p><span data-sheets-value=\"{\"1\":2,\"2\":\"Middelzware arbeid: 0,45 kg \/ 100 kg lichaamsgewicht\\n 400 kg lichaamsgewicht: 1,7 kg \/ dag\\n 600 kg lichaamsgewicht: 2,7 kg \/ dag\\nZware arbeid: 0,67 kg \/ 100 kg lichaamsgewicht \\n 400 kg lichaamsgewicht: 2,7 kg \/ dag\\n 600 kg lichaamsgewicht: 4,0 kg \/ dag\\n\"}\" data-sheets-userformat=\"{\"2\":13185,\"3\":{\"1\":0},\"10\":0,\"11\":4,\"12\":0,\"15\":\"Poppins\",\"16\":10}\">Schwere Arbeitsbelastung: <\/span><\/p>\n<p><span data-sheets-value=\"{\"1\":2,\"2\":\"Middelzware arbeid: 0,45 kg \/ 100 kg lichaamsgewicht\\n 400 kg lichaamsgewicht: 1,7 kg \/ dag\\n 600 kg lichaamsgewicht: 2,7 kg \/ dag\\nZware arbeid: 0,67 kg \/ 100 kg lichaamsgewicht \\n 400 kg lichaamsgewicht: 2,7 kg \/ dag\\n 600 kg lichaamsgewicht: 4,0 kg \/ dag\\n\"}\" data-sheets-userformat=\"{\"2\":13185,\"3\":{\"1\":0},\"10\":0,\"11\":4,\"12\":0,\"15\":\"Poppins\",\"16\":10}\">\u2022 0,67 kg \/ 100 kg K\u00f6rpergewicht<br \/>\n\u2022 400 kg K\u00f6rpergewicht: 2,7 kg \/ Tag<br \/>\n\u2022 600 kg K\u00f6rpergewicht: 4,0 kg \/ Tag<\/span><\/p>\n<p><strong>Aufbewahrungshinweis<\/strong><\/p>\n<p><span data-sheets-value=\"{\"1\":2,\"2\":\"Droog en donker bewaren, maximale houdbaarheid 3 maanden. Denk met name aan omloopsnelheid in de zomermaanden (april \u2013 september).\"}\" data-sheets-userformat=\"{\"2\":13185,\"3\":{\"1\":0},\"10\":0,\"11\":4,\"12\":0,\"15\":\"Poppins\",\"16\":10}\">K\u00fchl und trocken lagern, maximale Haltbarkeit 3 Monate. Achten Sie insbesondere auf die Umschlagsh\u00e4ufigkeit in den Sommermonaten (April &#8211; September). <\/span><\/p>\n","protected":false},"excerpt":{"rendered":"<p><strong>Silofutter f\u00fcr den Basissport mit einem g\u00fcnstigen Preis-Leistungs-Verh\u00e4ltnis<\/strong><\/p>\n","protected":false},"featured_media":2545,"template":"","meta":{"inline_featured_image":false,"site-sidebar-layout":"default","site-content-layout":"default","ast-site-content-layout":"default","site-content-style":"default","site-sidebar-style":"default","ast-global-header-display":"","ast-banner-title-visibility":"","ast-main-header-display":"","ast-hfb-above-header-display":"","ast-hfb-below-header-display":"","ast-hfb-mobile-header-display":"","site-post-title":"","ast-breadcrumbs-content":"","ast-featured-img":"","footer-sml-layout":"","theme-transparent-header-meta":"default","adv-header-id-meta":"","stick-header-meta":"","header-above-stick-meta":"","header-main-stick-meta":"","header-below-stick-meta":"","astra-migrate-meta-layouts":"default","ast-page-background-enabled":"default","ast-page-background-meta":{"desktop":{"background-color":"var(--ast-global-color-4)","background-image":"","background-repeat":"repeat","background-position":"center center","background-size":"auto","background-attachment":"scroll","background-type":"","background-media":"","overlay-type":"","overlay-color":"","overlay-opacity":"","overlay-gradient":""},"tablet":{"background-color":"","background-image":"","background-repeat":"repeat","background-position":"center center","background-size":"auto","background-attachment":"scroll","background-type":"","background-media":"","overlay-type":"","overlay-color":"","overlay-opacity":"","overlay-gradient":""},"mobile":{"background-color":"","background-image":"","background-repeat":"repeat","background-position":"center center","background-size":"auto","background-attachment":"scroll","background-type":"","background-media":"","overlay-type":"","overlay-color":"","overlay-opacity":"","overlay-gradient":""}},"ast-content-background-meta":{"desktop":{"background-color":"var(--ast-global-color-5)","background-image":"","background-repeat":"repeat","background-position":"center center","background-size":"auto","background-attachment":"scroll","background-type":"","background-media":"","overlay-type":"","overlay-color":"","overlay-opacity":"","overlay-gradient":""},"tablet":{"background-color":"var(--ast-global-color-5)","background-image":"","background-repeat":"repeat","background-position":"center center","background-size":"auto","background-attachment":"scroll","background-type":"","background-media":"","overlay-type":"","overlay-color":"","overlay-opacity":"","overlay-gradient":""},"mobile":{"background-color":"var(--ast-global-color-5)","background-image":"","background-repeat":"repeat","background-position":"center center","background-size":"auto","background-attachment":"scroll","background-type":"","background-media":"","overlay-type":"","overlay-color":"","overlay-opacity":"","overlay-gradient":""}}},"product_cat":[52],"product_tag":[],"class_list":{"0":"post-3005","1":"product","2":"type-product","3":"status-publish","4":"has-post-thumbnail","6":"product_cat-allround-de","7":"pa_hoeveelheid-54","8":"pa_hoeveelheid-55","9":"pa_hoeveelheid-56","10":"pa_hoeveelheid-57","11":"pa_hoeveelheid-58","12":"pa_leverwijze-silo","13":"pa_silo-nummer-69","14":"pa_silo-nummer-70","15":"pa_silo-nummer-71","16":"pa_silo-nummer-72","17":"wcpa_has_options","18":"desktop-align-left","19":"tablet-align-left","20":"mobile-align-left","22":"first","23":"instock","24":"shipping-taxable","25":"purchasable","26":"product-type-variable"},"_links":{"self":[{"href":"https:\/\/www.zwienenberg-horsefeed.com\/de\/wp-json\/wp\/v2\/product\/3005","targetHints":{"allow":["GET"]}}],"collection":[{"href":"https:\/\/www.zwienenberg-horsefeed.com\/de\/wp-json\/wp\/v2\/product"}],"about":[{"href":"https:\/\/www.zwienenberg-horsefeed.com\/de\/wp-json\/wp\/v2\/types\/product"}],"wp:featuredmedia":[{"embeddable":true,"href":"https:\/\/www.zwienenberg-horsefeed.com\/de\/wp-json\/wp\/v2\/media\/2545"}],"wp:attachment":[{"href":"https:\/\/www.zwienenberg-horsefeed.com\/de\/wp-json\/wp\/v2\/media?parent=3005"}],"wp:term":[{"taxonomy":"product_cat","embeddable":true,"href":"https:\/\/www.zwienenberg-horsefeed.com\/de\/wp-json\/wp\/v2\/product_cat?post=3005"},{"taxonomy":"product_tag","embeddable":true,"href":"https:\/\/www.zwienenberg-horsefeed.com\/de\/wp-json\/wp\/v2\/product_tag?post=3005"}],"curies":[{"name":"wp","href":"https:\/\/api.w.org\/{rel}","templated":true}]}}