{"id":3006,"date":"2022-05-25T15:58:22","date_gmt":"2022-05-25T13:58:22","guid":{"rendered":"https:\/\/www.zwienenberg-horsefeed.com\/product\/pavo-cerevit\/"},"modified":"2025-08-19T10:41:31","modified_gmt":"2025-08-19T08:41:31","slug":"pavo-cerevit","status":"publish","type":"product","link":"https:\/\/www.zwienenberg-horsefeed.com\/de\/product\/pavo-cerevit\/","title":{"rendered":"Pavo Cerevit"},"content":{"rendered":"<div class=\"column is-7\">\n<div class=\"content\">\n<div class=\"column is-7\">\n<div class=\"content\">\n<p><strong>\u00dcber Pavo Cerevit<\/strong><\/p>\n<p><em>Nun mit zus\u00e4tzlicher Struktur<\/em> Pavo Cerevit ist ein vollst\u00e4ndiges, haferfreies Basis-M\u00fcsli und eignet sich f\u00fcr alle Pferde- und Ponytypen, die leichte Arbeit verrichten. Das Pavo Cerevit M\u00fcsli enth\u00e4lt zus\u00e4tzliche &#8218;Fibre&#8216; (Fasern) in Form von Luzerneh\u00e4cksel und speziellen High-Fibre-Pellets, die haupts\u00e4chlich aus Dinkelspelzen bestehen. Dies verleiht dem M\u00fcsli eine zus\u00e4tzliche Struktur. Der Vorteil hierbei ist, dass Ihr Pferd l\u00e4nger f\u00fcr seine Pavo Cerevit-Mahlzeit ben\u00f6tigt, zus\u00e4tzlich kauen muss und somit mehr Speichel produziert. Pavo Cerevit ist aus Gersten- und Maisflocken zusammengesetzt und wird von Pferden sehr gerne gefressen. Dar\u00fcber hinaus enth\u00e4lt es alle wichtigen Vitamine, Mineralien und Spurenelemente, um Ihr Pferd gesund zu erhalten, und das Preis-Leistungs-Verh\u00e4ltnis ist \u00e4u\u00dferst g\u00fcnstig.     <\/p>\n<p><strong>Auch in BigBox erh\u00e4ltlich<\/strong> Pavo Cerevit ist auch in BigBox erh\u00e4ltlich: die ideale Gro\u00dfverpackung, wenn zwischen 5 und 10 Pferde die gleiche Art von Kraftfutter erhalten. Die Pavo BigBox ist deutlich g\u00fcnstiger als Sackware und wird bequem zu Ihnen nach Hause oder in den Stall geliefert. Betrachten Sie hier <a href=\"https:\/\/www.pavo.nl\/bigbox\">alle Vorteile einer BigBox.<\/a>  <\/p>\n<\/div>\n<\/div>\n<div class=\"column is-5\">\n<h2>Wichtige Eigenschaften<\/h2>\n<div class=\"content\">\n<ul>\n<li>Komplettes Basis-M\u00fcsli<\/li>\n<li>Mit Gersten- und Maisflocken Haferfrei<\/li>\n<li>Enth\u00e4lt alle wichtigen Vitamine und Mineralstoffe<\/li>\n<li>G\u00fcnstiges Preis-Leistungs-Verh\u00e4ltnis<\/li>\n<\/ul>\n<\/div>\n<h2>Anwendung<\/h2>\n<div class=\"content\">\n<ul>\n<li>F\u00fcr alle Pferde- und Ponytypen<\/li>\n<li>Bei leichter Arbeit<\/li>\n<\/ul>\n<\/div>\n<\/div>\n<\/div>\n<\/div>\n","protected":false},"excerpt":{"rendered":"<div class=\"product-tile__usps\">\n<ul>\n<li><span title=\"Haferfreies Basis-M\u00fcsli\">Haferfreies Basis-M\u00fcsli<\/span><\/li>\n<li><span title=\"Mit Gersten- und Maisflocken\">Mit Gersten- und Maisflocken<\/span><\/li>\n<li><span title=\"Alle wichtigen Vitamine und Mineralien\">Alle wichtigen Vitamine und Mineralien<\/span><\/li>\n<\/ul>\n<\/div>\n","protected":false},"featured_media":2546,"template":"","meta":{"inline_featured_image":false,"site-sidebar-layout":"default","site-content-layout":"default","ast-site-content-layout":"default","site-content-style":"default","site-sidebar-style":"default","ast-global-header-display":"","ast-banner-title-visibility":"","ast-main-header-display":"","ast-hfb-above-header-display":"","ast-hfb-below-header-display":"","ast-hfb-mobile-header-display":"","site-post-title":"","ast-breadcrumbs-content":"","ast-featured-img":"","footer-sml-layout":"","theme-transparent-header-meta":"default","adv-header-id-meta":"","stick-header-meta":"","header-above-stick-meta":"","header-main-stick-meta":"","header-below-stick-meta":"","astra-migrate-meta-layouts":"default","ast-page-background-enabled":"default","ast-page-background-meta":{"desktop":{"background-color":"var(--ast-global-color-4)","background-image":"","background-repeat":"repeat","background-position":"center center","background-size":"auto","background-attachment":"scroll","background-type":"","background-media":"","overlay-type":"","overlay-color":"","overlay-opacity":"","overlay-gradient":""},"tablet":{"background-color":"","background-image":"","background-repeat":"repeat","background-position":"center center","background-size":"auto","background-attachment":"scroll","background-type":"","background-media":"","overlay-type":"","overlay-color":"","overlay-opacity":"","overlay-gradient":""},"mobile":{"background-color":"","background-image":"","background-repeat":"repeat","background-position":"center center","background-size":"auto","background-attachment":"scroll","background-type":"","background-media":"","overlay-type":"","overlay-color":"","overlay-opacity":"","overlay-gradient":""}},"ast-content-background-meta":{"desktop":{"background-color":"var(--ast-global-color-5)","background-image":"","background-repeat":"repeat","background-position":"center center","background-size":"auto","background-attachment":"scroll","background-type":"","background-media":"","overlay-type":"","overlay-color":"","overlay-opacity":"","overlay-gradient":""},"tablet":{"background-color":"var(--ast-global-color-5)","background-image":"","background-repeat":"repeat","background-position":"center center","background-size":"auto","background-attachment":"scroll","background-type":"","background-media":"","overlay-type":"","overlay-color":"","overlay-opacity":"","overlay-gradient":""},"mobile":{"background-color":"var(--ast-global-color-5)","background-image":"","background-repeat":"repeat","background-position":"center center","background-size":"auto","background-attachment":"scroll","background-type":"","background-media":"","overlay-type":"","overlay-color":"","overlay-opacity":"","overlay-gradient":""}}},"product_cat":[52],"product_tag":[],"class_list":{"0":"post-3006","1":"product","2":"type-product","3":"status-publish","4":"has-post-thumbnail","6":"product_cat-allround-de","7":"pa_hoeveelheid-54","8":"pa_hoeveelheid-55","9":"pa_hoeveelheid-56","10":"pa_hoeveelheid-57","11":"pa_hoeveelheid-58","12":"pa_leverwijze-silo","13":"pa_silo-nummer-69","14":"pa_silo-nummer-70","15":"pa_silo-nummer-71","16":"pa_silo-nummer-72","17":"wcpa_has_options","18":"desktop-align-left","19":"tablet-align-left","20":"mobile-align-left","22":"first","23":"instock","24":"shipping-taxable","25":"purchasable","26":"product-type-variable"},"_links":{"self":[{"href":"https:\/\/www.zwienenberg-horsefeed.com\/de\/wp-json\/wp\/v2\/product\/3006","targetHints":{"allow":["GET"]}}],"collection":[{"href":"https:\/\/www.zwienenberg-horsefeed.com\/de\/wp-json\/wp\/v2\/product"}],"about":[{"href":"https:\/\/www.zwienenberg-horsefeed.com\/de\/wp-json\/wp\/v2\/types\/product"}],"wp:featuredmedia":[{"embeddable":true,"href":"https:\/\/www.zwienenberg-horsefeed.com\/de\/wp-json\/wp\/v2\/media\/2546"}],"wp:attachment":[{"href":"https:\/\/www.zwienenberg-horsefeed.com\/de\/wp-json\/wp\/v2\/media?parent=3006"}],"wp:term":[{"taxonomy":"product_cat","embeddable":true,"href":"https:\/\/www.zwienenberg-horsefeed.com\/de\/wp-json\/wp\/v2\/product_cat?post=3006"},{"taxonomy":"product_tag","embeddable":true,"href":"https:\/\/www.zwienenberg-horsefeed.com\/de\/wp-json\/wp\/v2\/product_tag?post=3006"}],"curies":[{"name":"wp","href":"https:\/\/api.w.org\/{rel}","templated":true}]}}