{"id":3018,"date":"2021-12-31T08:13:30","date_gmt":"2021-12-31T07:13:30","guid":{"rendered":"https:\/\/www.zwienenberg-horsefeed.com\/product\/pavo-balance-pro\/"},"modified":"2025-08-21T09:34:05","modified_gmt":"2025-08-21T07:34:05","slug":"pavo-balance-pro","status":"publish","type":"product","link":"https:\/\/www.zwienenberg-horsefeed.com\/de\/product\/pavo-balance-pro\/","title":{"rendered":"Pavo Balance PRO"},"content":{"rendered":"<p><span data-sheets-value=\"{\"1\":2,\"2\":\"Pavo Balance Pro is een sportbrok met een hoog gehalte aan snel vrijkomende energie, met name afkomstig is uit suiker en zetmeel (38%). Daarnaast is het vitaminen- en sporenelement gehalte erg hoog waardoor o.a. de spierfunctie optimaal ondersteund wordt. Pavo Balance Pro is uitermate geschikt voor springpaarden, maar ook voor gemengde stallen waar, naast goede kwaliteit ruwvoer, weinig krachtvoer wordt gegeven. Dankzij de hoge gehaltes aan eiwit (11%) en lysine (4,2 g\/kg) en een gebalancerde Ca\/P-verhouding (2,5\/1) is deze brok eveneens inzetbaar voor jonge paarden in de opfok.\"}\" data-sheets-userformat=\"{\"2\":13185,\"3\":{\"1\":0},\"10\":0,\"11\":4,\"12\":0,\"15\":\"Poppins\",\"16\":10}\">Pavo Balance Pro ist ein Sportfutter mit einem hohen Gehalt an schnell freigesetzter Energie, die haupts\u00e4chlich aus Zucker und St\u00e4rke (38%) stammt. Dar\u00fcber hinaus ist der Gehalt an Vitaminen und Spurenelementen sehr hoch, wodurch unter anderem die Muskelfunktion optimal unterst\u00fctzt wird. Pavo Balance Pro ist hervorragend f\u00fcr Springpferde geeignet, aber auch f\u00fcr gemischte St\u00e4lle, in denen neben qualitativ hochwertigem Raufutter wenig Kraftfutter verabreicht wird. Dank des hohen Gehalts an Eiwei\u00df (11%) und Lysin (4,2 g\/kg) sowie eines ausgewogenen Ca\/P-Verh\u00e4ltnisses (2,5\/1) ist dieses Futter auch f\u00fcr junge Pferde in der Aufzucht einsetzbar.<\/span><\/p>\n<p><strong>Wichtige Eigenschaften<\/strong><\/p>\n<p><span data-sheets-value=\"{\"1\":2,\"2\":\"\u2022 Rijk aan snel vrijkomende energie \\n\u2022 Bevat hoog aandeel antioxidanten \\n\u2022 Hoog eiwitgehalte \\n\"}\" data-sheets-userformat=\"{\"2\":13185,\"3\":{\"1\":0},\"10\":0,\"11\":4,\"12\":0,\"15\":\"Poppins\",\"16\":10}\">\u2022 Reich an schnell freigesetzter Energie<br \/>\n\u2022 Enth\u00e4lt einen hohen Anteil an Antioxidantien<br \/>\n\u2022 Hoher Eiwei\u00dfgehalt<br \/>\n<\/span><\/p>\n<p><strong>Anwendung<\/strong><\/p>\n<p><span data-sheets-value=\"{\"1\":2,\"2\":\"\u2022 Springpaarden\\n\u2022 Kortstondige inspanningen (zoals springen)\\n\u2022 Ook geschikt om in lagere hoeveelheden aan andere paarden te voeren. Hierdoor is Pavo Balance Pro geschikt voor gemengde stallen. \\n\"}\" data-sheets-userformat=\"{\"2\":13185,\"3\":{\"1\":0},\"10\":0,\"11\":4,\"12\":0,\"15\":\"Poppins\",\"16\":10}\">\u2022 Springpferde<br \/>\n\u2022 Kurzzeitige Belastungen (wie Springen)<br \/>\n\u2022 Auch geeignet, um in geringeren Mengen an andere Pferde verf\u00fcttert zu werden. Dadurch ist Pavo Balance Pro f\u00fcr gemischte St\u00e4lle geeignet.<br \/>\n<\/span><\/p>\n<p><strong>F\u00fctterungsempfehlung<\/strong><\/p>\n<p><span data-sheets-value=\"{\"1\":2,\"2\":\"Gemiddeld advies: 0,33 kg per 100 kg lichaamsgewicht. \\n 400 kg lichaamsgewicht: 1,3 kg \/ dag\\n 600 kg lichaamsgewicht: 2,0 kg \/ dag\\nBenodigde hoeveelheid hangt af van o.a. weidegang en ruwvoergift (en conditie).\\n\"}\" data-sheets-userformat=\"{\"2\":13185,\"3\":{\"1\":0},\"10\":0,\"11\":4,\"12\":0,\"15\":\"Poppins\",\"16\":10}\">Durchschnittliche Empfehlung: <\/span><\/p>\n<p><span data-sheets-value=\"{\"1\":2,\"2\":\"Gemiddeld advies: 0,33 kg per 100 kg lichaamsgewicht. \\n 400 kg lichaamsgewicht: 1,3 kg \/ dag\\n 600 kg lichaamsgewicht: 2,0 kg \/ dag\\nBenodigde hoeveelheid hangt af van o.a. weidegang en ruwvoergift (en conditie).\\n\"}\" data-sheets-userformat=\"{\"2\":13185,\"3\":{\"1\":0},\"10\":0,\"11\":4,\"12\":0,\"15\":\"Poppins\",\"16\":10}\">\u2022 0,33 kg pro 100 kg K\u00f6rpergewicht.<br \/>\n\u2022 400 kg K\u00f6rpergewicht: 1,3 kg \/ Tag<br \/>\n\u2022 600 kg K\u00f6rpergewicht: 2,0 kg \/ Tag<br \/>\n<\/span><\/p>\n<p><span data-sheets-value=\"{\"1\":2,\"2\":\"Gemiddeld advies: 0,33 kg per 100 kg lichaamsgewicht. \\n 400 kg lichaamsgewicht: 1,3 kg \/ dag\\n 600 kg lichaamsgewicht: 2,0 kg \/ dag\\nBenodigde hoeveelheid hangt af van o.a. weidegang en ruwvoergift (en conditie).\\n\"}\" data-sheets-userformat=\"{\"2\":13185,\"3\":{\"1\":0},\"10\":0,\"11\":4,\"12\":0,\"15\":\"Poppins\",\"16\":10}\">Die erforderliche Menge h\u00e4ngt unter anderem von Weidegang und Raufuttergabe (sowie Kondition) ab.<br \/>\n<\/span><\/p>\n<p><strong>Aufbewahrungshinweis<\/strong><\/p>\n<p><span data-sheets-value=\"{\"1\":2,\"2\":\"Droog en donker bewaren, maximale houdbaarheid 3 maanden. Denk met name aan omloopsnelheid in de zomermaanden (april \u2013 september).\"}\" data-sheets-userformat=\"{\"2\":13185,\"3\":{\"1\":0},\"10\":0,\"11\":4,\"12\":0,\"15\":\"Poppins\",\"16\":10}\">K\u00fchl und trocken lagern, maximale Haltbarkeit 3 Monate. Achten Sie insbesondere auf die Umschlagsh\u00e4ufigkeit in den Sommermonaten (April &#8211; September). <\/span><\/p>\n","protected":false},"excerpt":{"rendered":"<p><strong>Ideales Sportfutter f\u00fcr Springpferde <\/strong><\/p>\n","protected":false},"featured_media":2580,"template":"","meta":{"inline_featured_image":false,"site-sidebar-layout":"default","site-content-layout":"default","ast-site-content-layout":"default","site-content-style":"default","site-sidebar-style":"default","ast-global-header-display":"","ast-banner-title-visibility":"","ast-main-header-display":"","ast-hfb-above-header-display":"","ast-hfb-below-header-display":"","ast-hfb-mobile-header-display":"","site-post-title":"","ast-breadcrumbs-content":"","ast-featured-img":"","footer-sml-layout":"","theme-transparent-header-meta":"default","adv-header-id-meta":"","stick-header-meta":"","header-above-stick-meta":"","header-main-stick-meta":"","header-below-stick-meta":"","astra-migrate-meta-layouts":"default","ast-page-background-enabled":"default","ast-page-background-meta":{"desktop":{"background-color":"var(--ast-global-color-4)","background-image":"","background-repeat":"repeat","background-position":"center center","background-size":"auto","background-attachment":"scroll","background-type":"","background-media":"","overlay-type":"","overlay-color":"","overlay-opacity":"","overlay-gradient":""},"tablet":{"background-color":"","background-image":"","background-repeat":"repeat","background-position":"center center","background-size":"auto","background-attachment":"scroll","background-type":"","background-media":"","overlay-type":"","overlay-color":"","overlay-opacity":"","overlay-gradient":""},"mobile":{"background-color":"","background-image":"","background-repeat":"repeat","background-position":"center center","background-size":"auto","background-attachment":"scroll","background-type":"","background-media":"","overlay-type":"","overlay-color":"","overlay-opacity":"","overlay-gradient":""}},"ast-content-background-meta":{"desktop":{"background-color":"var(--ast-global-color-5)","background-image":"","background-repeat":"repeat","background-position":"center center","background-size":"auto","background-attachment":"scroll","background-type":"","background-media":"","overlay-type":"","overlay-color":"","overlay-opacity":"","overlay-gradient":""},"tablet":{"background-color":"var(--ast-global-color-5)","background-image":"","background-repeat":"repeat","background-position":"center center","background-size":"auto","background-attachment":"scroll","background-type":"","background-media":"","overlay-type":"","overlay-color":"","overlay-opacity":"","overlay-gradient":""},"mobile":{"background-color":"var(--ast-global-color-5)","background-image":"","background-repeat":"repeat","background-position":"center center","background-size":"auto","background-attachment":"scroll","background-type":"","background-media":"","overlay-type":"","overlay-color":"","overlay-opacity":"","overlay-gradient":""}}},"product_cat":[52],"product_tag":[],"class_list":{"0":"post-3018","1":"product","2":"type-product","3":"status-publish","4":"has-post-thumbnail","6":"product_cat-allround-de","7":"pa_hoeveelheid-54","8":"pa_hoeveelheid-55","9":"pa_hoeveelheid-56","10":"pa_hoeveelheid-57","11":"pa_hoeveelheid-58","12":"pa_leverwijze-silo","13":"pa_silo-nummer-69","14":"pa_silo-nummer-70","15":"pa_silo-nummer-71","16":"pa_silo-nummer-72","17":"wcpa_has_options","18":"desktop-align-left","19":"tablet-align-left","20":"mobile-align-left","22":"first","23":"instock","24":"shipping-taxable","25":"purchasable","26":"product-type-variable"},"_links":{"self":[{"href":"https:\/\/www.zwienenberg-horsefeed.com\/de\/wp-json\/wp\/v2\/product\/3018","targetHints":{"allow":["GET"]}}],"collection":[{"href":"https:\/\/www.zwienenberg-horsefeed.com\/de\/wp-json\/wp\/v2\/product"}],"about":[{"href":"https:\/\/www.zwienenberg-horsefeed.com\/de\/wp-json\/wp\/v2\/types\/product"}],"wp:featuredmedia":[{"embeddable":true,"href":"https:\/\/www.zwienenberg-horsefeed.com\/de\/wp-json\/wp\/v2\/media\/2580"}],"wp:attachment":[{"href":"https:\/\/www.zwienenberg-horsefeed.com\/de\/wp-json\/wp\/v2\/media?parent=3018"}],"wp:term":[{"taxonomy":"product_cat","embeddable":true,"href":"https:\/\/www.zwienenberg-horsefeed.com\/de\/wp-json\/wp\/v2\/product_cat?post=3018"},{"taxonomy":"product_tag","embeddable":true,"href":"https:\/\/www.zwienenberg-horsefeed.com\/de\/wp-json\/wp\/v2\/product_tag?post=3018"}],"curies":[{"name":"wp","href":"https:\/\/api.w.org\/{rel}","templated":true}]}}