{"id":3039,"date":"2021-12-31T08:12:53","date_gmt":"2021-12-31T07:12:53","guid":{"rendered":"https:\/\/www.zwienenberg-horsefeed.com\/product\/pavo-senior\/"},"modified":"2025-08-21T11:08:28","modified_gmt":"2025-08-21T09:08:28","slug":"pavo-senior","status":"publish","type":"product","link":"https:\/\/www.zwienenberg-horsefeed.com\/de\/product\/pavo-senior\/","title":{"rendered":"Pavo Senior"},"content":{"rendered":"<div class=\"column is-7\">\n<div class=\"content\">\n<p><strong>\u2022 Speziell auf die Bed\u00fcrfnisse \u00e4lterer Pferde abgestimmt<\/strong><br \/>\n<strong>\u2022 Mit hochwertigem Protein zur Erhaltung der Kondition<\/strong><br \/>\n<strong>\u2022 Enth\u00e4lt zus\u00e4tzliche Vitamine und Mineralstoffe<\/strong><\/p>\n<p><span data-sheets-value=\"{\"1\":2,\"2\":\"Pavo Senior (5mm) is een brok die speciaal is samengesteld voor oudere paarden. Het bevat alles wat een ouder paard (extra) nodig heeft, zonder het systeem onnodig te belasten. De brok kan droog gevoerd worden, maar ook als slobber nadat het product geweekt is. Wanneer Pavo Senior na het weken gemengd wordt met producten zoals SpeediBeet, DailyPlus of ander gehakseld ruwvoer, \\nkan het ondersteuning bieden voor paarden die slecht ruwvoer opnemen. \\n\"}\" data-sheets-userformat=\"{\"2\":13185,\"3\":{\"1\":0},\"10\":0,\"11\":4,\"12\":0,\"15\":\"Poppins\",\"16\":10}\">Pavo Senior ist auf die speziellen Bed\u00fcrfnisse Ihres alternden Pferdes abgestimmt und enth\u00e4lt alles, was der K\u00f6rper ben\u00f6tigt, ohne das System unn\u00f6tig zu belasten. Dieses 5-mm-Pellet ist leicht zu fressen und hilft Ihrem Senior, fit und vital zu bleiben. Es ist reich an leicht verdaulichen Fasern und enth\u00e4lt essentielle Aminos\u00e4uren zur Erhaltung einer gesunden K\u00f6rperkondition und Muskelmasse. Die Omega-3- und -6-Fetts\u00e4uren unterst\u00fctzen zusammen mit Antioxidantien ein gutes Immunsystem.<\/span><\/p>\n<p><strong>Wichtige Eigenschaften<\/strong><\/p>\n<p><span data-sheets-value=\"{\"1\":2,\"2\":\"\u2022 Boordevol goed verteerbare vezels (uit o.a. sojahullen en luzerne) \\n\u2022 Met essenti\u00eble aminozuren voor conditiebehoud \\n\u2022 Aangepast suiker- &amp; zetmeelgehalte voor oudere paarden\\n\u2022 Extra omega 3- en 6-vetzuren\\n\u2022 Aangepaste calcium-fosforverhouding\\n\u2022 Antioxidanten ter ondersteuning van de weerstand\\n\u2022 Extra vitaminen en mineralen\\n\u2022 Kan droog \u00e9n nat gevoerd worden\\n\"}\" data-sheets-userformat=\"{\"2\":13185,\"3\":{\"1\":0},\"10\":0,\"11\":4,\"12\":0,\"15\":\"Poppins\",\"16\":10}\">\u2022 Reichhaltig an gut verdaulichen Fasern zur Kompensation<br \/>\nder verminderten Verdauung<br \/>\n\u2022 Mit essentiellen Aminos\u00e4uren zur Konditionserhaltung<br \/>\n\u2022 Zus\u00e4tzliche Omega-3- und -6-Fetts\u00e4uren<br \/>\n\u2022 Antioxidantien f\u00fcr ein gutes Immunsystem<br \/>\n\u2022 Mit zus\u00e4tzlichen Vitaminen und Mineralstoffen<br \/>\n\u2022 5-mm-Pellet <\/span><\/p>\n<p><strong>Anwendung<\/strong><\/p>\n<p><span data-sheets-value=\"{\"1\":2,\"2\":\"\u2022 Voor oude(re) paarden\\n\u2022 Ideaal voor paarden met een conditieachterstand\\n\u2022 Om ruwvoeropname te ondersteunen \\n\"}\" data-sheets-userformat=\"{\"2\":13185,\"3\":{\"1\":0},\"10\":0,\"11\":4,\"12\":0,\"15\":\"Poppins\",\"16\":10}\">\u2022 F\u00fcr \u00e4ltere Pferde<br \/>\n\u2022 Ideal f\u00fcr Pferde mit Konditionsr\u00fcckstand<br \/>\n\u2022 Zur Unterst\u00fctzung der Raufutteraufnahme<br \/>\n<\/span><\/p>\n<p><strong>F\u00fctterungsempfehlung*<\/strong><\/p>\n<\/div>\n<p>K\u00f6rpergewicht Pferd 600 kg -&gt; 2,0-3,0 kg \/ Tag<\/p>\n<p>K\u00f6rpergewicht Pony 300 kg -&gt; 1,0-1,5 kg \/ Tag<\/p>\n<p>* Die exakte F\u00fctterungsempfehlung h\u00e4ngt stark von der Verf\u00fcgbarkeit<br \/>\nund Qualit\u00e4t des Raufutters ab<\/p>\n<\/div>\n<p><strong>Klicken Sie hier f\u00fcr die <a href=\"https:\/\/viewer.mediafly.com\/forfarmersgroup_share\/s\/1304abc2a57d438ca557b8a9210d2558#\/document\/dc9b82680b70409890061c2c9a7832c9product2155597?c=eyJ0IjoxLCJ2IjoiMTg2ZmE2OGNlMzVmN2ZhOWRhNGY5MDc1ZjNjNTRjNmQifQ%3D%3D&amp;page=1&amp;parentSlug=dc9b82680b70409890061c2c9a7832c9product316643&amp;shareSlug=1304abc2a57d438ca557b8a9210d2558\">Zusammensetzung und Inhaltsstoffe<\/a>.<\/strong><\/p>\n<div class=\"column is-7\">\n<div class=\"content\">\n<p><strong>Aufbewahrungshinweis<\/strong><\/p>\n<p><span data-sheets-value=\"{\"1\":2,\"2\":\"Droog en donker bewaren, maximale houdbaarheid 3 maanden. Denk met name aan omloopsnelheid in de zomermaanden (april \u2013 september).\"}\" data-sheets-userformat=\"{\"2\":13185,\"3\":{\"1\":0},\"10\":0,\"11\":4,\"12\":0,\"15\":\"Poppins\",\"16\":10}\">K\u00fchl und trocken lagern, maximale Haltbarkeit 3 Monate. Achten Sie insbesondere auf die Umschlagsh\u00e4ufigkeit in den Sommermonaten (April &#8211; September). <\/span><\/p>\n<\/div>\n<\/div>\n","protected":false},"excerpt":{"rendered":"<p><strong>Pellet f\u00fcr einen vitalen Senior <\/strong><\/p>\n","protected":false},"featured_media":2557,"template":"","meta":{"inline_featured_image":false,"site-sidebar-layout":"default","site-content-layout":"default","ast-site-content-layout":"default","site-content-style":"default","site-sidebar-style":"default","ast-global-header-display":"","ast-banner-title-visibility":"","ast-main-header-display":"","ast-hfb-above-header-display":"","ast-hfb-below-header-display":"","ast-hfb-mobile-header-display":"","site-post-title":"","ast-breadcrumbs-content":"","ast-featured-img":"","footer-sml-layout":"","theme-transparent-header-meta":"default","adv-header-id-meta":"","stick-header-meta":"","header-above-stick-meta":"","header-main-stick-meta":"","header-below-stick-meta":"","astra-migrate-meta-layouts":"default","ast-page-background-enabled":"default","ast-page-background-meta":{"desktop":{"background-color":"var(--ast-global-color-4)","background-image":"","background-repeat":"repeat","background-position":"center center","background-size":"auto","background-attachment":"scroll","background-type":"","background-media":"","overlay-type":"","overlay-color":"","overlay-opacity":"","overlay-gradient":""},"tablet":{"background-color":"","background-image":"","background-repeat":"repeat","background-position":"center center","background-size":"auto","background-attachment":"scroll","background-type":"","background-media":"","overlay-type":"","overlay-color":"","overlay-opacity":"","overlay-gradient":""},"mobile":{"background-color":"","background-image":"","background-repeat":"repeat","background-position":"center center","background-size":"auto","background-attachment":"scroll","background-type":"","background-media":"","overlay-type":"","overlay-color":"","overlay-opacity":"","overlay-gradient":""}},"ast-content-background-meta":{"desktop":{"background-color":"var(--ast-global-color-5)","background-image":"","background-repeat":"repeat","background-position":"center center","background-size":"auto","background-attachment":"scroll","background-type":"","background-media":"","overlay-type":"","overlay-color":"","overlay-opacity":"","overlay-gradient":""},"tablet":{"background-color":"var(--ast-global-color-5)","background-image":"","background-repeat":"repeat","background-position":"center center","background-size":"auto","background-attachment":"scroll","background-type":"","background-media":"","overlay-type":"","overlay-color":"","overlay-opacity":"","overlay-gradient":""},"mobile":{"background-color":"var(--ast-global-color-5)","background-image":"","background-repeat":"repeat","background-position":"center center","background-size":"auto","background-attachment":"scroll","background-type":"","background-media":"","overlay-type":"","overlay-color":"","overlay-opacity":"","overlay-gradient":""}}},"product_cat":[52],"product_tag":[],"class_list":{"0":"post-3039","1":"product","2":"type-product","3":"status-publish","4":"has-post-thumbnail","6":"product_cat-allround-de","7":"pa_hoeveelheid-54","8":"pa_hoeveelheid-55","9":"pa_hoeveelheid-56","10":"pa_hoeveelheid-57","11":"pa_hoeveelheid-58","12":"pa_leverwijze-silo","13":"pa_silo-nummer-69","14":"pa_silo-nummer-70","15":"pa_silo-nummer-71","16":"pa_silo-nummer-72","17":"wcpa_has_options","18":"desktop-align-left","19":"tablet-align-left","20":"mobile-align-left","22":"first","23":"instock","24":"shipping-taxable","25":"purchasable","26":"product-type-variable"},"_links":{"self":[{"href":"https:\/\/www.zwienenberg-horsefeed.com\/de\/wp-json\/wp\/v2\/product\/3039","targetHints":{"allow":["GET"]}}],"collection":[{"href":"https:\/\/www.zwienenberg-horsefeed.com\/de\/wp-json\/wp\/v2\/product"}],"about":[{"href":"https:\/\/www.zwienenberg-horsefeed.com\/de\/wp-json\/wp\/v2\/types\/product"}],"wp:featuredmedia":[{"embeddable":true,"href":"https:\/\/www.zwienenberg-horsefeed.com\/de\/wp-json\/wp\/v2\/media\/2557"}],"wp:attachment":[{"href":"https:\/\/www.zwienenberg-horsefeed.com\/de\/wp-json\/wp\/v2\/media?parent=3039"}],"wp:term":[{"taxonomy":"product_cat","embeddable":true,"href":"https:\/\/www.zwienenberg-horsefeed.com\/de\/wp-json\/wp\/v2\/product_cat?post=3039"},{"taxonomy":"product_tag","embeddable":true,"href":"https:\/\/www.zwienenberg-horsefeed.com\/de\/wp-json\/wp\/v2\/product_tag?post=3039"}],"curies":[{"name":"wp","href":"https:\/\/api.w.org\/{rel}","templated":true}]}}