{"id":3058,"date":"2021-12-30T10:19:29","date_gmt":"2021-12-30T09:19:29","guid":{"rendered":"https:\/\/www.zwienenberg-horsefeed.com\/product\/pavo-performance-8-mm\/"},"modified":"2025-08-21T11:05:14","modified_gmt":"2025-08-21T09:05:14","slug":"pavo-performance-8-mm","status":"publish","type":"product","link":"https:\/\/www.zwienenberg-horsefeed.com\/de\/product\/pavo-performance-8-mm\/","title":{"rendered":"Pavo Performance 8 mm"},"content":{"rendered":"<p><span data-sheets-value=\"{\"1\":2,\"2\":\"Pavo Performance is speciaal ontwikkeld om sportpaarden maximaal uithoudingsvermogen en een topfitte, glanzende uitstraling te geven. Zo hebben paarden die op het hoogste niveau moeten presteren (energy level 3) o.a. een verhoogde energie- en eiwitbehoefte. Door de unieke samenstelling van deze sportbrok kunnen (top)sportpaarden hun energie voor langdurige inspanning vooral uit gezonde vezels en vetten halen in plaats van uit suiker en zetmeelrijke bronnen, zoals granen. Zo krijgt jouw topsporter alle bouwstoffen om optimaal te presteren, z\u00f3nder het risico dat hij heet wordt!\"}\" data-sheets-userformat=\"{\"2\":771,\"3\":{\"1\":0},\"4\":{\"1\":2,\"2\":16776960},\"11\":4,\"12\":0}\">Pavo Performance wurde speziell entwickelt, um Sportpferden maximale Ausdauer und ein h\u00f6chst fittes, gl\u00e4nzendes Erscheinungsbild zu verleihen. Pferde, die auf h\u00f6chstem Niveau Leistung erbringen m\u00fcssen (Energielevel 3), haben unter anderem einen erh\u00f6hten Energie- und Proteinbedarf. Durch die einzigartige Zusammensetzung dieses Sportpellets k\u00f6nnen (Spitzen-)Sportpferde ihre Energie f\u00fcr langanhaltende Anstrengungen haupts\u00e4chlich aus gesunden Fasern und Fetten gewinnen, anstatt aus zucker- und st\u00e4rkereichen Quellen wie Getreide. So erh\u00e4lt Ihr Spitzenathlet alle Bausteine, um optimal zu performen, ohne das Risiko, dass er \u00fcberm\u00e4\u00dfig hitzig wird!   <\/span><\/p>\n<p><strong>Wichtige Eigenschaften<\/strong><\/p>\n<p><span data-sheets-value=\"{\"1\":2,\"2\":\"- Hoge kwaliteit sportbrok\\n- Maximaal uithoudingsvermogen\\n- Hoogwaardige eiwitten voor de spieren\\n- Rijk aan magnesium en elektrolyten\\n- Met natuurlijke vitamine E en natuurlijke antioxidanten\\n- Bevat goed verteerbare vezels\\n- Met prebiotica voor een gezonde maag-darmflora\"}\" data-sheets-userformat=\"{\"2\":13187,\"3\":{\"1\":0},\"4\":{\"1\":2,\"2\":16776960},\"10\":0,\"11\":4,\"12\":0,\"15\":\"Poppins\",\"16\":10}\">\u2022 Hochwertiges Sportpellet<br \/>\n\u2022 Maximale Ausdauer<br \/>\n\u2022 Hochwertige Proteine f\u00fcr die Muskulatur<br \/>\n\u2022 Reich an Magnesium und Elektrolyten<br \/>\n\u2022 Mit nat\u00fcrlichem Vitamin E und nat\u00fcrlichen Antioxidantien<br \/>\n\u2022 Enth\u00e4lt gut verdauliche Fasern<br \/>\n\u2022 Mit Pr\u00e4biotika f\u00fcr eine gesunde Magen-Darm-Flora<\/span><\/p>\n<p><span data-sheets-value=\"{\"1\":2,\"2\":\"Pavo Performance is geschikt voor:\\n\\n- Alle disciplines\\n- Nerveuze en hete paarden en\/of bij stressvolle omstandigheden\\n- Sportpaarden die zware tot zeer zware arbeid verrichten (energy level high)\\nHoe intensief jij met je paard traint, bepaalt mede de hoeveelheid energie die je paard nodig heeft om het werk vol te houden. Pavo Performance is geschikt voor energy level high:\\n\\nEnergy level high:\\nMinimaal 3-4 dagen per week, gemiddeld 30-60 minuten per dag trainen. Intensiteit bij een training van 1 uur: 14 minuten stap, 23 minuten draf en 23 minuten galop en\/of springen.\"}\" data-sheets-userformat=\"{\"2\":13187,\"3\":{\"1\":0},\"4\":{\"1\":2,\"2\":16776960},\"10\":0,\"11\":4,\"12\":0,\"15\":\"Poppins\",\"16\":10}\" data-sheets-textstyleruns=\"{\"1\":0}\uee10{\"1\":197,\"2\":{\"6\":1}}\uee10{\"1\":376}\uee10{\"1\":378,\"2\":{\"5\":1}}\uee10{\"1\":396}\"><b>Anwendung<\/b><\/span><\/p>\n<p><span data-sheets-value=\"{\"1\":2,\"2\":\"Pavo Performance is geschikt voor:\\n\\n- Alle disciplines\\n- Nerveuze en hete paarden en\/of bij stressvolle omstandigheden\\n- Sportpaarden die zware tot zeer zware arbeid verrichten (energy level high)\\nHoe intensief jij met je paard traint, bepaalt mede de hoeveelheid energie die je paard nodig heeft om het werk vol te houden. Pavo Performance is geschikt voor energy level high:\\n\\nEnergy level high:\\nMinimaal 3-4 dagen per week, gemiddeld 30-60 minuten per dag trainen. Intensiteit bij een training van 1 uur: 14 minuten stap, 23 minuten draf en 23 minuten galop en\/of springen.\"}\" data-sheets-userformat=\"{\"2\":13187,\"3\":{\"1\":0},\"4\":{\"1\":2,\"2\":16776960},\"10\":0,\"11\":4,\"12\":0,\"15\":\"Poppins\",\"16\":10}\" data-sheets-textstyleruns=\"{\"1\":0}\uee10{\"1\":197,\"2\":{\"6\":1}}\uee10{\"1\":376}\uee10{\"1\":378,\"2\":{\"5\":1}}\uee10{\"1\":396}\">\u2022 Alle Disziplinen<br \/>\n\u2022 Nerv\u00f6se und hitzige Pferde und\/oder bei stressigen Bedingungen<br \/>\n\u2022 Sportpferde, die schwere bis sehr schwere Arbeit leisten (Energielevel hoch)<br \/>\nDie Intensit\u00e4t Ihres Trainings mit Ihrem Pferd bestimmt ma\u00dfgeblich die Menge an Energie, die Ihr Pferd ben\u00f6tigt, um die Arbeit durchzuhalten. Pavo Performance ist geeignet f\u00fcr Energielevel hoch: <\/span><\/p>\n<p>Energielevel hoch:<br \/>\nMindestens 3-4 Tage pro Woche, durchschnittlich 30-60 Minuten pro Tag trainieren. Intensit\u00e4t bei einem einst\u00fcndigen Training: 14 Minuten Schritt, 23 Minuten Trab und 23 Minuten Galopp und\/oder Springen. <\/p>\n<p><strong>F\u00fctterungsempfehlung<\/strong><\/p>\n<p><span data-sheets-value=\"{\"1\":2,\"2\":\"- Dagelijks advies bij zware tot zware arbeid (energy level 3): 0.45 kg per 100 kg lichaamsgewicht. Paard (600 kg): 2-3 kilo, pony (300 kg): 1-1,5 kilo\\n- Energy level high: minimaal 3-4 dagen per week, gemiddeld 30-60 minuten per dag trainen. Intensiteit bij een training van 1 uur: 14 minuten stap, 23 minuten draf en 23 minuten galop en\/of springen.\\n- De dagelijkse hoeveelheid hangt o.a. af van de arbeidsintensiteit en weidegang\\n\\nEen volle Pavo voerschep bevat 1,2 kg Pavo Performance.\"}\" data-sheets-userformat=\"{\"2\":13187,\"3\":{\"1\":0},\"4\":{\"1\":2,\"2\":16776960},\"10\":0,\"11\":4,\"12\":0,\"15\":\"Poppins\",\"16\":10}\">T\u00e4gliche Empfehlung bei schwerer bis sehr schwerer Arbeit (Energielevel 3): <\/span><\/p>\n<p><span data-sheets-value=\"{\"1\":2,\"2\":\"- Dagelijks advies bij zware tot zware arbeid (energy level 3): 0.45 kg per 100 kg lichaamsgewicht. Paard (600 kg): 2-3 kilo, pony (300 kg): 1-1,5 kilo\\n- Energy level high: minimaal 3-4 dagen per week, gemiddeld 30-60 minuten per dag trainen. Intensiteit bij een training van 1 uur: 14 minuten stap, 23 minuten draf en 23 minuten galop en\/of springen.\\n- De dagelijkse hoeveelheid hangt o.a. af van de arbeidsintensiteit en weidegang\\n\\nEen volle Pavo voerschep bevat 1,2 kg Pavo Performance.\"}\" data-sheets-userformat=\"{\"2\":13187,\"3\":{\"1\":0},\"4\":{\"1\":2,\"2\":16776960},\"10\":0,\"11\":4,\"12\":0,\"15\":\"Poppins\",\"16\":10}\">\u2022 0,45 kg pro 100 kg K\u00f6rpergewicht.<br \/>\n\u2022Pferd (600 kg): 2-3 kg,<br \/>\n\u2022Pony (300 kg): 1-1,5 kg<\/span><\/p>\n<p><span data-sheets-value=\"{\"1\":2,\"2\":\"- Dagelijks advies bij zware tot zware arbeid (energy level 3): 0.45 kg per 100 kg lichaamsgewicht. Paard (600 kg): 2-3 kilo, pony (300 kg): 1-1,5 kilo\\n- Energy level high: minimaal 3-4 dagen per week, gemiddeld 30-60 minuten per dag trainen. Intensiteit bij een training van 1 uur: 14 minuten stap, 23 minuten draf en 23 minuten galop en\/of springen.\\n- De dagelijkse hoeveelheid hangt o.a. af van de arbeidsintensiteit en weidegang\\n\\nEen volle Pavo voerschep bevat 1,2 kg Pavo Performance.\"}\" data-sheets-userformat=\"{\"2\":13187,\"3\":{\"1\":0},\"4\":{\"1\":2,\"2\":16776960},\"10\":0,\"11\":4,\"12\":0,\"15\":\"Poppins\",\"16\":10}\"><br \/>\n\u2022 Energielevel hoch: mindestens 3-4 Tage pro Woche, durchschnittlich 30-60 Minuten pro Tag trainieren. Intensit\u00e4t bei einem einst\u00fcndigen Training: 14 Minuten Schritt, 23 Minuten Trab und 23 Minuten Galopp und\/oder Springen.<br \/>\n\u2022 Die t\u00e4gliche Menge h\u00e4ngt unter anderem von der Arbeitsintensit\u00e4t und dem Weidegang ab<br \/>\n\u2022Eine volle Pavo Futterschaufel enth\u00e4lt 1,2 kg Pavo Performance. <\/span><\/p>\n<p><strong>Aufbewahrungshinweis<\/strong><\/p>\n<p><span data-sheets-value=\"{\"1\":2,\"2\":\"Droog en donker bewaren, maximale houdbaarheid 3 maanden. Denk met name aan omloopsnelheid in de zomermaanden (april \u2013 september).\"}\" data-sheets-userformat=\"{\"2\":13185,\"3\":{\"1\":0},\"10\":1,\"11\":4,\"12\":0,\"15\":\"Poppins\",\"16\":10}\">K\u00fchl und trocken lagern, maximale Haltbarkeit 3 Monate. Achten Sie insbesondere auf die Umschlagsh\u00e4ufigkeit in den Sommermonaten (April &#8211; September). <\/span><\/p>\n","protected":false},"excerpt":{"rendered":"<div class=\"product-tile__usps\">\n<p><strong>Sportpellets f\u00fcr das h\u00f6chste Leistungsniveau<\/strong><\/p>\n<\/div>\n","protected":false},"featured_media":2551,"template":"","meta":{"inline_featured_image":false,"site-sidebar-layout":"default","site-content-layout":"default","ast-site-content-layout":"default","site-content-style":"default","site-sidebar-style":"default","ast-global-header-display":"","ast-banner-title-visibility":"","ast-main-header-display":"","ast-hfb-above-header-display":"","ast-hfb-below-header-display":"","ast-hfb-mobile-header-display":"","site-post-title":"","ast-breadcrumbs-content":"","ast-featured-img":"","footer-sml-layout":"","theme-transparent-header-meta":"default","adv-header-id-meta":"","stick-header-meta":"","header-above-stick-meta":"","header-main-stick-meta":"","header-below-stick-meta":"","astra-migrate-meta-layouts":"default","ast-page-background-enabled":"default","ast-page-background-meta":{"desktop":{"background-color":"var(--ast-global-color-4)","background-image":"","background-repeat":"repeat","background-position":"center center","background-size":"auto","background-attachment":"scroll","background-type":"","background-media":"","overlay-type":"","overlay-color":"","overlay-opacity":"","overlay-gradient":""},"tablet":{"background-color":"","background-image":"","background-repeat":"repeat","background-position":"center center","background-size":"auto","background-attachment":"scroll","background-type":"","background-media":"","overlay-type":"","overlay-color":"","overlay-opacity":"","overlay-gradient":""},"mobile":{"background-color":"","background-image":"","background-repeat":"repeat","background-position":"center center","background-size":"auto","background-attachment":"scroll","background-type":"","background-media":"","overlay-type":"","overlay-color":"","overlay-opacity":"","overlay-gradient":""}},"ast-content-background-meta":{"desktop":{"background-color":"var(--ast-global-color-5)","background-image":"","background-repeat":"repeat","background-position":"center center","background-size":"auto","background-attachment":"scroll","background-type":"","background-media":"","overlay-type":"","overlay-color":"","overlay-opacity":"","overlay-gradient":""},"tablet":{"background-color":"var(--ast-global-color-5)","background-image":"","background-repeat":"repeat","background-position":"center center","background-size":"auto","background-attachment":"scroll","background-type":"","background-media":"","overlay-type":"","overlay-color":"","overlay-opacity":"","overlay-gradient":""},"mobile":{"background-color":"var(--ast-global-color-5)","background-image":"","background-repeat":"repeat","background-position":"center center","background-size":"auto","background-attachment":"scroll","background-type":"","background-media":"","overlay-type":"","overlay-color":"","overlay-opacity":"","overlay-gradient":""}}},"product_cat":[51],"product_tag":[],"class_list":{"0":"post-3058","1":"product","2":"type-product","3":"status-publish","4":"has-post-thumbnail","6":"product_cat-sport-de","7":"pa_hoeveelheid-54","8":"pa_hoeveelheid-55","9":"pa_hoeveelheid-56","10":"pa_hoeveelheid-57","11":"pa_hoeveelheid-58","12":"pa_leverwijze-silo","13":"pa_silo-nummer-69","14":"pa_silo-nummer-70","15":"pa_silo-nummer-71","16":"pa_silo-nummer-72","17":"wcpa_has_options","18":"desktop-align-left","19":"tablet-align-left","20":"mobile-align-left","22":"first","23":"instock","24":"shipping-taxable","25":"purchasable","26":"product-type-variable"},"_links":{"self":[{"href":"https:\/\/www.zwienenberg-horsefeed.com\/de\/wp-json\/wp\/v2\/product\/3058","targetHints":{"allow":["GET"]}}],"collection":[{"href":"https:\/\/www.zwienenberg-horsefeed.com\/de\/wp-json\/wp\/v2\/product"}],"about":[{"href":"https:\/\/www.zwienenberg-horsefeed.com\/de\/wp-json\/wp\/v2\/types\/product"}],"wp:featuredmedia":[{"embeddable":true,"href":"https:\/\/www.zwienenberg-horsefeed.com\/de\/wp-json\/wp\/v2\/media\/2551"}],"wp:attachment":[{"href":"https:\/\/www.zwienenberg-horsefeed.com\/de\/wp-json\/wp\/v2\/media?parent=3058"}],"wp:term":[{"taxonomy":"product_cat","embeddable":true,"href":"https:\/\/www.zwienenberg-horsefeed.com\/de\/wp-json\/wp\/v2\/product_cat?post=3058"},{"taxonomy":"product_tag","embeddable":true,"href":"https:\/\/www.zwienenberg-horsefeed.com\/de\/wp-json\/wp\/v2\/product_tag?post=3058"}],"curies":[{"name":"wp","href":"https:\/\/api.w.org\/{rel}","templated":true}]}}