{"id":3059,"date":"2021-12-22T09:48:01","date_gmt":"2021-12-22T08:48:01","guid":{"rendered":"https:\/\/www.zwienenberg-horsefeed.com\/product\/pavo-sportsfit\/"},"modified":"2025-08-21T11:22:21","modified_gmt":"2025-08-21T09:22:21","slug":"pavo-sportsfit","status":"publish","type":"product","link":"https:\/\/www.zwienenberg-horsefeed.com\/de\/product\/pavo-sportsfit\/","title":{"rendered":"Pavo SportsFit"},"content":{"rendered":"<div class=\"column is-7\">\n<div class=\"content\">\n<div class=\"column is-7\">\n<div class=\"content\">\n<ul>\n<li><strong>F\u00fcr kontrollierbare Kraft und Energie<\/strong><\/li>\n<li><strong>Optimale Unterst\u00fctzung der Muskulatur<\/strong><\/li>\n<\/ul>\n<p>Pavo SportsFit ist ein komplettes und ausgewogenes Kraftfutter, um sportliche Leistungen optimal zu unterst\u00fctzen. Dieses M\u00fcsli ist durch die optimale Kombination von St\u00e4rke und \u00d6l eine perfekte Energiequelle f\u00fcr Sportpferde und -ponys. Die St\u00e4rke liefert schnelle Energie f\u00fcr Power und &#8218;Go&#8216;, w\u00e4hrend \u00d6l und Fette langsame Energie liefern, wodurch das Pferd die Arbeit l\u00e4nger durchhalten kann.   Diese Kombination von Energiequellen stellt sicher, dass das Pferd Energie zur Leistungserbringung hat, dabei jedoch reitbar bleibt. Dar\u00fcber hinaus enth\u00e4lt Pavo SportsFit ausreichend, vor allem aber hochwertige Proteine, die f\u00fcr den Aufbau und Erhalt gesunder Muskeln wichtig sind. Auch der hohe Gehalt an Vitamin E und Selen unterst\u00fctzt gesunde Muskeln durch den schnellen Abtransport von Milchs\u00e4ure nach der \u00dcbers\u00e4uerung. <\/p>\n<p id=\"sterke-en-soepele-spieren\"><strong>Starke und geschmeidige Muskeln<\/strong><\/p>\n<p>Proteine sind wichtig f\u00fcr den Aufbau von Muskelmasse. Deshalb enth\u00e4lt Pavo SportsFit Magnesium, hochwertige Proteine und essentielle Aminos\u00e4uren wie Lysin. Um sicherzustellen, dass die Muskeln optimal funktionieren k\u00f6nnen, wurden auch nat\u00fcrliche CellProtect Antioxidantien und nat\u00fcrliches Vitamin E hinzugef\u00fcgt. Nat\u00fcrliches Vitamin E ist fast doppelt so effektiv wie die synthetische Variante, die in den meisten Sportnahrungen enthalten ist. Dadurch \u00fcbers\u00e4uern die Muskeln weniger schnell, bleiben sch\u00f6n geschmeidig und Ihr Pferd h\u00e4lt die Arbeit l\u00e4nger durch!    <\/p>\n<\/div>\n<\/div>\n<div class=\"column is-5\">\n<p><strong>Wichtige Eigenschaften<\/strong><\/p>\n<p>\u2022 Ideale und gut verwertbare Energiequelle<br \/>\n\u2022 Gibt dem Pferd Kraft und Go<br \/>\n\u2022 Erg\u00e4nzt mit langanhaltender Energie f\u00fcr Ausdauer<br \/>\n\u2022 Geeignet f\u00fcr alle Disziplinen, auch f\u00fcr Ausdauerleistungen<br \/>\n\u2022 Mit hochwertigem Protein f\u00fcr optimale Muskelunterst\u00fctzung<br \/>\n\u2022 Reich an Vitamin E, Selen und Magnesium<br \/>\n\u2022 Enth\u00e4lt einen hohen Anteil an Omega-3- und -6-Fetts\u00e4uren<\/p>\n<p><strong>Anwendung<\/strong><\/p>\n<div class=\"content\">\n<p>Besonders geeignet f\u00fcr Sportpferde und -ponys:<\/p>\n<ul>\n<li>In allen Disziplinen<\/li>\n<li>Die zus\u00e4tzliche Energie ben\u00f6tigen<\/li>\n<li>Die schnell (zu) hei\u00df werden<\/li>\n<li>Die mittlere bis schwere Arbeit verrichten (Energielevel medium)<\/li>\n<\/ul>\n<p><strong>F\u00fctterungsempfehlung*<\/strong><\/p>\n<\/div>\n<p>K\u00f6rpergewicht Pferd 600 kg<\/p>\n<p>Mittelschwere Arbeit 2-3 kg \/ Tag<\/p>\n<p>Schwere Arbeit 2,5-3,5 kg \/ Tag<\/p>\n<p>K\u00f6rpergewicht Pony 300 kg<\/p>\n<p>Mittelschwere Arbeit -&gt; 1-2 kg \/ Tag<\/p>\n<p>Schwere Arbeit -&gt; 1,5-2,5 kg \/ Tag<\/p>\n<p>F\u00fctterungsempfehlung*<br \/>\n* Die genaue F\u00fctterungsempfehlung h\u00e4ngt stark von der Verf\u00fcgbarkeit und Qualit\u00e4t des Raufutters ab und davon, wie intensiv Sie mit Ihrem Pferd trainieren. Pavo SportsFit kann mit anderen Produkten kombiniert werden. <\/p>\n<\/div>\n<p><strong>Pavo SportsFit hat ein mittleres Energieniveau:<\/strong><\/p>\n<p>Energieniveau mittel: Mindestens 3-4 Tage pro Woche, durchschnittlich 30-60 Minuten pro Tag trainieren. Intensit\u00e4t bei einem einst\u00fcndigen Training: 14 Minuten Schritt, 34 Minuten Trab und 12 Minuten Galopp und\/oder Springen. <\/p>\n<div class=\"column is-5\">\n<p><strong>Klicken Sie hier f\u00fcr die <a href=\"https:\/\/viewer.mediafly.com\/forfarmersgroup_share\/s\/4565266357aa4f67bb62a0143d6248df#\/document\/dc9b82680b70409890061c2c9a7832c9product1982983?c=eyJ0IjoxLCJ2IjoiZjhhMTcyOGE1YzEzNDY3MjA5NTNiMWZlNmQ3OTNhOTIifQ%3D%3D&amp;page=1&amp;parentSlug=dc9b82680b70409890061c2c9a7832c9product316643&amp;shareSlug=4565266357aa4f67bb62a0143d6248df\">Zusammensetzung und Bestandteile.<\/a><\/strong><\/p>\n<\/div>\n<p><strong>Bevorzugen Sie ein Sportpellet mit den gleichen Qualit\u00e4ten?<\/strong> W\u00e4hlen Sie dann <a href=\"https:\/\/www.pavo.nl\/paardenvoer\/sport\/pavo-allsports\/?articlecode=91452\">Pavo AllSports<\/a>.<\/p>\n<\/div>\n<\/div>\n","protected":false},"excerpt":{"rendered":"<p><strong>Sportm\u00fcsli f\u00fcr mittelschwere bis schwere Arbeit<\/strong><\/p>\n","protected":false},"featured_media":2559,"template":"","meta":{"inline_featured_image":false,"site-sidebar-layout":"default","site-content-layout":"default","ast-site-content-layout":"default","site-content-style":"default","site-sidebar-style":"default","ast-global-header-display":"","ast-banner-title-visibility":"","ast-main-header-display":"","ast-hfb-above-header-display":"","ast-hfb-below-header-display":"","ast-hfb-mobile-header-display":"","site-post-title":"","ast-breadcrumbs-content":"","ast-featured-img":"","footer-sml-layout":"","theme-transparent-header-meta":"default","adv-header-id-meta":"","stick-header-meta":"","header-above-stick-meta":"","header-main-stick-meta":"","header-below-stick-meta":"","astra-migrate-meta-layouts":"default","ast-page-background-enabled":"default","ast-page-background-meta":{"desktop":{"background-color":"var(--ast-global-color-4)","background-image":"","background-repeat":"repeat","background-position":"center center","background-size":"auto","background-attachment":"scroll","background-type":"","background-media":"","overlay-type":"","overlay-color":"","overlay-opacity":"","overlay-gradient":""},"tablet":{"background-color":"","background-image":"","background-repeat":"repeat","background-position":"center center","background-size":"auto","background-attachment":"scroll","background-type":"","background-media":"","overlay-type":"","overlay-color":"","overlay-opacity":"","overlay-gradient":""},"mobile":{"background-color":"","background-image":"","background-repeat":"repeat","background-position":"center center","background-size":"auto","background-attachment":"scroll","background-type":"","background-media":"","overlay-type":"","overlay-color":"","overlay-opacity":"","overlay-gradient":""}},"ast-content-background-meta":{"desktop":{"background-color":"var(--ast-global-color-5)","background-image":"","background-repeat":"repeat","background-position":"center center","background-size":"auto","background-attachment":"scroll","background-type":"","background-media":"","overlay-type":"","overlay-color":"","overlay-opacity":"","overlay-gradient":""},"tablet":{"background-color":"var(--ast-global-color-5)","background-image":"","background-repeat":"repeat","background-position":"center center","background-size":"auto","background-attachment":"scroll","background-type":"","background-media":"","overlay-type":"","overlay-color":"","overlay-opacity":"","overlay-gradient":""},"mobile":{"background-color":"var(--ast-global-color-5)","background-image":"","background-repeat":"repeat","background-position":"center center","background-size":"auto","background-attachment":"scroll","background-type":"","background-media":"","overlay-type":"","overlay-color":"","overlay-opacity":"","overlay-gradient":""}}},"product_cat":[51],"product_tag":[],"class_list":{"0":"post-3059","1":"product","2":"type-product","3":"status-publish","4":"has-post-thumbnail","6":"product_cat-sport-de","7":"pa_hoeveelheid-54","8":"pa_hoeveelheid-55","9":"pa_hoeveelheid-56","10":"pa_hoeveelheid-57","11":"pa_hoeveelheid-58","12":"pa_leverwijze-silo","13":"pa_silo-nummer-69","14":"pa_silo-nummer-70","15":"pa_silo-nummer-71","16":"pa_silo-nummer-72","17":"wcpa_has_options","18":"desktop-align-left","19":"tablet-align-left","20":"mobile-align-left","22":"first","23":"instock","24":"shipping-taxable","25":"purchasable","26":"product-type-variable"},"_links":{"self":[{"href":"https:\/\/www.zwienenberg-horsefeed.com\/de\/wp-json\/wp\/v2\/product\/3059","targetHints":{"allow":["GET"]}}],"collection":[{"href":"https:\/\/www.zwienenberg-horsefeed.com\/de\/wp-json\/wp\/v2\/product"}],"about":[{"href":"https:\/\/www.zwienenberg-horsefeed.com\/de\/wp-json\/wp\/v2\/types\/product"}],"wp:featuredmedia":[{"embeddable":true,"href":"https:\/\/www.zwienenberg-horsefeed.com\/de\/wp-json\/wp\/v2\/media\/2559"}],"wp:attachment":[{"href":"https:\/\/www.zwienenberg-horsefeed.com\/de\/wp-json\/wp\/v2\/media?parent=3059"}],"wp:term":[{"taxonomy":"product_cat","embeddable":true,"href":"https:\/\/www.zwienenberg-horsefeed.com\/de\/wp-json\/wp\/v2\/product_cat?post=3059"},{"taxonomy":"product_tag","embeddable":true,"href":"https:\/\/www.zwienenberg-horsefeed.com\/de\/wp-json\/wp\/v2\/product_tag?post=3059"}],"curies":[{"name":"wp","href":"https:\/\/api.w.org\/{rel}","templated":true}]}}