{"id":3060,"date":"2022-05-25T15:58:34","date_gmt":"2022-05-25T13:58:34","guid":{"rendered":"https:\/\/www.zwienenberg-horsefeed.com\/product\/pavo-performance-pro\/"},"modified":"2025-08-21T11:06:44","modified_gmt":"2025-08-21T09:06:44","slug":"pavo-performance-pro","status":"publish","type":"product","link":"https:\/\/www.zwienenberg-horsefeed.com\/de\/product\/pavo-performance-pro\/","title":{"rendered":"Pavo Performance PRO"},"content":{"rendered":"<p><strong>\u2022 Maximale Ausdauer bei langanhaltender Belastung<\/strong><br \/>\n<strong>\u2022 Optimale Unterst\u00fctzung der Muskulatur<\/strong><\/p>\n<p>Pavo Performance PRO ist ein Silofutter f\u00fcr Sportpferde und -ponys auf h\u00f6chstem Niveau. Dieses Kraftfutter sorgt f\u00fcr maximale Ausdauer bei langanhaltender Belastung durch Energie aus gesunden Fasern und Fetten anstelle von zucker- und st\u00e4rkereichen Quellen wie Getreide. Neben der erforderlichen Energie enth\u00e4lt Pavo Performance PRO auch einen hohen Anteil an qualitativ hochwertigem Eiwei\u00df. Das nat\u00fcrliche Vitamin E und die Antioxidantien unterst\u00fctzen die Ausscheidung von Abfallstoffen in den Muskeln und helfen somit, Muskelkater vorzubeugen. Dar\u00fcber hinaus enth\u00e4lt Pavo Performance PRO Elektrolyte, die f\u00fcr die gesunde Funktionsweise der Muskeln wichtig sind. Ferner ist das Kraftfutter reich an gut verdaulichen Fasern, die eine<br \/>\nstabile Darmflora f\u00f6rdern.     <\/p>\n<p><strong>Wichtige Eigenschaften<\/strong><\/p>\n<p>\u2022 F\u00fcr ein \u00e4u\u00dferst fittes und gl\u00e4nzendes Erscheinungsbild<br \/>\n\u2022 Maximale Ausdauer bei langanhaltender Belastung<br \/>\n\u2022 Hoher Energiegehalt aus gesunden Fasern und Fetten<br \/>\n\u2022 Mit nat\u00fcrlichem Vitamin E und Antioxidantien zur Unterst\u00fctzung der Muskulatur<br \/>\n\u2022 Reich an Magnesium und Elektrolyten<br \/>\n\u2022 Mit Pr\u00e4biotika zur F\u00f6rderung einer gesunden Verdauung<br \/>\n\u2022 Erh\u00e4ltlich in 5mm und 8mm Pellets<\/p>\n<p><strong>Anwendung<\/strong><\/p>\n<p><span data-sheets-value=\"{\"1\":2,\"2\":\"\u2022 Zeer geschikt voor alle sportpaarden in alle disciplines\"}\" data-sheets-userformat=\"{\"2\":13185,\"3\":{\"1\":0},\"10\":1,\"11\":4,\"12\":0,\"15\":\"Poppins\",\"16\":10}\">\u2022 Sehr gut geeignet f\u00fcr alle Sportpferde in allen Disziplinen<\/span><\/p>\n<p><strong>F\u00fctterungsempfehlung*<\/strong><\/p>\n<p>K\u00f6rpergewicht Pferd: 600 kg<\/p>\n<p>Schwere bis sehr schwere Belastung -&gt; 2,0 &#8211; 3,0 kg \/ Tag<\/p>\n<p>K\u00f6rpergewicht Pony: 300 kg<\/p>\n<p>Schwere bis sehr schwere Belastung -&gt; 1,0 &#8211; 1,5 kg \/ Tag<\/p>\n<p>* Die genaue F\u00fctterungsempfehlung h\u00e4ngt stark von der Verf\u00fcgbarkeit und Qualit\u00e4t des Raufutters ab.<\/p>\n<p><strong>Klicken Sie hier f\u00fcr die<a href=\"https:\/\/viewer.mediafly.com\/forfarmersgroup_share\/s\/561ae11a168345d3ba063ea7de28b6de#\/document\/dc9b82680b70409890061c2c9a7832c9product1982975?c=eyJ0IjoxLCJ2IjoiZTBjMDFmYzM3ZTcxZWVlNjVjMDYwZmJiNDI0YzFhZjYifQ%3D%3D&amp;page=1&amp;parentSlug=dc9b82680b70409890061c2c9a7832c9product316643&amp;shareSlug=561ae11a168345d3ba063ea7de28b6de\"> Zusammensetzung und Inhaltsstoffe.<\/a><\/strong><\/p>\n<p><strong>Aufbewahrungshinweis<\/strong><\/p>\n<p><span data-sheets-value=\"{\"1\":2,\"2\":\"Droog en donker bewaren, maximale houdbaarheid 3 maanden. Denk met name aan omloopsnelheid in de zomermaanden (april \u2013 september).\"}\" data-sheets-userformat=\"{\"2\":13185,\"3\":{\"1\":0},\"10\":1,\"11\":4,\"12\":0,\"15\":\"Poppins\",\"16\":10}\">K\u00fchl und trocken lagern, maximale Haltbarkeit 3 Monate. Achten Sie insbesondere auf die Umschlagsh\u00e4ufigkeit in den Sommermonaten (April &#8211; September). <\/span><\/p>\n","protected":false},"excerpt":{"rendered":"<p><strong>Sportpellets f\u00fcr das h\u00f6chste Leistungsniveau<\/strong><\/p>\n","protected":false},"featured_media":2550,"template":"","meta":{"inline_featured_image":false,"site-sidebar-layout":"default","site-content-layout":"default","ast-site-content-layout":"default","site-content-style":"default","site-sidebar-style":"default","ast-global-header-display":"","ast-banner-title-visibility":"","ast-main-header-display":"","ast-hfb-above-header-display":"","ast-hfb-below-header-display":"","ast-hfb-mobile-header-display":"","site-post-title":"","ast-breadcrumbs-content":"","ast-featured-img":"","footer-sml-layout":"","theme-transparent-header-meta":"default","adv-header-id-meta":"","stick-header-meta":"","header-above-stick-meta":"","header-main-stick-meta":"","header-below-stick-meta":"","astra-migrate-meta-layouts":"default","ast-page-background-enabled":"default","ast-page-background-meta":{"desktop":{"background-color":"var(--ast-global-color-4)","background-image":"","background-repeat":"repeat","background-position":"center center","background-size":"auto","background-attachment":"scroll","background-type":"","background-media":"","overlay-type":"","overlay-color":"","overlay-opacity":"","overlay-gradient":""},"tablet":{"background-color":"","background-image":"","background-repeat":"repeat","background-position":"center center","background-size":"auto","background-attachment":"scroll","background-type":"","background-media":"","overlay-type":"","overlay-color":"","overlay-opacity":"","overlay-gradient":""},"mobile":{"background-color":"","background-image":"","background-repeat":"repeat","background-position":"center center","background-size":"auto","background-attachment":"scroll","background-type":"","background-media":"","overlay-type":"","overlay-color":"","overlay-opacity":"","overlay-gradient":""}},"ast-content-background-meta":{"desktop":{"background-color":"var(--ast-global-color-5)","background-image":"","background-repeat":"repeat","background-position":"center center","background-size":"auto","background-attachment":"scroll","background-type":"","background-media":"","overlay-type":"","overlay-color":"","overlay-opacity":"","overlay-gradient":""},"tablet":{"background-color":"var(--ast-global-color-5)","background-image":"","background-repeat":"repeat","background-position":"center center","background-size":"auto","background-attachment":"scroll","background-type":"","background-media":"","overlay-type":"","overlay-color":"","overlay-opacity":"","overlay-gradient":""},"mobile":{"background-color":"var(--ast-global-color-5)","background-image":"","background-repeat":"repeat","background-position":"center center","background-size":"auto","background-attachment":"scroll","background-type":"","background-media":"","overlay-type":"","overlay-color":"","overlay-opacity":"","overlay-gradient":""}}},"product_cat":[51],"product_tag":[],"class_list":{"0":"post-3060","1":"product","2":"type-product","3":"status-publish","4":"has-post-thumbnail","6":"product_cat-sport-de","7":"pa_hoeveelheid-54","8":"pa_hoeveelheid-55","9":"pa_hoeveelheid-56","10":"pa_hoeveelheid-57","11":"pa_hoeveelheid-58","12":"pa_leverwijze-silo","13":"pa_silo-nummer-69","14":"pa_silo-nummer-70","15":"pa_silo-nummer-71","16":"pa_silo-nummer-72","17":"wcpa_has_options","18":"desktop-align-left","19":"tablet-align-left","20":"mobile-align-left","22":"first","23":"instock","24":"shipping-taxable","25":"purchasable","26":"product-type-variable"},"_links":{"self":[{"href":"https:\/\/www.zwienenberg-horsefeed.com\/de\/wp-json\/wp\/v2\/product\/3060","targetHints":{"allow":["GET"]}}],"collection":[{"href":"https:\/\/www.zwienenberg-horsefeed.com\/de\/wp-json\/wp\/v2\/product"}],"about":[{"href":"https:\/\/www.zwienenberg-horsefeed.com\/de\/wp-json\/wp\/v2\/types\/product"}],"wp:featuredmedia":[{"embeddable":true,"href":"https:\/\/www.zwienenberg-horsefeed.com\/de\/wp-json\/wp\/v2\/media\/2550"}],"wp:attachment":[{"href":"https:\/\/www.zwienenberg-horsefeed.com\/de\/wp-json\/wp\/v2\/media?parent=3060"}],"wp:term":[{"taxonomy":"product_cat","embeddable":true,"href":"https:\/\/www.zwienenberg-horsefeed.com\/de\/wp-json\/wp\/v2\/product_cat?post=3060"},{"taxonomy":"product_tag","embeddable":true,"href":"https:\/\/www.zwienenberg-horsefeed.com\/de\/wp-json\/wp\/v2\/product_tag?post=3060"}],"curies":[{"name":"wp","href":"https:\/\/api.w.org\/{rel}","templated":true}]}}