{"id":3240,"date":"2025-11-26T13:14:54","date_gmt":"2025-11-26T12:14:54","guid":{"rendered":"https:\/\/www.zwienenberg-horsefeed.com\/?post_type=product&#038;p=3240"},"modified":"2026-04-21T11:26:35","modified_gmt":"2026-04-21T09:26:35","slug":"pavo-biotinforte-3kg","status":"publish","type":"product","link":"https:\/\/www.zwienenberg-horsefeed.com\/de\/product\/pavo-biotinforte-3kg\/","title":{"rendered":"Pavo BiotinForte 3kg"},"content":{"rendered":"<p>Pavo BiotinForte ist ein komplettes Hufzusatzfutter, das eine angemessene Menge an Biotin in Kombination mit Kupfer, Zink und anderen essentiellen Aminos\u00e4uren enth\u00e4lt. Das Verh\u00e4ltnis zwischen diesen Inhaltsstoffen ist sorgf\u00e4ltig auf eine optimale Wirkung abgestimmt. Pavo BiotinForte liefert essentielle Bausteine f\u00fcr ein gesundes Hufwachstum, was bei br\u00fcchigen Hufen, Rissen oder einer schlechten Hornqualit\u00e4t helfen kann.&#8220;<\/p>\n<p><a href=\"https:\/\/products.pavo.net\/productsheets-supplements-de\/biotinforte\"><strong>Spezifikationen \/ Zusammensetzung<\/strong><\/a><\/p>\n","protected":false},"excerpt":{"rendered":"<p>Pavo BiotinForte ist ein komplettes Hufzusatzfutter, das eine angemessene Menge an Biotin in Kombination mit Kupfer, Zink und anderen essentiellen Aminos\u00e4uren enth\u00e4lt. Das Verh\u00e4ltnis zwischen diesen Inhaltsstoffen ist sorgf\u00e4ltig auf eine optimale Wirkung abgestimmt. Pavo BiotinForte liefert essentielle Bausteine f\u00fcr ein gesundes Hufwachstum, was bei br\u00fcchigen Hufen, Rissen oder einer schlechten Hornqualit\u00e4t helfen kann.&#8220; Spezifikationen [&hellip;]<\/p>\n","protected":false},"featured_media":3239,"template":"","meta":{"inline_featured_image":false,"site-sidebar-layout":"default","site-content-layout":"","ast-site-content-layout":"default","site-content-style":"default","site-sidebar-style":"default","ast-global-header-display":"","ast-banner-title-visibility":"","ast-main-header-display":"","ast-hfb-above-header-display":"","ast-hfb-below-header-display":"","ast-hfb-mobile-header-display":"","site-post-title":"","ast-breadcrumbs-content":"","ast-featured-img":"","footer-sml-layout":"","theme-transparent-header-meta":"default","adv-header-id-meta":"","stick-header-meta":"","header-above-stick-meta":"","header-main-stick-meta":"","header-below-stick-meta":"","astra-migrate-meta-layouts":"set","ast-page-background-enabled":"default","ast-page-background-meta":{"desktop":{"background-color":"var(--ast-global-color-4)","background-image":"","background-repeat":"repeat","background-position":"center center","background-size":"auto","background-attachment":"scroll","background-type":"","background-media":"","overlay-type":"","overlay-color":"","overlay-opacity":"","overlay-gradient":""},"tablet":{"background-color":"","background-image":"","background-repeat":"repeat","background-position":"center center","background-size":"auto","background-attachment":"scroll","background-type":"","background-media":"","overlay-type":"","overlay-color":"","overlay-opacity":"","overlay-gradient":""},"mobile":{"background-color":"","background-image":"","background-repeat":"repeat","background-position":"center center","background-size":"auto","background-attachment":"scroll","background-type":"","background-media":"","overlay-type":"","overlay-color":"","overlay-opacity":"","overlay-gradient":""}},"ast-content-background-meta":{"desktop":{"background-color":"var(--ast-global-color-5)","background-image":"","background-repeat":"repeat","background-position":"center center","background-size":"auto","background-attachment":"scroll","background-type":"","background-media":"","overlay-type":"","overlay-color":"","overlay-opacity":"","overlay-gradient":""},"tablet":{"background-color":"var(--ast-global-color-5)","background-image":"","background-repeat":"repeat","background-position":"center center","background-size":"auto","background-attachment":"scroll","background-type":"","background-media":"","overlay-type":"","overlay-color":"","overlay-opacity":"","overlay-gradient":""},"mobile":{"background-color":"var(--ast-global-color-5)","background-image":"","background-repeat":"repeat","background-position":"center center","background-size":"auto","background-attachment":"scroll","background-type":"","background-media":"","overlay-type":"","overlay-color":"","overlay-opacity":"","overlay-gradient":""}}},"product_cat":[77],"product_tag":[],"class_list":{"0":"post-3240","1":"product","2":"type-product","3":"status-publish","4":"has-post-thumbnail","6":"product_cat-supplementen-de","7":"desktop-align-left","8":"tablet-align-left","9":"mobile-align-left","11":"first","12":"instock","13":"shipping-taxable","14":"purchasable","15":"product-type-simple"},"_links":{"self":[{"href":"https:\/\/www.zwienenberg-horsefeed.com\/de\/wp-json\/wp\/v2\/product\/3240","targetHints":{"allow":["GET"]}}],"collection":[{"href":"https:\/\/www.zwienenberg-horsefeed.com\/de\/wp-json\/wp\/v2\/product"}],"about":[{"href":"https:\/\/www.zwienenberg-horsefeed.com\/de\/wp-json\/wp\/v2\/types\/product"}],"wp:featuredmedia":[{"embeddable":true,"href":"https:\/\/www.zwienenberg-horsefeed.com\/de\/wp-json\/wp\/v2\/media\/3239"}],"wp:attachment":[{"href":"https:\/\/www.zwienenberg-horsefeed.com\/de\/wp-json\/wp\/v2\/media?parent=3240"}],"wp:term":[{"taxonomy":"product_cat","embeddable":true,"href":"https:\/\/www.zwienenberg-horsefeed.com\/de\/wp-json\/wp\/v2\/product_cat?post=3240"},{"taxonomy":"product_tag","embeddable":true,"href":"https:\/\/www.zwienenberg-horsefeed.com\/de\/wp-json\/wp\/v2\/product_tag?post=3240"}],"curies":[{"name":"wp","href":"https:\/\/api.w.org\/{rel}","templated":true}]}}